{"id":97,"date":"2020-09-17T17:09:49","date_gmt":"2020-09-17T17:09:49","guid":{"rendered":"https:\/\/bisognaprevenire.com\/?page_id=97"},"modified":"2022-07-04T22:35:34","modified_gmt":"2022-07-04T22:35:34","slug":"veterinary-orthopedic-manipulation","status":"publish","type":"page","link":"https:\/\/bisognaprevenire.com\/it\/chiropractic\/veterinary-orthopedic-manipulation\/","title":{"rendered":"Trattamento Ortopedico Veterinario"},"content":{"rendered":"<figure class=\"wp-block-image size-large\"><img data-recalc-dims=\"1\" loading=\"lazy\" decoding=\"async\" width=\"630\" height=\"486\" src=\"https:\/\/i0.wp.com\/bisognaprevenire.com\/wp-content\/uploads\/2020\/09\/cvcp.jpeg?resize=630%2C486&#038;ssl=1\" alt=\"\" class=\"wp-image-98\" srcset=\"https:\/\/i0.wp.com\/bisognaprevenire.com\/wp-content\/uploads\/2020\/09\/cvcp-scaled.jpeg?resize=1024%2C790&amp;ssl=1 1024w, https:\/\/i0.wp.com\/bisognaprevenire.com\/wp-content\/uploads\/2020\/09\/cvcp-scaled.jpeg?resize=300%2C231&amp;ssl=1 300w, https:\/\/i0.wp.com\/bisognaprevenire.com\/wp-content\/uploads\/2020\/09\/cvcp-scaled.jpeg?resize=768%2C592&amp;ssl=1 768w, https:\/\/i0.wp.com\/bisognaprevenire.com\/wp-content\/uploads\/2020\/09\/cvcp-scaled.jpeg?resize=1536%2C1185&amp;ssl=1 1536w, https:\/\/i0.wp.com\/bisognaprevenire.com\/wp-content\/uploads\/2020\/09\/cvcp-scaled.jpeg?resize=2048%2C1580&amp;ssl=1 2048w, https:\/\/i0.wp.com\/bisognaprevenire.com\/wp-content\/uploads\/2020\/09\/cvcp-scaled.jpeg?resize=1%2C1&amp;ssl=1 1w, https:\/\/i0.wp.com\/bisognaprevenire.com\/wp-content\/uploads\/2020\/09\/cvcp-scaled.jpeg?w=1260&amp;ssl=1 1260w, https:\/\/i0.wp.com\/bisognaprevenire.com\/wp-content\/uploads\/2020\/09\/cvcp-scaled.jpeg?w=1890&amp;ssl=1 1890w\" sizes=\"auto, (max-width: 630px) 100vw, 630px\" \/><\/figure>\n\n\n\n<h1 class=\"wp-block-heading\">Cos'\u00e8 VOM \u2122?<\/h1>\n\n\n\n<p>La manipolazione ortopedica veterinaria \u00e8 una tecnologia di guarigione che individua le aree del sistema nervoso dell'animale che sono cadute fuori comunicazione e ristabilisce la comunicazione neuronale e quindi induce la guarigione.<\/p>\n\n\n\n<p>VOM \u00e8 singolarmente la modalit\u00e0 di guarigione pi\u00f9 semplice, efficace e sicura nelle cure veterinarie fino ad oggi. Per il professionista VOM \u00e8 una tecnologia squisitamente oggettiva, veloce e facile da applicare che richiede un minimo di tempo per padroneggiarla e il cui ambito di applicazione sembra non essere ancora pienamente apprezzato.<\/p>\n\n\n\n<h1 class=\"wp-block-heading\">\u00c8 la cura chiropratica di manipolazione ortopedica veterinaria?<\/h1>\n\n\n\n<p>No!<br>VOM esiste tra la medicina veterinaria e la cura chiropratica. Ha somiglianze con alcune delle modalit\u00e0 e delle funzioni chiropratiche ripristinando la funzione riducendo le \"sublussazioni\" come si fa nella cura chiropratica. Utilizza un dispositivo portatile che viene utilizzato in una popolare tecnica chiropratica umana chiamata \"Metodi attivatori\", ma non deve essere confuso con quella tecnica. Le differenze tra VOM e cure chiropratiche sono significative e distinte.<\/p>\n\n\n\n<p>VOM esiste in una zona grigia tra le due professioni (veterinaria e chiropratica) e beneficia degli aspetti positivi di entrambe, un ibrido e quindi pi\u00f9 efficace di entrambe da sole.<\/p>\n\n\n\n<p>VOM non \u00e8 cura chiropratica animale e quindi non viene insegnata dall'American Veterinary Chiropractic Association (AVCA). VOM non \u00e8 riconosciuto dall'AVCA, (l'AVCA non riconosce nulla che non insegna).<\/p>\n\n\n\n<p>L'American Veterinary Medical Association (AVMA) non riconosce la cura chiropratica veterinaria o l'AVCA per ora.<\/p>\n\n\n\n<p>Il VOM \u00e8 formalmente riconosciuto nello Stato di Washington, dall'Associazione medica veterinaria olistica americana, dall'Associazione degli addestratori di cani da compagnia, dall'Associazione medica veterinaria del Maine e dai Club dei pastori tedeschi d'America, per citarne alcuni.<\/p>\n\n\n\n<h1 class=\"wp-block-heading\">Storia, origine e sviluppo di VOM<\/h1>\n\n\n\n<p>VOM \u00e8 stato sviluppato da Wm. L. Inman BS, BS, DVM, CVCP, a Seattle WA, nella pratica clinica del Dr. Inman dal luglio 1982 al 1996, momento in cui la sua licenza \u00e8 stata sospesa per cinque anni. Nel 2002 la sospensione \u00e8 scaduta ma non ha chiesto la reintegrazione. Attualmente non possiede una licenza per esercitare in nessuna giurisdizione e limita i suoi sforzi in questo campo al solo insegnamento.<\/p>\n\n\n\n<p>Prima che il dottor Inman iniziasse a utilizzare queste tecniche non invasive, era un esperto chirurgo veterinario e un professionista clinico.<\/p>\n\n\n\n<p>La sua esitazione per VOM dalla chirurgia riflette la sua frustrazione in soluzioni chirurgiche inefficaci a problemi medici veterinari comuni.<\/p>\n\n\n\n<p>VOM \u00e8 stato sviluppato nel vuoto, il che significa che \u00e8 stato sviluppato con un approccio per tentativi ed errori in un contesto clinico senza input da altre fonti. Dr. Wm. Inman \u00e8 stata l'unica fonte della tecnologia VOM.<\/p>\n\n\n\n<p>Il corpo della tecnologia VOM \u00e8 il culmine delle informazioni raccolte da oltre 35.000 pazienti trattati per malattie cliniche.<\/p>\n\n\n\n<p>Il Dr. Inman ha insegnato a pi\u00f9 di 6700 professionisti negli Stati Uniti in una serie di seminari che viene presentata in quattro moduli.<\/p>\n\n\n\n<p>A differenza della certificazione e dell'istruzione AVCA che richiedono 150 ore e cinque moduli per essere completati, un chiropratico veterinario (VCP) pu\u00f2 applicare adeguatamente VOM dopo un seminario \"VOM Small Animal Module One\" frequentato nella sua citt\u00e0 natale in un fine settimana.<\/p>\n\n\n\n<p>Questo purtroppo genera alcune critiche da parte dei laureati AVCA la cui formazione eccellente ed estesa \u00e8 in qualche modo ridotta dalla semplicit\u00e0 e accuratezza di VOM.<\/p>\n\n\n\n<h1 class=\"wp-block-heading\">Perch\u00e9 VOM \u00e8 cos\u00ec preciso?<\/h1>\n\n\n\n<p>Perch\u00e9 VOM trova e riduce tutte le sublussazioni neuronali. Tutte le sublussazioni neuronali hanno un riflesso patologico dimostrabilmente associato ad esse. Un riflesso patologico \u00e8 come una risposta istintiva. O c'\u00e8 o non c'\u00e8. \u00c8 un mezzo oggettivo per determinare la presenza e la riduzione della sublussazione neuronale.<\/p>\n\n\n\n<p>La lettura patologica non \u00e8 \"parzialmente l\u00ec\", \"quasi l\u00ec\" o \"quasi l\u00ec\", aggiungendo un fattore di soggettivit\u00e0 all'interpretazione.<br>VOM \u00e8 una scienza precisamente oggettiva.<\/p>\n\n\n\n<h1 class=\"wp-block-heading\">\"Elenchi\" chiropratici e \"Letture patologiche\" VOM \u2122<\/h1>\n\n\n\n<p>Tutte le tecniche chiropratiche (veterinarie e umane) si basano sull '\"elenco\" chiropratico per determinare la presenza di una sublussazione.<\/p>\n\n\n\n<p>Attraverso la palpazione manuale un chiropratico veterinario competente il cui paziente \u00e8 collaborativo e rilassato pu\u00f2 scoprire una prominenza ossea fuori posto o un muscolo teso e tenero.<\/p>\n\n\n\n<p>Questo \u00e8 un listing chiropratico, un segno anatomico di sublussazione e quasi sempre \u00e8 indicativo di una sindrome da sublussazione neuronale.<\/p>\n\n\n\n<p>Purtroppo solo il 40% di tutte le sublussazioni neuronali produce segni di sublussazione anatomica palpabili. Ci\u00f2 significa che oltre la met\u00e0 di tutte le sublussazioni dell'animale verr\u00e0 trascurata se gli elenchi anatomici vengono utilizzati come mezzo per scoprirli.<\/p>\n\n\n\n<p>La buona notizia \u00e8 che tutte le sublussazioni neuronali producono \"letture patologiche\", e tutte queste letture sono ovvie e facili da scoprire e ridurre.<\/p>\n\n\n\n<p>L'obiettivo di un adattamento in un animale \u00e8 che tutte le sublussazioni vertebrali in quell'animale siano ridotte. La riduzione della sublussazione basata su elenchi anatomici otterr\u00e0 circa la met\u00e0 delle sublussazioni neurologiche totali presenti nell'animale.<\/p>\n\n\n\n<p>La riduzione della sublussazione basata su letture patologiche li otterr\u00e0 tutti e verificher\u00e0 che siano stati ridotti. Veloce, facile, efficace.<\/p>\n\n\n\n<h1 class=\"wp-block-heading\">Come funziona<\/h1>\n\n\n\n<p>Tutte le modalit\u00e0 chiropratiche hanno una cosa in comune in quanto tutte riducono il complesso di sublussazione vertebrale fornendo movimento o forza all'articolazione fissata o sublussata.<\/p>\n\n\n\n<p>Spinale o lesione = Sindrome da sublussazione neuronale = Lettura patologica<\/p>\n\n\n\n<p>Sublussazione neuronale + Movimento (forza) = Sublussazione ridotta<\/p>\n\n\n\n<p>Quindi, se muovi un'articolazione associata a un segno di sublussazione neuronale, (una lettura patologica), riduci la sublussazione. \u00c8 cos\u00ec semplice. Tutti i vari tipi di tecniche chiropratiche hanno in comune questo movimento o forza nell'articolazione sublussata.<\/p>\n\n\n\n<p>VOM eroga la sua forza con un dispositivo portatile chiamato accelerometro spinale. Sembra un po 'come un fermaporta a molla.<\/p>\n\n\n\n<p>Il tuo professionista VOM ha ampi riferimenti che coprono la ricerca che indaga i principi descritti sopra e pu\u00f2 fornirli su richiesta. Questi riferimenti sono pieni di riviste di chiropratica.<\/p>\n\n\n\n<h1 class=\"wp-block-heading\">VOM \u00e8 una versione animale dei metodi attivatori, una tecnologia chiropratica umana che utilizza il dispositivo portatile?<\/h1>\n\n\n\n<p>No.<br>I metodi attivatori sviluppati da Arlan Fuhr D.C. utilizzano l'accelerometro spinale e si basano esclusivamente su elenchi dimostrati dai controlli della lunghezza delle gambe, che sono segni di sublussazione anatomica.<\/p>\n\n\n\n<h1 class=\"wp-block-heading\">Cosa fa il dispositivo portatile al mio animale domestico?<\/h1>\n\n\n\n<p>Riduce le sublussazioni presenti nelle articolazioni del tuo animale domestico. Non pu\u00f2 creare una sublussazione nel tuo animale domestico. Pu\u00f2 solo accendere gli interruttori neuronali che sono spenti. Non pu\u00f2 spegnere un interruttore.<\/p>\n\n\n\n<p>Offre un movimento molto accurato e preciso ad aree specifiche della colonna vertebrale dell'animale e se \u00e8 presente una sublussazione pu\u00f2 rilevarla e ridurla rapidamente e senza dolore o lesioni. Pu\u00f2 confermare che la sublussazione neuronale \u00e8 ridotta anche se non \u00e8 associata a un listing anatomico.<\/p>\n\n\n\n<h1 class=\"wp-block-heading\">Il dispositivo e il VOM possono danneggiare il mio animale domestico?<\/h1>\n\n\n\n<p>No.<br>La bellezza della tecnologia VOM \u00e8 che fornisce l'esatta quantit\u00e0 di forza all'articolazione sublussata necessaria per ridurre la sublussazione senza dover indurre molto movimento.<\/p>\n\n\n\n<p>\u00c8 il movimento che pu\u00f2 potenzialmente ferire l'animale, la torsione, la torsione, il movimento di massa ecc. Inerenti alle tecniche di regolazione manuale.<\/p>\n\n\n\n<p>Il dispositivo scambia il movimento con la velocit\u00e0 per mantenere la forza necessaria per ridurre la sublussazione attraverso la Seconda Legge del Moto di Newton (FORZA = MASSA X ACCELERAZIONE).<\/p>\n\n\n\n<p>In oltre 35.000 adattamenti di animali, inclusi animali con fratture, tumori e malattie spinali acute, devo ancora ferire un animale domestico con l'accelerometro. (Nota: a volte le regolazioni possono causare un leggero dolore o disagio ma non producono abbastanza movimento da causare lesioni).<\/p>\n\n\n\n<h1 class=\"wp-block-heading\">Perch\u00e9 non usare le mani come altri chiropratici veterinari?<\/h1>\n\n\n\n<p>Perch\u00e9 le nostre mani sono troppo lente. Il pi\u00f9 veloce un eccellente chiropratico veterinario pu\u00f2 muovere un'articolazione in condizioni ottimali e la collaborazione del paziente \u00e8 di 80 millisecondi.<\/p>\n\n\n\n<p>La naturale resistenza riflessiva dell'animale alla regolazione \u00e8 di 20 millisecondi o 4 volte pi\u00f9 veloce. Ci\u00f2 dimostra la necessit\u00e0 di rilassamento e cooperazione del paziente ed \u00e8 il motivo per cui tecniche eccellenti sono indispensabili per il successo utilizzando la regolazione manuale.<\/p>\n\n\n\n<p>Al contrario, il dispositivo spara a una velocit\u00e0 di 2-4 millisecondi, che \u00e8 5-10 volte pi\u00f9 veloce della capacit\u00e0 degli animali di resistere alla regolazione. Il paziente \u00e8 sempre adattato, ogni volta, sempre, che lo voglia o no, in qualsiasi posizione, atteggiamento o umore.<\/p>\n\n\n\n<p>Nella mia esperienza solo il 50% degli animali domestici collaborer\u00e0 completamente con gli aggiustamenti chiropratici manuali.<\/p>\n\n\n\n<p>Tutti possono essere regolati utilizzando la tecnologia VOM.<\/p>\n\n\n\n<h1 class=\"wp-block-heading\">Perch\u00e9 VOM ha cos\u00ec tanto successo<\/h1>\n\n\n\n<p>Perch\u00e9 individua tutte le sublussazioni neuronali presenti nell'animale indipendentemente dalla presenza di elenchi clinici e le riduce e conferma la loro riduzione.<\/p>\n\n\n\n<p>Inerente alla tecnologia VOM \u00e8 un protocollo di riprogrammazione integrato che inserisce il paziente in un intervallo di riadattamento autoregolante. Ancora una volta, una scienza semplice e oggettiva.<\/p>\n\n\n\n<h1 class=\"wp-block-heading\">Come pu\u00f2 essere cos\u00ec facile VOM?<\/h1>\n\n\n\n<p>Perch\u00e8 no? Chi dice che una modalit\u00e0 di guarigione debba essere complicata, difficile e costosa? Chi dice che dovrebbero volerci centinaia di ore per imparare e perfezionarsi?<\/p>\n\n\n\n<p>Una tecnica che va alla radice del problema, una tecnica semplice che fa affidamento sull'innata capacit\u00e0 dell'animale di guarire se stesso, una che ristabilisce la comunicazione con la capacit\u00e0 dell'animale di guarire se stesso, sar\u00e0 facile, potente ed efficace.<\/p>\n\n\n\n<h1 class=\"wp-block-heading\">Il VOM \u00e8 efficace sui cavalli?<\/h1>\n\n\n\n<p>Scommetti! Tutte le letture che vediamo nel cane e nel gatto sono ingrandite nel cavallo. Le aree solitamente prive di sublussazioni nelle zone delle spalle di cani e gatti sono punti caldi nell'equino.<\/p>\n\n\n\n<p>Molti dei chiropratici veterinari formati da AVCA che hanno partecipato al seminario VOM sceglieranno di utilizzare il dispositivo per individuare tutte le sublussazioni e quindi procedere alla regolazione manuale del cavallo utilizzando le tecniche AVCA.<\/p>\n\n\n\n<h1 class=\"wp-block-heading\">Perch\u00e9 non ho mai sentito parlare di questa tecnica?<\/h1>\n\n\n\n<p>Perch\u00e9 funziona!<br>All'inizio potrebbe non avere senso, ma considera questo: se la tecnologia VOM fa quello che sembra, rende obsolete molte tecniche, interventi chirurgici e farmaci.<\/p>\n\n\n\n<p>I professionisti che forniscono tali tecniche, interventi chirurgici e farmaci saranno messi in pericolo accademico e finanziario. Queste sono le persone che controllano le pubblicazioni sul campo e controllano licenze e applicazioni. Ovvero politica.<br>Cosa pu\u00f2 trattare il VOM?<br>Vengono trattate di routine condizioni come:<br>1. Zoppia acuta e non acuta<br>2. Zoppia progressiva<br>3. Sindromi simili alla displasia dell'anca<br>4. Malattia del disco IV<br>5. Mielopatie progressive, (in basso nei cani posteriori)<br>6. Incontinenza urinaria e fecale<br>7. Zoppia unilaterale<br>8. Malattia di Wobbler<br>9. Malattie del ginocchio<br>10. Malattia esofagea<br>11. Aumento o diminuzione della malattia della mobilit\u00e0 gastrointestinale<br>12. Disturbi digestivi<br>13. Problemi di prestazioni<br>14. Problemi comportamentali<br>15. Disfunzione dell'agilit\u00e0<br>16. Malattia endocrina<br>17. Molti altri<\/p>\n\n\n\n<h1 class=\"wp-block-heading\">Cosa accadr\u00e0 al mio animale domestico?<\/h1>\n\n\n\n<p>1. Il chiropratico veterinario eseguir\u00e0 un \"passaggio diagnostico\" che lo prevede di far scorrere il dispositivo lungo la spina dorsale dell'animale alla ricerca di letture patologiche indicative di sublussazioni. Le sublussazioni trovate verranno registrate.<\/p>\n\n\n\n<p>2. Se si riscontrano sublussazioni significative e corrispondono alla malattia clinica presentata, sar\u00e0 raccomandato un ciclo di trattamento VOM.<\/p>\n\n\n\n<p>3. Pu\u00f2 essere generata una stima e altre procedure possono essere raccomandate e citate come analisi del sangue, radiografie e altri test diagnostici.<\/p>\n\n\n\n<p>4. Verr\u00e0 eseguito un secondo passaggio VOM (passaggio terapeutico) e verranno annotate le modifiche allo schema di lettura. Il tuo animale domestico potrebbe gi\u00e0 mostrare segni di miglioramento.<\/p>\n\n\n\n<p>5. Di solito viene eseguito un terzo passaggio VOM (secondo passaggio terapeutico) e i dati valutati. La maggior parte, se non tutte, le letture possono essere ridotte a questo punto.<\/p>\n\n\n\n<p>6. Il tuo animale domestico pu\u00f2 quindi essere rimandato a casa o essere osservato durante la notte dal medico a seconda della natura del caso.<\/p>\n\n\n\n<p>7. Al momento del rilascio verr\u00e0 fissato un appuntamento per il rientro per il riadattamento e verranno fornite istruzioni post-aggiustamento sull'attivit\u00e0 e sul potenziale disagio quella sera.<\/p>\n\n\n\n<p>8. Alcuni medicinali possono essere dispensati a seconda del medico e della natura del caso.<\/p>\n\n\n\n<p>9. Potrebbe essere necessaria una serie di 3-5 regolazioni per raggiungere un punto in cui non si trovano letture, nel qual caso il pattern di sublussazione \u00e8 \"curato\".<\/p>\n\n\n\n<p>10. I controlli di manutenzione possono essere raccomandati ogni 4-6 mesi per controllare il ripetersi.<\/p>\n\n\n\n<h1 class=\"wp-block-heading\">Cosa dovrei aspettarmi dai risultati dei trattamenti VOM<\/h1>\n\n\n\n<p>Potresti vedere una risposta mentre il tuo animale domestico \u00e8 sul lettino. Pu\u00f2 essere cos\u00ec veloce. Un VPC esperto potrebbe aver trattato casi in cui gli animali non hanno camminato per settimane o addirittura sono stati dati per morti. Con una spinta di regolazione, l'animale si alza e cammina per la stanza dell'esame.<\/p>\n\n\n\n<p>Il caso medio vedr\u00e0 una sorta di risposta positiva entro la prima settimana e comunemente il reclamo clinico in entrata sar\u00e0 eliminato entro i primi tre aggiustamenti, dando al cliente la falsa sicurezza che il caso sia stato completato.<\/p>\n\n\n\n<p>I casi che non mostrano risposta entro 1 mese potrebbero non risolversi verso una soluzione soddisfacente. I casi che hanno avuto paralisi o mancanza di funzionalit\u00e0 per anni o mesi potrebbero non rispondere bene al VOM, tuttavia, non si sa finch\u00e9 non si prova.<\/p>\n\n\n\n<h1 class=\"wp-block-heading\">Perch\u00e9 devo tornare?<\/h1>\n\n\n\n<p>Il corpo si \u00e8 abituato a funzionare in una sorta di stato di fuori comunicazione e il sistema nervoso ha generato un adattamento nervoso che consente un livello di funzionalit\u00e0 marginale. Il corpo sviluppa una pseudo-memoria di come si \u00e8 \"adattato\".<\/p>\n\n\n\n<p>Quando il corpo viene reintrodotto per funzionare correttamente, quel sistema vince per un periodo di tempo fino a quando la fastidiosa pseudo-memoria dell'adattamento neuronale si riesprime di nuovo sul corpo e il corpo scivola \"fuori regolazione\".<\/p>\n\n\n\n<p>Il riadattamento sistematico su un programma succinto poi alla fine vince sulla memoria pseudo-adattativa e non sono necessari ulteriori aggiustamenti.<\/p>\n\n\n\n<h1 class=\"wp-block-heading\">Fallimenti terapeutici<\/h1>\n\n\n\n<p>I fallimenti del trattamento si dividono in due categorie:<br>1. Il danno neurologico \u00e8 esteso, significativo e permanente (lesioni troppo gravi per troppo tempo)<\/p>\n\n\n\n<p>2. Programma di trattamento VOM non rispettato (causa pi\u00f9 comune di fallimento VOM e pi\u00f9 facile da prevenire)<\/p>\n\n\n\n<h1 class=\"wp-block-heading\">Quanto coster\u00e0?<\/h1>\n\n\n\n<p>Il tuo medico generer\u00e0 una stima per te inclusi i costi previsti e far\u00e0 stime sulla prognosi e sulle percentuali di successo.<\/p>\n\n\n\n<p><\/p>","protected":false},"excerpt":{"rendered":"<p>What is VOM\u2122? Veterinary Orthopedic Manipulation is a healing technology that locates areas of the animal\u2019s nervous system that has fallen out of communication, and re-establishes neuronal communication and thus induces healing. VOM is singularly the most simple, effective and safe healing modality in veterinary care to date. For the VOM practitioner it is an [&hellip;]<\/p>\n","protected":false},"author":1,"featured_media":0,"parent":72,"menu_order":0,"comment_status":"closed","ping_status":"closed","template":"template-appointment-sidebar-right.php","meta":{"nf_dc_page":"","_mbp_gutenberg_autopost":false,"footnotes":""},"class_list":["post-97","page","type-page","status-publish","hentry"],"jetpack_sharing_enabled":true,"jetpack_likes_enabled":true,"_links":{"self":[{"href":"https:\/\/bisognaprevenire.com\/it\/wp-json\/wp\/v2\/pages\/97","targetHints":{"allow":["GET"]}}],"collection":[{"href":"https:\/\/bisognaprevenire.com\/it\/wp-json\/wp\/v2\/pages"}],"about":[{"href":"https:\/\/bisognaprevenire.com\/it\/wp-json\/wp\/v2\/types\/page"}],"author":[{"embeddable":true,"href":"https:\/\/bisognaprevenire.com\/it\/wp-json\/wp\/v2\/users\/1"}],"replies":[{"embeddable":true,"href":"https:\/\/bisognaprevenire.com\/it\/wp-json\/wp\/v2\/comments?post=97"}],"version-history":[{"count":1,"href":"https:\/\/bisognaprevenire.com\/it\/wp-json\/wp\/v2\/pages\/97\/revisions"}],"predecessor-version":[{"id":99,"href":"https:\/\/bisognaprevenire.com\/it\/wp-json\/wp\/v2\/pages\/97\/revisions\/99"}],"up":[{"embeddable":true,"href":"https:\/\/bisognaprevenire.com\/it\/wp-json\/wp\/v2\/pages\/72"}],"wp:attachment":[{"href":"https:\/\/bisognaprevenire.com\/it\/wp-json\/wp\/v2\/media?parent=97"}],"curies":[{"name":"wp","href":"https:\/\/api.w.org\/{rel}","templated":true}]}}