{"id":86,"date":"2020-09-17T16:34:44","date_gmt":"2020-09-17T16:34:44","guid":{"rendered":"https:\/\/bisognaprevenire.com\/?page_id=86"},"modified":"2026-02-09T13:57:24","modified_gmt":"2026-02-09T12:57:24","slug":"arthritis","status":"publish","type":"page","link":"https:\/\/bisognaprevenire.com\/it\/chiropractic\/arthritis\/","title":{"rendered":"Artrite"},"content":{"rendered":"<figure class=\"wp-block-image size-full is-resized\"><img data-recalc-dims=\"1\" loading=\"lazy\" decoding=\"async\" width=\"630\" height=\"630\" src=\"https:\/\/i0.wp.com\/bisognaprevenire.com\/wp-content\/uploads\/2026\/02\/artrite-sintomi.jpg?resize=630%2C630&#038;ssl=1\" alt=\"\" class=\"wp-image-767\" style=\"width:454px;height:auto\" srcset=\"https:\/\/i0.wp.com\/bisognaprevenire.com\/wp-content\/uploads\/2026\/02\/artrite-sintomi.jpg?w=1000&amp;ssl=1 1000w, https:\/\/i0.wp.com\/bisognaprevenire.com\/wp-content\/uploads\/2026\/02\/artrite-sintomi.jpg?resize=300%2C300&amp;ssl=1 300w, https:\/\/i0.wp.com\/bisognaprevenire.com\/wp-content\/uploads\/2026\/02\/artrite-sintomi.jpg?resize=150%2C150&amp;ssl=1 150w, https:\/\/i0.wp.com\/bisognaprevenire.com\/wp-content\/uploads\/2026\/02\/artrite-sintomi.jpg?resize=768%2C768&amp;ssl=1 768w, https:\/\/i0.wp.com\/bisognaprevenire.com\/wp-content\/uploads\/2026\/02\/artrite-sintomi.jpg?resize=12%2C12&amp;ssl=1 12w\" sizes=\"auto, (max-width: 630px) 100vw, 630px\" \/><\/figure>\n\n\n\n<p class=\"\">il vero male dell'artrite \u00e8 che il peggioramento della qualit\u00e0 di vita a causato del dolore artritico (incapacit\u00e0 di tenere in braccio i nostri nipoti, di ballare con il nostro partner preferito, di partecipare ad un evento sportivo e di altre cento \"disabilit\u00e0 minori\") viene accettato dalla vittima come una \"conseguenza naturale dell'invecchiamento\".<\/p>\n\n\n\n<p class=\"\">Nonostante la maggior parte dei fattori che trascinano lentamente la persona verso il fondo possano essere prevenuti, quasi sempre la gravit\u00e0 della malattia \u2018vince\u2019 (prende il sopravvento).<\/p>\n\n\n\n<p class=\"\">Conosciamo tutti 80enni che sono in gran forma e 65enni che dimostrano 85 anni.<br><br>Sfortunatamente, alla vittima non informata dell'artrite viene detto di prendere le pillole e \"rallentare\". Quando le pillole smettono di controllare il dolore, \"rallentano\" ancora di pi\u00f9. Alla fine, nel tentativo di \"scappare dal dolore\" la loro vita \u00e8 diventata l'ombra di se stessa e il paziente siede nel loro piccolo angolo tranquillo del mondo \"rassegnato all'inevitabile\".<\/p>\n\n\n\n<p class=\"\">Non deve essere cos\u00ec! \u00c8 possibile gestire l'artrite in un modo che migliorer\u00e0 la qualit\u00e0 della vita per chi soffre di questa patologia a passi da gigante.<\/p>\n\n\n\n<p class=\"\">Per saperne di pi\u00f9 sull'artrite in generale, continua a leggere!<\/p>\n\n\n\n<p class=\"\">Il termine \"artrite\" \u00e8 molto generico. Esistono molte forme di artrite. La forma pi\u00f9 comune (di gran lunga) \u00e8 \"osteoartrite\" o malattia articolare degenerativa (DJD). Il DJD \u00e8 causato da articolazioni usurate.<\/p>\n\n\n\n<p class=\"\">Il tuo corpo \u00e8 una macchina molto sofisticata, progettata per durare molti anni. Proprio come qualsiasi altro sistema meccanico, alcune parti (specialmente quelle sollecitate dalla gravit\u00e0) si usurano prima di altre. L'artrite degenerativa inizia quasi sempre con una disfunzione articolare, che di solito \u00e8 presente molto prima che compaia il dolore. Nel momento in cui c'\u00e8 dolore, le articolazioni coinvolte hanno gi\u00e0 subito un danno permanente.<\/p>\n\n\n\n<p class=\"\"><strong>Quanti anni ha la tua colonna vertebrale?<\/strong><\/p>\n\n\n\n<p class=\"\">La tua colonna vertebrale potrebbe essere \"pi\u00f9 vecchia\" di te. A seconda di come usi o abusi della colonna vertebrale, quali incidenti, lesioni, condizioni mediche, ecc. Hai avuto, parti della colonna vertebrale potrebbero consumarsi pi\u00f9 velocemente del resto del tuo corpo. I fattori che pi\u00f9 spesso portano a cambiamenti artritici degenerativi precoci includono traumi importanti (come incidenti automobilistici, cadute e altre lesioni), \"micro-traumi\" (seduti o in piedi prolungati per anni, posture del sonno scorrette, sollevamenti ripetitivi, ecc.), problemi congeniti (come ossa malformate nella colonna vertebrale che provocano una funzione articolare anormale), peso corporeo eccessivo e altri.<\/p>\n\n\n\n<p class=\"\"><strong>L'artrite degenerativa \u00e8 permanente?<\/strong><\/p>\n\n\n\n<p class=\"\">Se un'articolazione \u00e8 stata disfunzionale per un breve periodo, un corretto ripristino della funzione pu\u00f2 prevenire cambiamenti degenerativi permanenti. Tuttavia, una volta che i dischi della colonna vertebrale hanno iniziato ad assottigliarsi e gli speroni ossei hanno iniziato a formarsi, questi cambiamenti diventano permanenti. I dischi si assottigliano e gli speroni ossei si ingrandiscono nel tempo. Altre articolazioni vicine devono \"lavorare di pi\u00f9\" a causa della perdita di funzionalit\u00e0 delle articolazioni colpite. Con il progredire della malattia, anche queste articolazioni vicine iniziano a sviluppare cambiamenti degenerativi. Non \u00e8 raro vedere alterazioni artritiche degenerative in diverse articolazioni adiacenti della colonna vertebrale.<\/p>\n\n\n\n<p class=\"\">\u00c8 importante notare che si pu\u00f2 avere una disfunzione articolare abbastanza avanzata con alterazioni degenerative presenti e ancora non provare dolore. Un forte dolore artritico di solito si verifica quando uno sperone osseo diventa abbastanza grande da irritare un nervo spinale (come nel caso della sciatica) o quando un disco degenerante si gonfia al punto che il disco entra in contatto con un nervo (come nel caso di un \"ernia del disco\").<\/p>\n\n\n\n<p class=\"\">Le persone che presentano  dei cambiamenti degenerativi sono a rischio, come un incidente che sta per accadere. A volte anche cause banali, come starnutire o \"esagerare\" solo un po ', o scendere da un marciapiede in modo sbagliato, possono procurare alla colonna vertebrale artritica  episodi di forte dolore, a volte anche per il resto della propria vita.<\/p>\n\n\n\n<p class=\"\"><strong>Cosa si pu\u00f2 fare per la malattia degenerativa delle articolazioni?<\/strong><\/p>\n\n\n\n<p class=\"\">Se \u00e8 presente un grosso sperone osseo che irrita un nervo o se un'ernia del disco esercita pressione su un nervo, la chirurgia spinale pu\u00f2 essere l'unica opzione. Altri approcci medici tradizionali includono iniezioni spinali con steroidi e antidolorifici.<\/p>\n\n\n\n<p class=\"\">Ricorda che la causa della degenerazione del disco e della formazione di sperone osseo \u00e8 la disfunzione articolare. L'approccio chiropratico alla gestione dell'artrite degenerativa implica il ripristino della maggiore funzionalit\u00e0 possibile della colonna vertebrale. Non possiamo far andare via gli speroni ossei e non possiamo far ricrescere i dischi. Nessuno pu\u00f2. Ma l'approccio chiropratico naturale alla gestione della malattia degenerativa delle articolazioni ha una comprovata efficacia quando si tratta di raggiungere questi tre obiettivi:<br>1) Diminuisce o elimina il dolore<br>2) Restore function of the spine (flexibility, range of motion, etc.)<br>3) Rallenta o ferma il processo degenerativo.<br><br><strong>Il trattamento chiropratico dell'artrite<\/strong><\/p>\n\n\n\n<p class=\"\">Un corretta trattamento dell'artrite degenerativa consiste nell'applicazione di un'adeguata terapia fisica in abbinamento con l'adeguamento chiropratico della colonna vertebrale. Esistono diverse tecniche di regolazione che possono essere utilizzate in sicurezza, a seconda dell'et\u00e0, del tipo di corpo, ecc.<br><br>\u00c8 importante che i pazienti artritici siano coinvolti nelle procedure di auto-cura domiciliare. Questi variano da persona a persona, ma potrebbero includere stretching, applicazione di calore o ghiaccio, trazione a casa, ecc. Il paziente deve essere informato dei fattori di rischio che potrebbero causare sintomi dolorosi, in modo che possano essere evitati. Anche una corretta alimentazione \u00e8 da considerarsi importante.<\/p>\n\n\n\n<p class=\"\">\u00c8 anche molto importante ricordare che ci vogliono molti anni, a volte diversi decenni, perch\u00e9 l'artrite degenerativa logori la colonna vertebrale. Ci vuole tempo (e pazienza) per ripristinare la salute, una volta che \u00e8 stata persa a causa dell'artrite.<\/p>\n\n\n\n<p class=\"\"><strong>Cosa succede se non ricevo le cure di cui ho bisogno?<\/strong><\/p>\n\n\n\n<p class=\"\">Ci sono molti farmaci che si possono prendere per coprire il dolore \"finch\u00e9 non scompare\". Il dolore pu\u00f2 scomparire, ma a meno che la funzione delle articolazioni che causano il dolore non sia migliorata, la causa del problema rimane. Esiste un'alta probabilit\u00e0 (stimata da alcuni studi come superiore al 90%) che le articolazioni disfunzionali continueranno a degenerare, provocando dolore debilitante e perdita di funzionalit\u00e0 paralizzante pi\u00f9 avanti nella vita.<\/p>\n\n\n\n<p class=\"\"><strong>Come capire se hai l'artrite?<\/strong><\/p>\n\n\n\n<p class=\"\">Ci sono otto test che si possono applicare per determinare se si ha l'artrite:<\/p>\n\n\n\n<ol class=\"wp-block-list\">\n<li class=\"\">Does exercise cause greater ache in your joints?\u00a0 This is one of first signs of the beginning of arthritis.<\/li>\n\n\n\n<li class=\"\">Do you have stiffness in your joints when you get up in the morning, and the stiffness goes away after about a half hour.\u00a0 This, too, is an early sign of arthritis.<\/li>\n\n\n\n<li class=\"\">Gently exercise the affected joint over its complete range of motion.\u00a0 Does the joint creak or cause pain when you bend it to its normal limits?\u00a0 This is another sign of arthritis.<\/li>\n\n\n\n<li class=\"\">Check the skin over the affected joint.\u00a0 Is it pulled tight?\u00a0 Is it shiny.\u00a0 These symptoms suggest the swelling that is caused either by osteoarthritis, or rheumatoid arthritis.<\/li>\n\n\n\n<li class=\"\">Are the joints hot, or are they cold?\u00a0 If hot, you may be suffering from rheumatoid arthritis.\u00a0 If cold, it may be osteoarthritis.<\/li>\n\n\n\n<li class=\"\">When you experience joint pain, is there swelling, or do you have a fever?\u00a0 If so, you may have either rheumatoid arthritis, or else a joint infection.<\/li>\n\n\n\n<li class=\"\">Do your joints crackle when they&#8217;re moved, or feel &#8220;gritty&#8221;?\u00a0 This is a symptom of osteoarthritis.\u00a0 The crackling sound is caused by irritated cartilage and bones rubbing together, making a grating sound.<\/li>\n\n\n\n<li class=\"\">Are the affected joints symmetrically located?\u00a0 That is, if the joints in the first finger of each hand are in pain, you may have rheumatoid arthritis.<\/li>\n<\/ol>\n\n\n\n<p class=\"\">Visita il nostro ufficio per consigli e possibili cure se sospetti di avere l'artrite.<\/p>","protected":false},"excerpt":{"rendered":"<p>The real shame about arthritis is that the terrible loss in quality of life as a result of arthritis pain (inability to hold our grandchildren, to dance with our favorite partner, to enjoy attending a sporting event, and a hundred other \u201cminor disabilities\u201d) is accepted by the victim as a\u201d natural consequence of aging\u201d. While [&hellip;]<\/p>\n","protected":false},"author":1,"featured_media":87,"parent":72,"menu_order":0,"comment_status":"closed","ping_status":"closed","template":"","meta":{"nf_dc_page":"","_mbp_gutenberg_autopost":false,"footnotes":""},"class_list":["post-86","page","type-page","status-publish","has-post-thumbnail","hentry"],"jetpack_sharing_enabled":true,"jetpack_likes_enabled":true,"_links":{"self":[{"href":"https:\/\/bisognaprevenire.com\/it\/wp-json\/wp\/v2\/pages\/86","targetHints":{"allow":["GET"]}}],"collection":[{"href":"https:\/\/bisognaprevenire.com\/it\/wp-json\/wp\/v2\/pages"}],"about":[{"href":"https:\/\/bisognaprevenire.com\/it\/wp-json\/wp\/v2\/types\/page"}],"author":[{"embeddable":true,"href":"https:\/\/bisognaprevenire.com\/it\/wp-json\/wp\/v2\/users\/1"}],"replies":[{"embeddable":true,"href":"https:\/\/bisognaprevenire.com\/it\/wp-json\/wp\/v2\/comments?post=86"}],"version-history":[{"count":3,"href":"https:\/\/bisognaprevenire.com\/it\/wp-json\/wp\/v2\/pages\/86\/revisions"}],"predecessor-version":[{"id":768,"href":"https:\/\/bisognaprevenire.com\/it\/wp-json\/wp\/v2\/pages\/86\/revisions\/768"}],"up":[{"embeddable":true,"href":"https:\/\/bisognaprevenire.com\/it\/wp-json\/wp\/v2\/pages\/72"}],"wp:featuredmedia":[{"embeddable":true,"href":"https:\/\/bisognaprevenire.com\/it\/wp-json\/wp\/v2\/media\/87"}],"wp:attachment":[{"href":"https:\/\/bisognaprevenire.com\/it\/wp-json\/wp\/v2\/media?parent=86"}],"curies":[{"name":"wp","href":"https:\/\/api.w.org\/{rel}","templated":true}]}}