{"id":83,"date":"2020-09-17T16:27:39","date_gmt":"2020-09-17T16:27:39","guid":{"rendered":"https:\/\/bisognaprevenire.com\/?page_id=83"},"modified":"2022-07-04T22:27:32","modified_gmt":"2022-07-04T22:27:32","slug":"functional-medicine","status":"publish","type":"page","link":"https:\/\/bisognaprevenire.com\/it\/functional-medicine\/","title":{"rendered":"La Medicina Funzionale"},"content":{"rendered":"<figure class=\"wp-block-image size-large\"><img data-recalc-dims=\"1\" loading=\"lazy\" decoding=\"async\" width=\"500\" height=\"512\" src=\"https:\/\/i0.wp.com\/bisognaprevenire.com\/wp-content\/uploads\/2020\/10\/698.jpg?resize=500%2C512&#038;ssl=1\" alt=\"\" class=\"wp-image-134\" srcset=\"https:\/\/i0.wp.com\/bisognaprevenire.com\/wp-content\/uploads\/2020\/10\/698.jpg?w=500&amp;ssl=1 500w, https:\/\/i0.wp.com\/bisognaprevenire.com\/wp-content\/uploads\/2020\/10\/698.jpg?resize=293%2C300&amp;ssl=1 293w, https:\/\/i0.wp.com\/bisognaprevenire.com\/wp-content\/uploads\/2020\/10\/698.jpg?resize=1%2C1&amp;ssl=1 1w\" sizes=\"auto, (max-width: 500px) 100vw, 500px\" \/><\/figure>\n\n\n\n<h1 class=\"wp-block-heading\">L'approccio della medicina funzionale<\/h1>\n\n\n\n<h2 class=\"wp-block-heading\">Chi sono i nostri pazienti?<\/h2>\n\n\n\n<p>We treat&nbsp;patients&nbsp;with a wide range of chronic health problems, from digestive disorders, to chronic infections, to autoimmune disease, to hypothyroidism. Patients who do best under our care:<\/p>\n\n\n\n<ul class=\"wp-block-list\"><li>Non voglio fare affidamento su farmaci non necessari e interventi medici per il resto della loro vita<\/li><li>Sono interessati a scoprire la causa alla base dei loro problemi, piuttosto che limitarsi a sopprimere i sintomi<\/li><li>Sono motivati \u200b\u200ba svolgere un ruolo attivo nel proprio processo di guarigione<\/li><li>Sono disposti ad apportare le modifiche necessarie alla dieta e allo stile di vita per sostenere la salute e il benessere<\/li><\/ul>\n\n\n\n<h2 class=\"wp-block-heading\">Come lavoriamo con i pazienti?<\/h2>\n\n\n\n<p>Un modo per pensare a noi \u00e8 come \"investigatori sanitari\". Ci concentriamo sull'identificazione e sull'affrontare la causa sottostante di una malattia, piuttosto che sulla soppressione dei sintomi.<\/p>\n\n\n\n<p>Come tutti gli investigatori, utilizziamo una variet\u00e0 di strumenti nelle nostre indagini, inclusi questionari dettagliati, un'anamnesi e un esame medico approfonditi e test di laboratorio completi (analisi del sangue, delle urine, delle feci e della saliva).<\/p>\n\n\n\n<p>Quindi utilizziamo terapia nutrizionale, erboristeria, integratori, gestione dello stress, disintossicazione e cambiamenti nello stile di vita per eliminare le cause e ripristinare il corretto funzionamento e l'equilibrio.<\/p>\n\n\n\n<p>La guarigione profonda e duratura \u00e8 possibile solo quando vengono affrontate le cause profonde della malattia. Comprendendo i sistemi centrali del corpo, come sono correlati e come la loro funzione pu\u00f2 essere ripristinata, molte malattie croniche possono essere prevenute e persino invertite.<\/p>\n\n\n\n<h2 class=\"wp-block-heading\">Qual \u00e8 la nostra filosofia di trattamento?<\/h2>\n\n\n\n<p>Pratichiamo un nuovo modello di medicina, a volte indicato come medicina \"funzionale\" o \"di sistema\". La medicina funzionale non \u00e8 n\u00e9 convenzionale n\u00e9 alternativa. \u00c8 una combinazione dei migliori elementi di entrambi e rappresenta il futuro della medicina.<\/p>\n\n\n\n<h3 class=\"wp-block-heading\">LA MEDICINA FUNZIONALE \u00c8:<\/h3>\n\n\n\n<ul class=\"wp-block-list\"><li><strong>Investigativo.<\/strong>&nbsp;Affronta i sintomi concentrandosi sulla causa sottostante del problema, che porta a risultati pi\u00f9 profondi e pi\u00f9 duraturi.<\/li><li><strong>Olistico.<\/strong>&nbsp;Immagina il corpo come un tutto interconnesso che \u00e8 in relazione dinamica con il suo ambiente e riconosce l'importanza di queste connessioni nella salute e nella malattia.<\/li><li><strong>Sicuro.<\/strong>&nbsp;I trattamenti hanno effetti collaterali lievi o nulli e altri disturbi non correlati spesso migliorano spontaneamente.<\/li><li><strong>Centrato sul paziente.<\/strong>&nbsp;Tratta il paziente, non la malattia. I trattamenti sono altamente personalizzati in base alle esigenze del paziente.<\/li><li><strong>Partecipativo.<\/strong>&nbsp;Il paziente \u00e8 rispettato, responsabilizzato, istruito e incoraggiato a svolgere un ruolo attivo nel processo di guarigione.<\/li><li><strong>Integrativo.<\/strong>&nbsp;Combina il meglio delle medicine moderne e tradizionali e sottolinea l'importanza della dieta e dello stile di vita.<\/li><li><strong>Restitutivo.<\/strong>&nbsp;Test e trattamenti progettati per promuovere la funzione ottimale, prevenire e invertire la malattia e migliorare la qualit\u00e0 della vita.<\/li><li><strong>Preventivo.<\/strong>&nbsp;Guidato dall'antico detto cinese: \"Il superbo medico cura la malattia prima che si manifesti\".<\/li><li><strong>Basata su prove.<\/strong>&nbsp;Basato sulle ultime ricerche di riviste mediche sottoposte a revisione paritaria e non corrotto da interessi aziendali e politici.<\/li><\/ul>\n\n\n\n<figure class=\"wp-block-image size-large\"><img data-recalc-dims=\"1\" loading=\"lazy\" decoding=\"async\" width=\"630\" height=\"630\" src=\"https:\/\/i0.wp.com\/bisognaprevenire.com\/wp-content\/uploads\/2020\/10\/Functional-Medicine-Patient-Aproach-Diagram.jpg?resize=630%2C630&#038;ssl=1\" alt=\"\" class=\"wp-image-137\" srcset=\"https:\/\/i0.wp.com\/bisognaprevenire.com\/wp-content\/uploads\/2020\/10\/Functional-Medicine-Patient-Aproach-Diagram.jpg?w=1000&amp;ssl=1 1000w, https:\/\/i0.wp.com\/bisognaprevenire.com\/wp-content\/uploads\/2020\/10\/Functional-Medicine-Patient-Aproach-Diagram.jpg?resize=300%2C300&amp;ssl=1 300w, https:\/\/i0.wp.com\/bisognaprevenire.com\/wp-content\/uploads\/2020\/10\/Functional-Medicine-Patient-Aproach-Diagram.jpg?resize=150%2C150&amp;ssl=1 150w, https:\/\/i0.wp.com\/bisognaprevenire.com\/wp-content\/uploads\/2020\/10\/Functional-Medicine-Patient-Aproach-Diagram.jpg?resize=768%2C768&amp;ssl=1 768w, https:\/\/i0.wp.com\/bisognaprevenire.com\/wp-content\/uploads\/2020\/10\/Functional-Medicine-Patient-Aproach-Diagram.jpg?resize=1%2C1&amp;ssl=1 1w\" sizes=\"auto, (max-width: 630px) 100vw, 630px\" \/><figcaption>Diagramma che mostra l'approccio della medicina funzionale per i nostri pazienti.<\/figcaption><\/figure>\n\n\n\n<h2 class=\"wp-block-heading\">Quali condizioni trattiamo?<\/h2>\n\n\n\n<p>Nella medicina convenzionale c'\u00e8 un medico per ogni parte del tuo corpo: cardiologi per il cuore, gastroenterologi per l'apparato digerente, neurologi per il cervello e il sistema nervoso, podologi per i tuoi piedi e oftalmologi per i tuoi occhi. Ma nella medicina funzionale, vediamo il corpo come un tutto interconnesso, all'interno di un ambiente pi\u00f9 ampio. Riconosciamo che per trattare una parte del corpo, devono essere considerate anche tutte le altre parti.<\/p>\n\n\n\n<p>In working with you as a patient, we take a step back and try to see common features that might link all the health conditions that you might be experiencing. By looking for the commonalities and patterns, our&nbsp;functional medicine approach&nbsp;offers interventions that affect multiple pathways, helping you recover your health faster and more completely.<\/p>\n\n\n\n<p>Thus, as&nbsp;functional medicine practitioners, we are able to treat a wide variety of health problems.<\/p>","protected":false},"excerpt":{"rendered":"<p>The Functional Medicine Approach Who are our patients? We treat&nbsp;patients&nbsp;with a wide range of chronic health problems, from digestive disorders, to chronic infections, to autoimmune disease, to hypothyroidism. Patients who do best under our care: Don\u2019t want to rely on unnecessary drugs and medical intervention for the rest of their lives Are interested in discovering [&hellip;]<\/p>\n","protected":false},"author":1,"featured_media":0,"parent":0,"menu_order":0,"comment_status":"closed","ping_status":"closed","template":"template-appointment-sidebar-right.php","meta":{"nf_dc_page":"","_mbp_gutenberg_autopost":false,"footnotes":""},"class_list":["post-83","page","type-page","status-publish","hentry"],"jetpack_sharing_enabled":true,"jetpack_likes_enabled":true,"_links":{"self":[{"href":"https:\/\/bisognaprevenire.com\/it\/wp-json\/wp\/v2\/pages\/83","targetHints":{"allow":["GET"]}}],"collection":[{"href":"https:\/\/bisognaprevenire.com\/it\/wp-json\/wp\/v2\/pages"}],"about":[{"href":"https:\/\/bisognaprevenire.com\/it\/wp-json\/wp\/v2\/types\/page"}],"author":[{"embeddable":true,"href":"https:\/\/bisognaprevenire.com\/it\/wp-json\/wp\/v2\/users\/1"}],"replies":[{"embeddable":true,"href":"https:\/\/bisognaprevenire.com\/it\/wp-json\/wp\/v2\/comments?post=83"}],"version-history":[{"count":5,"href":"https:\/\/bisognaprevenire.com\/it\/wp-json\/wp\/v2\/pages\/83\/revisions"}],"predecessor-version":[{"id":353,"href":"https:\/\/bisognaprevenire.com\/it\/wp-json\/wp\/v2\/pages\/83\/revisions\/353"}],"wp:attachment":[{"href":"https:\/\/bisognaprevenire.com\/it\/wp-json\/wp\/v2\/media?parent=83"}],"curies":[{"name":"wp","href":"https:\/\/api.w.org\/{rel}","templated":true}]}}