{"id":82,"date":"2020-09-17T16:28:15","date_gmt":"2020-09-17T16:28:15","guid":{"rendered":"https:\/\/bisognaprevenire.com\/?page_id=82"},"modified":"2026-02-09T14:13:18","modified_gmt":"2026-02-09T13:13:18","slug":"neck-pain","status":"publish","type":"page","link":"https:\/\/bisognaprevenire.com\/it\/chiropractic\/neck-pain\/","title":{"rendered":"Dolore Cervicale"},"content":{"rendered":"<figure class=\"wp-block-image size-large\"><img data-recalc-dims=\"1\" loading=\"lazy\" decoding=\"async\" width=\"630\" height=\"630\" src=\"https:\/\/i0.wp.com\/bisognaprevenire.com\/wp-content\/uploads\/2024\/03\/WhatsApp-Image-2024-03-22-at-10.50.30_009b6ed3.jpg?resize=630%2C630&#038;ssl=1\" alt=\"\" class=\"wp-image-511\" srcset=\"https:\/\/i0.wp.com\/bisognaprevenire.com\/wp-content\/uploads\/2024\/03\/WhatsApp-Image-2024-03-22-at-10.50.30_009b6ed3.jpg?resize=1024%2C1024&amp;ssl=1 1024w, https:\/\/i0.wp.com\/bisognaprevenire.com\/wp-content\/uploads\/2024\/03\/WhatsApp-Image-2024-03-22-at-10.50.30_009b6ed3.jpg?resize=300%2C300&amp;ssl=1 300w, https:\/\/i0.wp.com\/bisognaprevenire.com\/wp-content\/uploads\/2024\/03\/WhatsApp-Image-2024-03-22-at-10.50.30_009b6ed3.jpg?resize=150%2C150&amp;ssl=1 150w, https:\/\/i0.wp.com\/bisognaprevenire.com\/wp-content\/uploads\/2024\/03\/WhatsApp-Image-2024-03-22-at-10.50.30_009b6ed3.jpg?resize=768%2C768&amp;ssl=1 768w, https:\/\/i0.wp.com\/bisognaprevenire.com\/wp-content\/uploads\/2024\/03\/WhatsApp-Image-2024-03-22-at-10.50.30_009b6ed3.jpg?resize=12%2C12&amp;ssl=1 12w, https:\/\/i0.wp.com\/bisognaprevenire.com\/wp-content\/uploads\/2024\/03\/WhatsApp-Image-2024-03-22-at-10.50.30_009b6ed3.jpg?w=1284&amp;ssl=1 1284w\" sizes=\"auto, (max-width: 630px) 100vw, 630px\" \/><\/figure>\n\n\n\n<h2 class=\"wp-block-heading\">Cause del dolore al collo<\/h2>\n\n\n\n<p class=\"\">Ci sono molte cause per il dolore al collo. Le lesioni,  causa da incidenti stradali o da cadute, sono gli esempi pi\u00f9 evidenti. Tuttavia, la maggior parte delle persone con dolore al collo non sono in grado di identificare un danno specifico.<br><br>Proprio come non \u00e8 stato l'ultimo chilometro che hai guidato a richiedere riparazioni alla tua auto, l'accumulo di stress derivante da molte cause pu\u00f2 provocare dolore cronico al collo, a volte debilitante. Il dolore al collo acuto (a breve termine) e cronico (a lungo termine) pu\u00f2 essere trattato efficacemente una volta identificate le cause e adottate le misure appropriate.<br>Alcune delle cause pi\u00f9 comuni di dolore al collo includono:<\/p>\n\n\n\n<ul class=\"wp-block-list\">\n<li class=\"\">recupero non completo da infortuni passati<\/li>\n\n\n\n<li class=\"\">presenza di disallineamenti del rachide cervicale<\/li>\n\n\n\n<li class=\"\">lesioni da colpo di frusta<\/li>\n\n\n\n<li class=\"\">posizione errata della postazione di lavoro<\/li>\n\n\n\n<li class=\"\">postura sbagliata (come portamento anormale della testa sul collo)<\/li>\n\n\n\n<li class=\"\">seduta prolungata<\/li>\n\n\n\n<li class=\"\">movimenti del collo ripetitivi eccessivi<\/li>\n\n\n\n<li class=\"\">Posizione al  telefonono inappropriata<\/li>\n\n\n\n<li class=\"\">presenza di disallineamenti del rachide cervicale<\/li>\n\n\n\n<li class=\"\">stress mentale eccessivo<\/li>\n\n\n\n<li class=\"\">inattivit\u00e0 fisica<\/li>\n\n\n\n<li class=\"\">alimentazione povera e nutrimento inadeguato<\/li>\n\n\n\n<li class=\"\">uso prolungato di attrezzature progettate in modo non ergonomico<\/li>\n<\/ul>\n\n\n\n<p class=\"\"><strong>Trattamento del dolore al collo<\/strong><\/p>\n\n\n\n<p class=\"\">I dottori di chiropratica sanno da tempo che i trattamenti di maggior successo comportano l'identificazione e la correzione delle cause alla base della malattia\/del problema. Ecco perch\u00e9 la cura chiropratica ha avuto cos\u00ec tanto successo nella correzione delle condizioni della schiena e del collo ed \u00e8 la scelta numero uno per la cura della schiena e del collo.<\/p>\n\n\n\n<p class=\"\"><strong>Identificare la causa<\/strong><\/p>\n\n\n\n<p class=\"\">Il primo passo nel trattamento del dolore al collo \u00e8 determinare cosa ha e cosa sta causando il dolore al collo. Una volta identificate le cause specifiche e le concause, \u00e8 possibile strutturare un piano di trattamento efficace per eliminare il dolore e raggiungere gli obiettivi del paziente.\u2028<br><br><strong>Il trattamento<\/strong><\/p>\n\n\n\n<p class=\"\">I  trattamenti chiropratici per il dolore al collo possono comportare l'uso di una serie di terapie, tutte delicate, sicure, naturali e non invasive. Tuttavia, il vero potere della cura chiropratica si trova nella manipolazione chiropratica - il trattamento pi\u00f9 efficace ed essenziale impiegato dal chiropratico. La ragione? Molto semplicemente, l'aggiustamento chiropratico corregge la disfunzione articolare che sta bloccando il ripristino della normale funzione (e salute) nell'area problematica.<\/p>\n\n\n\n<p class=\"\"><br>La maggior parte delle persone che soffrono di dolore al collo ha sub\u00ecto un grave incidente come un colpo di frusta, in cui l'integrit\u00e0 strutturale del collo \u00e8 stata alterata e si \u00e8 verificato un danno ai tessuti, o \u00e8 stata esposta a lunghi periodi di stress al collo e alla colonna vertebrale pi\u00f9 comunemente da cattive o improprie abitudini e posture.<\/p>\n\n\n\n<p class=\"\">In entrambi i casi, le componenti spinali sono quasi sempre strutturalmente disallineate e quindi funzionano in modo inefficiente o non funzionano affatto. In altre parole, le vertebre e le loro strutture di supporto hanno perso il loro posizionamento \u201cottimale\u201d e i loro movimenti avvengono in modo inappropriato e stressante. L'unico modo efficace e a lungo termine per correggere il disallineamento strutturale e per ripristinare la funzione \u00e8 riallineare i segmenti spinali. Questo \u00e8 il lavoro del chiropratico, che esegue aggiustamenti  molto specifici e delicati alle aree interessate.<br><br><strong>Abitudini e tecniche corrette<\/strong><\/p>\n\n\n\n<p class=\"\">Un altro ingrediente chiave per un piano di successo al trattamento del dolore al collo di successo \u00e8 l'apprendimento o il ripristino di una corretta postura. Una corretta postura \u00e8 un fattore significativo per mantenere la salute del collo e della schiena. L'importanza di una postura corretta per mantenere la salute della colonna vertebrale.<br>Anche le comuni azioni di vita quotidiana e di lavoro svolgono un ruolo importante nel sviluppare o meno dolore al collo. Ci\u00f2 include tecniche di sollevamento adeguate, tecniche telefoniche, evitare movimenti ripetitivi e molto altro ancora. L'insegnamento di queste tecniche fa parte del nostro piano di trattamento per ogni paziente con la dott.ssa Bisogna.<br><br><strong>Altre terapie<\/strong><\/p>\n\n\n\n<p class=\"\">Dott.ssa Bisogna combina gli strumenti pi\u00f9 efficaci della Chiropratica con quelli della Medicina Fisica per ottenere il risultato di trattamento pi\u00f9 efficace, pi\u00f9 veloce e pi\u00f9 duraturo per i nostri pazienti. I nostri programmi di trattamento includono un'ampia gamma di opzioni tecniche tra cui stimolazione muscolare elettrica, trazione intersegmentale, programmi di esercizi di riabilitazione neuromuscoloscheletrica, allenamento dell'equilibrio, crioterapia, calore umido, ultrasuoni, terapia muscolare a rilascio attivo e altre opzioni.<\/p>\n\n\n\n<p class=\"\">Anche la dieta e l'alimentazione giocano un ruolo chiave nella salute del rachide cervicale. Senza i nutrienti adeguati, il rachide cervicale e il resto del corpo sono meno compromessi e non possono rimanere sani e guarire una volta feriti. Se la tua dieta e il tuo stato nutrizionale sono scadenti, possiamo aiutarti a metterti in carreggiata con una consulenza nutrizionale pratica e utile. <a href=\"https:\/\/bisognaprevenire.com\/it\/functional-medicine\/\" data-type=\"page\" data-id=\"83\">Maggiori informazioni sulla Medicina Funzionale.<\/a><\/p>\n\n\n\n<p class=\"\"><\/p>","protected":false},"excerpt":{"rendered":"<p>Causes of Neck Pain There are many causes for neck pain. Injuries, such as car accidents for falls the obvious examples. However, most people with neck pain can\u2019t identify a specific injury. Just like it was not the last mile that you drove that caused your car to need repair, the accumulation of stresses from [&hellip;]<\/p>\n","protected":false},"author":1,"featured_media":0,"parent":72,"menu_order":0,"comment_status":"closed","ping_status":"closed","template":"","meta":{"nf_dc_page":"","_mbp_gutenberg_autopost":false,"footnotes":""},"class_list":["post-82","page","type-page","status-publish","hentry"],"jetpack_sharing_enabled":true,"jetpack_likes_enabled":true,"_links":{"self":[{"href":"https:\/\/bisognaprevenire.com\/it\/wp-json\/wp\/v2\/pages\/82","targetHints":{"allow":["GET"]}}],"collection":[{"href":"https:\/\/bisognaprevenire.com\/it\/wp-json\/wp\/v2\/pages"}],"about":[{"href":"https:\/\/bisognaprevenire.com\/it\/wp-json\/wp\/v2\/types\/page"}],"author":[{"embeddable":true,"href":"https:\/\/bisognaprevenire.com\/it\/wp-json\/wp\/v2\/users\/1"}],"replies":[{"embeddable":true,"href":"https:\/\/bisognaprevenire.com\/it\/wp-json\/wp\/v2\/comments?post=82"}],"version-history":[{"count":3,"href":"https:\/\/bisognaprevenire.com\/it\/wp-json\/wp\/v2\/pages\/82\/revisions"}],"predecessor-version":[{"id":776,"href":"https:\/\/bisognaprevenire.com\/it\/wp-json\/wp\/v2\/pages\/82\/revisions\/776"}],"up":[{"embeddable":true,"href":"https:\/\/bisognaprevenire.com\/it\/wp-json\/wp\/v2\/pages\/72"}],"wp:attachment":[{"href":"https:\/\/bisognaprevenire.com\/it\/wp-json\/wp\/v2\/media?parent=82"}],"curies":[{"name":"wp","href":"https:\/\/api.w.org\/{rel}","templated":true}]}}