{"id":79,"date":"2020-09-17T16:24:38","date_gmt":"2020-09-17T16:24:38","guid":{"rendered":"https:\/\/bisognaprevenire.com\/?page_id=79"},"modified":"2026-02-09T14:08:18","modified_gmt":"2026-02-09T13:08:18","slug":"low-back-pain","status":"publish","type":"page","link":"https:\/\/bisognaprevenire.com\/it\/chiropractic\/low-back-pain\/","title":{"rendered":"Lombalgia"},"content":{"rendered":"<figure class=\"wp-block-image size-full\"><img data-recalc-dims=\"1\" loading=\"lazy\" decoding=\"async\" width=\"282\" height=\"308\" src=\"https:\/\/i0.wp.com\/bisognaprevenire.com\/wp-content\/uploads\/2020\/09\/Chiropractic_Care_During_Pregnancy.jpg?resize=282%2C308&#038;ssl=1\" alt=\"\" class=\"wp-image-30\" srcset=\"https:\/\/i0.wp.com\/bisognaprevenire.com\/wp-content\/uploads\/2020\/09\/Chiropractic_Care_During_Pregnancy.jpg?w=282&amp;ssl=1 282w, https:\/\/i0.wp.com\/bisognaprevenire.com\/wp-content\/uploads\/2020\/09\/Chiropractic_Care_During_Pregnancy.jpg?resize=275%2C300&amp;ssl=1 275w\" sizes=\"auto, (max-width: 282px) 100vw, 282px\" \/><\/figure>\n\n\n\n<h2 class=\"wp-block-heading\">Che fare con il mal di schiena<\/h2>\n\n\n\n<p class=\"\">Se la tua lombalgia richiede attenzione e sei malato e stanco di soffrire, visitare questo sito Web e leggere questo articolo potrebbe essere la cosa pi\u00f9 importante che hai fatto per migliorare la tua salute e il tuo benessere, in assoluto.<br><br>Potrebbe esserti stato detto che se ti fa male la schiena, dovresti semplicemente diminuire la tua attivit\u00e0, prendere l'ibuprofene e starai bene. Chi te l'ha detto, potrebbe non essere quello con cui dovresti parlare.<br><br>I farmaci mascherano solo il dolore; non possono curare la tua lombalgia. Quegli antidolorifici da banco non sono sicuri. L'aspirina semplice, se assunta per un lungo periodo di tempo, pu\u00f2 causare danni al fegato, ai reni e al rivestimento dello stomaco. Mascherare il dolore rende solo pi\u00f9 facile ignorarlo. \u00c8 come ignorare la spia sul cruscotto della tua auto. Solo perch\u00e9 lo stai ignorando, non significa che non sia l\u00ec. Il dolore mascherato ti impedisce di cercare di curare la causa sottostante, come problemi posturali o stress ripetitivo. I problemi di solito peggiorano progressivamente nel tempo.<br><br>Ci sono davvero molte prove scientifiche di grande validit\u00e0 che dimostrano che la cura chiropratica per la lombalgia \u00e8 pi\u00f9 efficace e meno costosa del metodo \"vecchia scuola\" di mascherare i sintomi con farmaci e riposo. (Per rivedere questa prova scientifica fare.&nbsp;<a href=\"https:\/\/bisognaprevenire.com\/it\/?page_id=77\" data-type=\"page\" data-id=\"77\">clica qui.<\/a>)<br><br>La Dott.ssa Bisogna offre modi sicuri ed efficaci per trattare sia il dolore che domina la vita di una lesione spinale, sia gli effetti debilitanti e fastidiosi della lombalgia cronica a lungo termine. Offriamo soluzioni nuove e uniche per correggere i problemi posturali e altre cause alla base della lombalgia. Il nostro obiettivo \u00e8 consentire ai nostri pazienti di vivere la tua vita ed essere attivi e vivaci, e non di condurre una vita di attivit\u00e0 in continua diminuzione nel tentativo di \"scappare dal dolore\" diventando meno vitali e attivi.<\/p>","protected":false},"excerpt":{"rendered":"<p>Dealing With Back Pain If your low back pain is demanding attention, and you&#8217;re sick and tired of the suffering, visiting this website and reading this article may be the most important thing you&#8217;ve done to improve your health and well being, ever. You may have been told that if your back hurts, you should [&hellip;]<\/p>\n","protected":false},"author":1,"featured_media":0,"parent":72,"menu_order":0,"comment_status":"closed","ping_status":"closed","template":"","meta":{"nf_dc_page":"","_mbp_gutenberg_autopost":false,"footnotes":""},"class_list":["post-79","page","type-page","status-publish","hentry"],"jetpack_sharing_enabled":true,"jetpack_likes_enabled":true,"_links":{"self":[{"href":"https:\/\/bisognaprevenire.com\/it\/wp-json\/wp\/v2\/pages\/79","targetHints":{"allow":["GET"]}}],"collection":[{"href":"https:\/\/bisognaprevenire.com\/it\/wp-json\/wp\/v2\/pages"}],"about":[{"href":"https:\/\/bisognaprevenire.com\/it\/wp-json\/wp\/v2\/types\/page"}],"author":[{"embeddable":true,"href":"https:\/\/bisognaprevenire.com\/it\/wp-json\/wp\/v2\/users\/1"}],"replies":[{"embeddable":true,"href":"https:\/\/bisognaprevenire.com\/it\/wp-json\/wp\/v2\/comments?post=79"}],"version-history":[{"count":3,"href":"https:\/\/bisognaprevenire.com\/it\/wp-json\/wp\/v2\/pages\/79\/revisions"}],"predecessor-version":[{"id":773,"href":"https:\/\/bisognaprevenire.com\/it\/wp-json\/wp\/v2\/pages\/79\/revisions\/773"}],"up":[{"embeddable":true,"href":"https:\/\/bisognaprevenire.com\/it\/wp-json\/wp\/v2\/pages\/72"}],"wp:attachment":[{"href":"https:\/\/bisognaprevenire.com\/it\/wp-json\/wp\/v2\/media?parent=79"}],"curies":[{"name":"wp","href":"https:\/\/api.w.org\/{rel}","templated":true}]}}