{"id":77,"date":"2020-09-17T16:22:19","date_gmt":"2020-09-17T16:22:19","guid":{"rendered":"https:\/\/bisognaprevenire.com\/?page_id=77"},"modified":"2026-02-09T14:16:27","modified_gmt":"2026-02-09T13:16:27","slug":"what-does-science-say","status":"publish","type":"page","link":"https:\/\/bisognaprevenire.com\/it\/chiropractic\/what-does-science-say\/","title":{"rendered":"Che cosa dice la scienza?"},"content":{"rendered":"<figure class=\"is-style-rounded wp-block-image size-full\"><img data-recalc-dims=\"1\" loading=\"lazy\" decoding=\"async\" width=\"630\" height=\"354\" src=\"https:\/\/i0.wp.com\/bisognaprevenire.com\/wp-content\/uploads\/2020\/09\/DaVinciWikimediaCommons.jpg?resize=630%2C354&#038;ssl=1\" alt=\"\" class=\"wp-image-23\" srcset=\"https:\/\/i0.wp.com\/bisognaprevenire.com\/wp-content\/uploads\/2020\/09\/DaVinciWikimediaCommons.jpg?w=800&amp;ssl=1 800w, https:\/\/i0.wp.com\/bisognaprevenire.com\/wp-content\/uploads\/2020\/09\/DaVinciWikimediaCommons.jpg?resize=300%2C169&amp;ssl=1 300w, https:\/\/i0.wp.com\/bisognaprevenire.com\/wp-content\/uploads\/2020\/09\/DaVinciWikimediaCommons.jpg?resize=768%2C432&amp;ssl=1 768w\" sizes=\"auto, (max-width: 630px) 100vw, 630px\" \/><\/figure>\n\n\n\n<p class=\"\">Un ampio e crescente corpo di prove scientifiche si \u00e8 accumulato riguardo al trattamento di problemi muscoloscheletrici, dolori alla colonna vertebrale e alle articolazioni.<\/p>\n\n\n\n<p class=\"\">Nel 2007 la rivista medica&nbsp;<em>Annals of Internal Medicine<\/em>&nbsp;ha raccomandato:<\/p>\n\n\n\n<p class=\"\"><strong>L'unica<\/strong>&nbsp;raccomandazione per il mal di schiena acuto che non risponde alla cura di s\u00e9 era di \"considerare l'aggiunta di una terapia farmacologica con benefici comprovati, per la lombalgia acuta, la manipolazione spinale\"<\/p>\n\n\n\n<p class=\"\">Per la lombalgia cronica, lo studio ha raccomandato le seguenti opzioni: riabilitazione interdisciplinare intensiva, terapia fisica, agopuntura, massoterapia e&nbsp;<strong>manipolazione spinale<\/strong><br><em>Ann Intern Med. 2007; 147: 478-491.<\/em>&nbsp;2007;147:478-491.<\/p>\n\n\n\n<p class=\"\">Non si pu\u00f2 pi\u00f9 dire che mancano prove scientifiche a sostegno dell'efficacia della cura chiropratica, o qualsiasi opposizione medica all'uso della manipolazione spinale.<br>In poche parole, ci sono ampie prove scientifiche a sostegno dell'idea che la cura chiropratica dovrebbe essere il trattamento standard di scelta per cose come la lombalgia acuta e cronica. Nel mondo dell'assistenza sanitaria di oggi, in cui \"Evidence Based Healthcare\" sta diventando pi\u00f9 popolare, la cura chiropratica \u00e8 pi\u00f9 che reggere il confronto nell'arena della ricerca scientifica. In effetti, si pu\u00f2 sostenere con forza che i curricula di tutte le scuole di medicina del nostro paese dovrebbero essere modificati per includere la formazione dei medici di domani per indirizzare i pazienti con alcuni a medici di chiropratica per la cura. Questo protocollo \u00e8 gi\u00e0 in corso in molti dei nostri ospedali militari e veterani, dove i pregiudizi economici e politici sono meno influenti.<\/p>\n\n\n\n<p class=\"\">Quando si tratta di scienza, questo \u00e8 il momento pi\u00f9 emozionante nella storia della chiropratica!<\/p>\n\n\n\n<p class=\"\">Di seguito \u00e8 riportato un breve riassunto di alcuni studi recenti aggiuntivi che sono stati pubblicati su riviste mediche e scientifiche di alta qualit\u00e0.<\/p>\n\n\n\n<p class=\"\"><strong>Riepilogo delle prove - Trattamento della lombalgia<\/strong><\/p>\n\n\n\n<p class=\"\">(887 documenti sorgente usati per questa revisione, inclusi 70 RCT, 12 linee guida, 14 revisioni sistematiche \/ meta analisi, 11 studi di coorte.)<\/p>\n\n\n\n<p class=\"\">Revisione di 16 studi sulla lombalgia mista acuta e cronica: \"HVLA (manipolazione) \u00e8 uguale alla gestione medica\" nella gestione del dolore e della disabilit\u00e0 relativi alla lombalgia.<\/p>\n\n\n\n<p class=\"\">Pazienti trattati per la lombalgia acuta: il 94% di quelli sottoposti a manipolazione erano liberi da sintomi in 14 giorni rispetto al 25% che riceveva la modalit\u00e0 di terapia fisica (diatermia)<\/p>\n\n\n\n<p class=\"\">I pazienti che ricevevano la manipolazione contro la finzione hanno beneficiato della manipolazione, sia in termini di recupero che di velocit\u00e0 di recupero. Il miglioramento era migliore per quelle malattie pi\u00f9 prolungate.<\/p>\n\n\n\n<p class=\"\">La manipolazione \u00e8 superiore alla mobilizzazione per la lombalgia acuta.<\/p>\n\n\n\n<p class=\"\">Sono state confrontate due diverse tecniche chiropratiche che sono state trovate ugualmente efficaci nel trattamento della lombalgia.<\/p>\n\n\n\n<p class=\"\">In uno studio che confrontava la gestione della lombalgia acuta con i farmaci rispetto alla manipolazione, il 50% di coloro che ricevevano la manipolazione era privo di sintomi entro 1 settimana e l'87% era stato dimesso senza sintomi in 3 settimane, mentre solo il 27% del gruppo di controllo (riposo a letto e analgesici) sono risultati senza sintomi in 1 settimana e il 60% in 3 settimane.<\/p>\n\n\n\n<p class=\"\">In uno studio che confrontava la manipolazione con iniezioni di steroidi e con un gruppo di controllo che riceveva una terapia attivante convenzionale, dopo 4 mesi il gruppo di manipolazione soffriva di movimenti meno limitati in estensione, meno restrizione nella flessione laterale su entrambi i lati, meno dolore locale in estensione e sul lato destro -bending, meno dolore irradiato e meno dolore durante l'esecuzione di un sollevamento della gamba tesa.<\/p>\n\n\n\n<p class=\"\">Confrontando la cura chiropratica con le cure mediche convenzionali per la lombalgia, i risultati sono stati simili dopo un mese, ma miglioramenti pi\u00f9 notevoli nel gruppo chiropratico sono stati notati sia a 3 che a 6 mesi di follow-up.<\/p>\n\n\n\n<p class=\"\">La terapia manuale, se combinata con la \"gestione attiva\" dei pazienti con lombalgia sub acuta, ha prodotto risultati migliori rispetto all'uso della \"gestione attiva\".<\/p>\n\n\n\n<p class=\"\">La manipolazione ha offerto un miglioramento del dolore migliore rispetto alla stimolazione nervosa elettrica transcutanea.<\/p>\n\n\n\n<p class=\"\">Esercizio: una revisione sistematica danese (Bronfort, Jacobsen, et al. 2004 4128id) ha esaminato dodici serie internazionali di linee guida, dodici revisioni sistematiche e dieci studi clinici randomizzati sull'esercizio. I risultati hanno suggerito che l'esercizio, in generale, avvantaggia i pazienti con mal di schiena sub acuto. Non si conosce alcun metodo nettamente superiore. Si raccomanda l'uso di un programma di base che pu\u00f2 essere prontamente modificato per soddisfare le esigenze dei singoli pazienti. Questioni di forza, resistenza, stabilizzazione e coordinazione senza carico eccessivo possono essere affrontate senza l'uso di attrezzature ad alta tecnologia. L'allenamento intensivo costituito da pi\u00f9 di 30 e meno di 100 ore di formazione \u00e8 pi\u00f9 efficace.<\/p>\n\n\n\n<p class=\"\">Lewis, et. al. (Lewis, Hewitt, et.al. 2005 4140 id) hanno riscontrato un miglioramento quando i pazienti trattati con manipolazione combinata e esercizi di stabilizzazione spinale rispetto a quelli visti attraverso una lezione di esercizi a 10 stazioni.<\/p>\n\n\n\n<p class=\"\">Quando si confronta la manipolazione chiropratica con placebo \/ sham per la lombalgia sub acuta, la manipolazione chiropratica ha ottenuto un punteggio migliore del placebo nella riduzione del dolore e dei punteggi di gravit\u00e0 globale dell'impressione. Nello stesso studio la manipolazione chiropratica era pi\u00f9 efficace dei miorilassanti nel ridurre i punteggi di gravit\u00e0 globale dell'impressione.<\/p>\n\n\n\n<p class=\"\">Confrontando la terapia manuale con l'esercizio in pazienti con lombalgia cronica che erano malati elencati, mentre entrambi i gruppi hanno mostrato miglioramenti nell'intensit\u00e0 del dolore, disabilit\u00e0 funzionale, salute generale e ritorno al lavoro, il gruppo terapia manuale ha mostrato miglioramenti significativamente maggiori rispetto al gruppo di esercizi per tutti i risultati. I risultati sono stati coerenti sia a breve che a lungo termine.<\/p>\n\n\n\n<p class=\"\">L'intervento combinato di manipolazione, esercizio di stabilizzazione e consultazione del medico \u00e8 stato pi\u00f9 efficace del solo consulto.<\/p>\n\n\n\n<p class=\"\">Il confronto di una combinazione di manipolazione e terapia fisica con il trattamento generale da parte di un medico generico ha dimostrato un miglioramento pi\u00f9 rapido della capacit\u00e0 della funzione fisica e del miglioramento del dolore.<\/p>\n\n\n\n<p class=\"\">Mead e collaboratori hanno osservato che il trattamento chiropratico era pi\u00f9 efficace delle cure ambulatoriali ospedaliere.<\/p>\n\n\n\n<p class=\"\">La manipolazione spinale ha portato a una migliore riduzione della disabilit\u00e0 a lungo e breve termine rispetto alla terapia fisica o all'esercizio a casa.<\/p>\n\n\n\n<p class=\"\">Coxhead ha riferito che la manipolazione ha fornito risultati migliori rispetto a esercizi, corsetti, trazione o nessun esercizio se studiati a breve termine. \u00c8 stato dimostrato che la manipolazione gestisce efficacemente la lombalgia accompagnata da irradiazione del dolore alle gambe.<\/p>\n\n\n\n<p class=\"\">La manipolazione spinale effettiva ha prodotto risultati significativamente migliori in termini di dolore a breve termine e sollievo dalla disabilit\u00e0 rispetto alla manipolazione fittizia.<\/p>\n\n\n\n<p class=\"\">\u00c8 stato dimostrato che tassi di cura pi\u00f9 elevati sono pi\u00f9 efficaci nella gestione della lombalgia cronica.<\/p>\n\n\n\n<p class=\"\">Ernia del disco: \u00e8 stato dimostrato che la manipolazione porta a un miglioramento a breve termine del dolore e della disabilit\u00e0 maggiore rispetto alla chemonucleolisi per la gestione dell'ernia del disco.<\/p>\n\n\n\n<p class=\"\">La manipolazione \u00e8 risultata superiore alla terapia convenzionale nel trattamento di soggetti affetti da diagnosi di prolasso dei dischi intervertebrali.<\/p>\n\n\n\n<p class=\"\">La manipolazione \u00e8 risultata efficace quanto gli esercizi di flessione lombare e l'assistenza domiciliare.<\/p>\n\n\n\n<p class=\"\">La manipolazione spinale combinata con l'esercizio \u00e8 efficace quanto la combinazione di FANS ed esercizio per la lombalgia.<\/p>\n\n\n\n<p class=\"\">Numerosi studi di alta qualit\u00e0 hanno dimostrato che la fiducia del paziente e i livelli di soddisfazione del paziente sono pi\u00f9 elevati con l'assistenza fornita dai professionisti che utilizzano la terapia manuale.<\/p>\n\n\n\n<p class=\"\">Riepilogo delle conclusioni:<\/p>\n\n\n\n<ol class=\"wp-block-list\">\n<li class=\"\">Esistono molte o pi\u00f9 prove per l'uso della manipolazione spinale per ridurre i sintomi e migliorare la funzione nei pazienti con lombalgia cronica quanto per l'uso nella lombalgia acuta e subacuta. (Grado di prova: A)<\/li>\n\n\n\n<li class=\"\">\u00c8 probabile che l'uso dell'esercizio in combinazione con la manipolazione acceleri e migliori i risultati, oltre a ridurre al minimo le recidive episodiche. (Grado di prova: A, B, C.)<\/li>\n\n\n\n<li class=\"\">Ci sono meno prove per l'uso della manipolazione per i pazienti con lombalgia accompagnata da dolore alle gambe irradiato, sciatica e radicolopatia. (Grado di prova: A, B)<\/li>\n\n\n\n<li class=\"\">I casi con alta gravit\u00e0 dei sintomi possono trarre vantaggio dall'invio per la co-gestione dei sintomi con i farmaci. (Grado di prova: B, C)\u00a0<\/li>\n<\/ol>","protected":false},"excerpt":{"rendered":"<p>A large and growing body of scientific evidence has accumulated regarding the treatment of musculoskeletal problems, spine and joint pain. In 2007 the medical journal,&nbsp;Annals of Internal Medicine&nbsp;recommended: The only&nbsp;recommendation for acute back pain unresponsive to self-care was to \u201cconsider the addition of drug therapy with proven benefits\u2014for acute low back pain, spinal manipulation\u201d For [&hellip;]<\/p>\n","protected":false},"author":1,"featured_media":0,"parent":72,"menu_order":0,"comment_status":"closed","ping_status":"closed","template":"","meta":{"nf_dc_page":"","_mbp_gutenberg_autopost":false,"footnotes":""},"class_list":["post-77","page","type-page","status-publish","hentry"],"jetpack_sharing_enabled":true,"jetpack_likes_enabled":true,"_links":{"self":[{"href":"https:\/\/bisognaprevenire.com\/it\/wp-json\/wp\/v2\/pages\/77","targetHints":{"allow":["GET"]}}],"collection":[{"href":"https:\/\/bisognaprevenire.com\/it\/wp-json\/wp\/v2\/pages"}],"about":[{"href":"https:\/\/bisognaprevenire.com\/it\/wp-json\/wp\/v2\/types\/page"}],"author":[{"embeddable":true,"href":"https:\/\/bisognaprevenire.com\/it\/wp-json\/wp\/v2\/users\/1"}],"replies":[{"embeddable":true,"href":"https:\/\/bisognaprevenire.com\/it\/wp-json\/wp\/v2\/comments?post=77"}],"version-history":[{"count":2,"href":"https:\/\/bisognaprevenire.com\/it\/wp-json\/wp\/v2\/pages\/77\/revisions"}],"predecessor-version":[{"id":777,"href":"https:\/\/bisognaprevenire.com\/it\/wp-json\/wp\/v2\/pages\/77\/revisions\/777"}],"up":[{"embeddable":true,"href":"https:\/\/bisognaprevenire.com\/it\/wp-json\/wp\/v2\/pages\/72"}],"wp:attachment":[{"href":"https:\/\/bisognaprevenire.com\/it\/wp-json\/wp\/v2\/media?parent=77"}],"curies":[{"name":"wp","href":"https:\/\/api.w.org\/{rel}","templated":true}]}}