{"id":72,"date":"2020-09-17T16:15:08","date_gmt":"2020-09-17T16:15:08","guid":{"rendered":"https:\/\/bisognaprevenire.com\/?page_id=72"},"modified":"2026-02-09T14:15:16","modified_gmt":"2026-02-09T13:15:16","slug":"chiropractic","status":"publish","type":"page","link":"https:\/\/bisognaprevenire.com\/it\/chiropractic\/","title":{"rendered":"La Chiropratica"},"content":{"rendered":"<figure class=\"is-style-rounded wp-block-image size-large\"><img data-recalc-dims=\"1\" loading=\"lazy\" decoding=\"async\" width=\"630\" height=\"158\" src=\"https:\/\/i0.wp.com\/bisognaprevenire.com\/wp-content\/uploads\/2020\/09\/cropped-llmanspine.jpg?resize=630%2C158&#038;ssl=1\" alt=\"\" class=\"wp-image-31\" srcset=\"https:\/\/i0.wp.com\/bisognaprevenire.com\/wp-content\/uploads\/2020\/09\/cropped-llmanspine.jpg?resize=1024%2C256&amp;ssl=1 1024w, https:\/\/i0.wp.com\/bisognaprevenire.com\/wp-content\/uploads\/2020\/09\/cropped-llmanspine.jpg?resize=300%2C75&amp;ssl=1 300w, https:\/\/i0.wp.com\/bisognaprevenire.com\/wp-content\/uploads\/2020\/09\/cropped-llmanspine.jpg?resize=768%2C192&amp;ssl=1 768w, https:\/\/i0.wp.com\/bisognaprevenire.com\/wp-content\/uploads\/2020\/09\/cropped-llmanspine.jpg?resize=1536%2C384&amp;ssl=1 1536w, https:\/\/i0.wp.com\/bisognaprevenire.com\/wp-content\/uploads\/2020\/09\/cropped-llmanspine.jpg?resize=1%2C1&amp;ssl=1 1w, https:\/\/i0.wp.com\/bisognaprevenire.com\/wp-content\/uploads\/2020\/09\/cropped-llmanspine.jpg?w=1600&amp;ssl=1 1600w, https:\/\/i0.wp.com\/bisognaprevenire.com\/wp-content\/uploads\/2020\/09\/cropped-llmanspine.jpg?w=1260&amp;ssl=1 1260w\" sizes=\"auto, (max-width: 630px) 100vw, 630px\" \/><\/figure>\n\n\n\n<h4 class=\"wp-block-heading\"><strong>Cos'\u00e8 la chiropractica<\/strong><\/h4>\n\n\n\n<p class=\"\">\u00c8 una professione sanitaria che si concentra sulla colonna vertebrale e su altre articolazioni del corpo e sulla loro connessione con il sistema nervoso. La parola \"chiropratica\" significa \"da fare a mano\". I chiropratici utilizzano manipolazioni per ripristinare la funzione articolare e supportare il sistema nervoso.<\/p>\n\n\n\n<h4 class=\"wp-block-heading\"><strong>Perch\u00e9 la chiropratica?<\/strong><\/h4>\n\n\n\n<p class=\"\">Nel corso degli anni sempre pi\u00f9 persone in tutto il mondo stanno sperimentando i benefici della cura chiropratica. I pazienti apprezzano il metodo di trattamento olistico e non invasivo offerto dalla chiropratica.<\/p>\n\n\n\n<p class=\"\">La cura chiropratica \u00e8 progettata per aiutare a correggere le cause alla base di molte malattie, piuttosto che limitarsi a trattare i sintomi. La chiropratica \u00e8 sicura e naturale, non richiede farmaci, interventi chirurgici o aghi.<\/p>\n\n\n\n<p class=\"\">Soffrire per una colonna vertebrale disallineata o per un infortunio alla schiena pu\u00f2 causare dolore debilitante e disagio a tutto il corpo. Le visite dal chiropratico possono aiutare a riallineare la colonna vertebrale riducendo il dolore in tutto il corpo. La riduzione del dolore ti consente di tornare alle normali attivit\u00e0 quotidiane come camminare, guidare la macchina o semplicemente andare al lavoro.<\/p>\n\n\n\n<h4 class=\"wp-block-heading\">Altri vantaggi della cura chiropratica<\/h4>\n\n\n\n<p class=\"\"><strong>Sistema immunitario pi\u00f9 forte<\/strong><\/p>\n\n\n\n<p class=\"\">\u00c8 stato dimostrato che l'attivit\u00e0 del sistema nervoso simpatico creata durante una manipolazione rilascia cellule di regolazione immunitaria nel sangue. Questo processo aiuta a rafforzare l'immunit\u00e0 e pu\u00f2 aiutare a scongiurare una variet\u00e0 di disturbi come il comune raffreddore.&nbsp;<\/p>\n\n\n\n<p class=\"\"><strong>Circolazione respiratoria migliorata<\/strong><\/p>\n\n\n\n<p class=\"\">Vari trattamenti chiropratici possono aiutare a migliorare la comunicazione con i principali nervi del cuore, insieme a migliorare il flusso sanguigno alle arterie vitali. Questo miglioramento della circolazione spesso porta ad un gradito sollievo da una miriade di comuni condizioni respiratorie, tra cui asma e allergie.<\/p>\n\n\n\n<p class=\"\"><strong>Flessibilit\u00e0<\/strong><\/p>\n\n\n\n<p class=\"\">Se sei come la maggior parte delle persone, probabilmente trascorri molto tempo impegnato in movimenti ripetitivi quotidiani. Questi schemi possono variare dal tenere il bambino dallo stesso lato, al lavorare tutto il giorno su una scrivania scomoda sul tuo computer. Queste routine di poco conto possono portare a rigidit\u00e0 del collo o delle spalle. Il tuo chiropratico \u00e8 solo la persona che pu\u00f2 aiutarti ad alleviare la rigidit\u00e0 e prevenire ulteriori lesioni.<\/p>\n\n\n\n<p class=\"\"><strong>Queste sono alcune problematiche di varia natura che la chiropratica \u00e8 in grado di aiutare<\/strong>: <a href=\"https:\/\/bisognaprevenire.com\/it\/lista-dei-disturbi\/\" data-type=\"page\" data-id=\"222\">Lista dei disturbi<\/a><\/p>\n\n\n\n<p class=\"\"><\/p>\n\n\n\n<figure class=\"wp-block-image size-large is-resized\"><img loading=\"lazy\" decoding=\"async\" width=\"1813\" height=\"2560\" src=\"https:\/\/i1.wp.com\/bisognaprevenire.com\/wp-content\/uploads\/2021\/04\/riflessi-spinali-scaled.jpg?fit=630%2C890&amp;ssl=1\" alt=\"\" class=\"wp-image-246\" style=\"width:840px;height:1187px\" srcset=\"https:\/\/i0.wp.com\/bisognaprevenire.com\/wp-content\/uploads\/2021\/04\/riflessi-spinali-scaled.jpg?w=1813&amp;ssl=1 1813w, https:\/\/i0.wp.com\/bisognaprevenire.com\/wp-content\/uploads\/2021\/04\/riflessi-spinali-scaled.jpg?resize=212%2C300&amp;ssl=1 212w, https:\/\/i0.wp.com\/bisognaprevenire.com\/wp-content\/uploads\/2021\/04\/riflessi-spinali-scaled.jpg?resize=725%2C1024&amp;ssl=1 725w, https:\/\/i0.wp.com\/bisognaprevenire.com\/wp-content\/uploads\/2021\/04\/riflessi-spinali-scaled.jpg?resize=768%2C1084&amp;ssl=1 768w, https:\/\/i0.wp.com\/bisognaprevenire.com\/wp-content\/uploads\/2021\/04\/riflessi-spinali-scaled.jpg?resize=1088%2C1536&amp;ssl=1 1088w, https:\/\/i0.wp.com\/bisognaprevenire.com\/wp-content\/uploads\/2021\/04\/riflessi-spinali-scaled.jpg?resize=1450%2C2048&amp;ssl=1 1450w, https:\/\/i0.wp.com\/bisognaprevenire.com\/wp-content\/uploads\/2021\/04\/riflessi-spinali-scaled.jpg?resize=8%2C12&amp;ssl=1 8w, https:\/\/i0.wp.com\/bisognaprevenire.com\/wp-content\/uploads\/2021\/04\/riflessi-spinali-scaled.jpg?w=1260&amp;ssl=1 1260w\" sizes=\"auto, (max-width: 630px) 100vw, 630px\" \/><\/figure>\n\n\n\n<figure class=\"wp-block-image size-large\"><img data-recalc-dims=\"1\" loading=\"lazy\" decoding=\"async\" width=\"630\" height=\"748\" src=\"https:\/\/i0.wp.com\/bisognaprevenire.com\/wp-content\/uploads\/2020\/09\/everycell.jpeg?resize=630%2C748&#038;ssl=1\" alt=\"\" class=\"wp-image-104\" srcset=\"https:\/\/i0.wp.com\/bisognaprevenire.com\/wp-content\/uploads\/2020\/09\/everycell.jpeg?resize=862%2C1024&amp;ssl=1 862w, https:\/\/i0.wp.com\/bisognaprevenire.com\/wp-content\/uploads\/2020\/09\/everycell.jpeg?resize=252%2C300&amp;ssl=1 252w, https:\/\/i0.wp.com\/bisognaprevenire.com\/wp-content\/uploads\/2020\/09\/everycell.jpeg?resize=768%2C913&amp;ssl=1 768w, https:\/\/i0.wp.com\/bisognaprevenire.com\/wp-content\/uploads\/2020\/09\/everycell.jpeg?resize=1%2C1&amp;ssl=1 1w, https:\/\/i0.wp.com\/bisognaprevenire.com\/wp-content\/uploads\/2020\/09\/everycell.jpeg?w=1264&amp;ssl=1 1264w\" sizes=\"auto, (max-width: 630px) 100vw, 630px\" \/><\/figure>\n\n\n\n<p class=\"\"><\/p>","protected":false},"excerpt":{"rendered":"<p>Chiropractic is . . . A health-care profession that focuses on the spine and other joints of the body, and their connection to the nervous system.&nbsp;The word \u201cchiropractic\u201d means \u201cto be done by hand.\u201d Chiropractors use adjustments to restore joint function and support the nervous system. Why Chiropractic? Over the years, more and more people&nbsp;across [&hellip;]<\/p>\n","protected":false},"author":1,"featured_media":29,"parent":0,"menu_order":0,"comment_status":"closed","ping_status":"closed","template":"template-new-patient-sidebar-right.php","meta":{"nf_dc_page":"","_mbp_gutenberg_autopost":false,"footnotes":""},"class_list":["post-72","page","type-page","status-publish","has-post-thumbnail","hentry"],"jetpack_sharing_enabled":true,"jetpack_likes_enabled":true,"_links":{"self":[{"href":"https:\/\/bisognaprevenire.com\/it\/wp-json\/wp\/v2\/pages\/72","targetHints":{"allow":["GET"]}}],"collection":[{"href":"https:\/\/bisognaprevenire.com\/it\/wp-json\/wp\/v2\/pages"}],"about":[{"href":"https:\/\/bisognaprevenire.com\/it\/wp-json\/wp\/v2\/types\/page"}],"author":[{"embeddable":true,"href":"https:\/\/bisognaprevenire.com\/it\/wp-json\/wp\/v2\/users\/1"}],"replies":[{"embeddable":true,"href":"https:\/\/bisognaprevenire.com\/it\/wp-json\/wp\/v2\/comments?post=72"}],"version-history":[{"count":5,"href":"https:\/\/bisognaprevenire.com\/it\/wp-json\/wp\/v2\/pages\/72\/revisions"}],"predecessor-version":[{"id":775,"href":"https:\/\/bisognaprevenire.com\/it\/wp-json\/wp\/v2\/pages\/72\/revisions\/775"}],"wp:featuredmedia":[{"embeddable":true,"href":"https:\/\/bisognaprevenire.com\/it\/wp-json\/wp\/v2\/media\/29"}],"wp:attachment":[{"href":"https:\/\/bisognaprevenire.com\/it\/wp-json\/wp\/v2\/media?parent=72"}],"curies":[{"name":"wp","href":"https:\/\/api.w.org\/{rel}","templated":true}]}}