{"id":409,"date":"2023-09-25T07:37:49","date_gmt":"2023-09-25T07:37:49","guid":{"rendered":"https:\/\/bisognaprevenire.com\/?page_id=409"},"modified":"2024-03-20T09:53:59","modified_gmt":"2024-03-20T09:53:59","slug":"massaggio-terapia","status":"publish","type":"page","link":"https:\/\/bisognaprevenire.com\/it\/massaggio-terapia\/","title":{"rendered":"Massaggio terapia"},"content":{"rendered":"<h3 class=\"wp-block-heading\">Se sei stressata o hai tensioni e dolori cronici, un massaggio terapeutico pu\u00f2 contribuire ad alleviarli; che si tratti di un massaggio addominale o alla schiena, migliorer\u00e0 la tua salute e ti aiuter\u00e0 a rilassarti.<\/h3>\n\n\n\n<p class=\"\"><\/p>\n\n\n\n<div class=\"wp-block-buttons is-layout-flex wp-block-buttons-is-layout-flex\">\n<div class=\"wp-block-button\"><a class=\"wp-block-button__link has-background wp-element-button\" href=\"https:\/\/bisognaprevenire.com\/it\/massaggio-terapia\/massaggi-proposti\/\" style=\"background-color:#cd2653\">Massaggi Proposti<\/a><\/div>\n\n\n\n<div class=\"wp-block-button\"><a class=\"wp-block-button__link has-background wp-element-button\" href=\"https:\/\/bisognaprevenire.com\/it\/massaggio-terapia\/contatta-sara\/\" style=\"background-color:#cd2653\">Contattaci<\/a><\/div>\n\n\n\n<div class=\"is-style-fill wp-block-button\"><a class=\"wp-block-button__link has-background wp-element-button\" href=\"https:\/\/bisognaprevenire.com\/it\/massaggio-terapia\/sara-garzarella\/\" style=\"background-color:#cd2653\">Chi Sono<\/a><\/div>\n\n\n\n<div class=\"is-style-fill wp-block-button\"><a class=\"wp-block-button__link has-background wp-element-button\" href=\"https:\/\/bisognaprevenire.com\/wp-content\/uploads\/2024\/02\/Benessere-Quotidiano-1.pdf\" style=\"background-color:#cd2653\" target=\"_blank\" rel=\"noreferrer noopener\">Manuale di Ben-essere eBook<\/a><\/div>\n<\/div>\n\n\n\n<p class=\"\"><\/p>\n\n\n\n<figure class=\"wp-block-image size-large is-resized\"><a href=\"https:\/\/bisognaprevenire.com\/it\/massaggio-terapia\/sara-garzarella\/\"><img data-recalc-dims=\"1\" loading=\"lazy\" decoding=\"async\" width=\"630\" height=\"630\" src=\"https:\/\/i0.wp.com\/bisognaprevenire.com\/wp-content\/uploads\/2023\/09\/IMG_0369.jpg?resize=630%2C630&#038;ssl=1\" alt=\"\" class=\"wp-image-410\" style=\"width:475px;height:auto\" srcset=\"https:\/\/i0.wp.com\/bisognaprevenire.com\/wp-content\/uploads\/2023\/09\/IMG_0369.jpg?resize=1024%2C1024&amp;ssl=1 1024w, https:\/\/i0.wp.com\/bisognaprevenire.com\/wp-content\/uploads\/2023\/09\/IMG_0369.jpg?resize=300%2C300&amp;ssl=1 300w, https:\/\/i0.wp.com\/bisognaprevenire.com\/wp-content\/uploads\/2023\/09\/IMG_0369.jpg?resize=150%2C150&amp;ssl=1 150w, https:\/\/i0.wp.com\/bisognaprevenire.com\/wp-content\/uploads\/2023\/09\/IMG_0369.jpg?resize=768%2C768&amp;ssl=1 768w, https:\/\/i0.wp.com\/bisognaprevenire.com\/wp-content\/uploads\/2023\/09\/IMG_0369.jpg?resize=12%2C12&amp;ssl=1 12w, https:\/\/i0.wp.com\/bisognaprevenire.com\/wp-content\/uploads\/2023\/09\/IMG_0369.jpg?w=1080&amp;ssl=1 1080w\" sizes=\"auto, (max-width: 630px) 100vw, 630px\" \/><\/a><\/figure>","protected":false},"excerpt":{"rendered":"<p>Se sei stressata o hai tensioni e dolori cronici, un massaggio terapeutico pu\u00f2 contribuire ad alleviarli; che si tratti di un massaggio addominale o alla schiena, migliorer\u00e0 la tua salute e ti aiuter\u00e0 a rilassarti.<\/p>","protected":false},"author":1,"featured_media":0,"parent":0,"menu_order":0,"comment_status":"closed","ping_status":"closed","template":"template-custom-sidebar-right.php","meta":{"nf_dc_page":"","_mbp_gutenberg_autopost":false,"footnotes":""},"class_list":["post-409","page","type-page","status-publish","hentry"],"jetpack_sharing_enabled":true,"jetpack_likes_enabled":true,"_links":{"self":[{"href":"https:\/\/bisognaprevenire.com\/it\/wp-json\/wp\/v2\/pages\/409","targetHints":{"allow":["GET"]}}],"collection":[{"href":"https:\/\/bisognaprevenire.com\/it\/wp-json\/wp\/v2\/pages"}],"about":[{"href":"https:\/\/bisognaprevenire.com\/it\/wp-json\/wp\/v2\/types\/page"}],"author":[{"embeddable":true,"href":"https:\/\/bisognaprevenire.com\/it\/wp-json\/wp\/v2\/users\/1"}],"replies":[{"embeddable":true,"href":"https:\/\/bisognaprevenire.com\/it\/wp-json\/wp\/v2\/comments?post=409"}],"version-history":[{"count":5,"href":"https:\/\/bisognaprevenire.com\/it\/wp-json\/wp\/v2\/pages\/409\/revisions"}],"predecessor-version":[{"id":478,"href":"https:\/\/bisognaprevenire.com\/it\/wp-json\/wp\/v2\/pages\/409\/revisions\/478"}],"wp:attachment":[{"href":"https:\/\/bisognaprevenire.com\/it\/wp-json\/wp\/v2\/media?parent=409"}],"curies":[{"name":"wp","href":"https:\/\/api.w.org\/{rel}","templated":true}]}}