{"id":374,"date":"2023-01-22T11:39:41","date_gmt":"2023-01-22T11:39:41","guid":{"rendered":"https:\/\/bisognaprevenire.com\/?page_id=374"},"modified":"2023-01-22T14:40:37","modified_gmt":"2023-01-22T14:40:37","slug":"trattamento-aromatouch","status":"publish","type":"page","link":"https:\/\/bisognaprevenire.com\/it\/trattamento-aromatouch\/","title":{"rendered":"Trattamento AromaTouch\u00ae"},"content":{"rendered":"<figure class=\"wp-block-image size-large\"><img data-recalc-dims=\"1\" loading=\"lazy\" decoding=\"async\" width=\"630\" height=\"184\" src=\"https:\/\/i0.wp.com\/bisognaprevenire.com\/wp-content\/uploads\/2023\/01\/aroma-touch-marta-simonetto-naturopata-4.jpg?resize=630%2C184&#038;ssl=1\" alt=\"\" class=\"wp-image-376\" srcset=\"https:\/\/i0.wp.com\/bisognaprevenire.com\/wp-content\/uploads\/2023\/01\/aroma-touch-marta-simonetto-naturopata-4.jpg?resize=1024%2C299&amp;ssl=1 1024w, https:\/\/i0.wp.com\/bisognaprevenire.com\/wp-content\/uploads\/2023\/01\/aroma-touch-marta-simonetto-naturopata-4.jpg?resize=300%2C88&amp;ssl=1 300w, https:\/\/i0.wp.com\/bisognaprevenire.com\/wp-content\/uploads\/2023\/01\/aroma-touch-marta-simonetto-naturopata-4.jpg?resize=768%2C224&amp;ssl=1 768w, https:\/\/i0.wp.com\/bisognaprevenire.com\/wp-content\/uploads\/2023\/01\/aroma-touch-marta-simonetto-naturopata-4.jpg?resize=18%2C5&amp;ssl=1 18w, https:\/\/i0.wp.com\/bisognaprevenire.com\/wp-content\/uploads\/2023\/01\/aroma-touch-marta-simonetto-naturopata-4.jpg?w=1200&amp;ssl=1 1200w\" sizes=\"auto, (max-width: 630px) 100vw, 630px\" \/><\/figure>\n\n\n\n<p>80.00 \u20ac (IVA incl.)<\/p>\n\n\n\n<p>Trattamento che utilizza gli oli essenziali biologici d\u014dTERRA\u00ae lungo i meridiani energetici e i punti di contatto viscerali della schiena e dei piedi, per favorire l\u2019equilibrio tra il sistema nervoso simpatico e quello parasimpatico. Massaggio molto delicato ed estremamente rilassante che ha come scopo quello di riportare il corpo e la mente in uno stato di equilibrio generale. Durata 40\u2032.<\/p>\n\n\n\n<p><a href=\"http:\/\/www.aromatouch.com\/\">www.aromatouch.com<\/a><\/p>\n\n\n\n<h2 class=\"wp-block-heading\">Cos\u2019\u00e8 l\u2019Aromatouch?<\/h2>\n\n\n\n<p>Il Dottor David K. Hill, uno dei sette fondatori di d\u014dTERRA e responsabile del Comitato Scientifico dell\u2019Azienda, \u00e8 uno dei maggiori esperti mondiali nell\u2019uso degli oli essenziali puri e terapeutici e grazie alle sue competenze mediche ha sviluppato una particolare tecnica di massaggio Aromatouch che offre a tutti la possibilit\u00e0 di conoscere e provare gli oli essenziali puri e certificati CPTG d\u014dTERRA. Per condividere questa tecnica non \u00e8 necessario essere dei professionisti; tutti possono impararla ed utilizzarla. Requisito fondamentale \u00e8 aver seguito un corso specifico di d\u014dTERRA che d\u00e1 la possibilit\u00e0 di essere certificati e potere cos\u00ec donare questa esperienza ad amici e familiari. E tutti, dai bambini agli anziani possono ricevere i benefici di questo massaggio che riporta il corpo e la mente in uno stato di equilibrio e dona un\u2019esperienza unica. Dopo aver viaggiato a lungo e studiato le diverse tecniche di massaggio, il dottor Hill ha brevettato l\u2019Aromatouch Technique che unisce il beneficio dell\u2019AROMA degli oli essenziali puri e terapeutici al beneficio del TOUCH.<\/p>\n\n\n\n<h2 class=\"wp-block-heading\">L\u2019importanza dell\u2019AROMA<\/h2>\n\n\n\n<p>L\u2019aroma, il profumo ci riportano a ricordi positivi o negativi a causa delle nostre esperienze personali registrate nella memoria olfattiva. Esistono prove che una fragranza piacevole migliori l\u2019umore e aumenti il benessere. Ogni olio essenziale scelto per l\u2019Aromatouch Technique \u00e8 stato selezionato sia per le sue specifiche caratteristiche aromatiche sia per le propriet\u00e0 che scaturiscono dalla sapiente miscelazione con gli altri oli essenziali presenti nel massaggio Aromatouch.<\/p>\n\n\n<div class=\"wp-block-image\">\n<figure class=\"aligncenter size-full\"><img data-recalc-dims=\"1\" loading=\"lazy\" decoding=\"async\" width=\"460\" height=\"239\" src=\"https:\/\/i0.wp.com\/bisognaprevenire.com\/wp-content\/uploads\/2023\/01\/aroma-touch-marta-simonetto-naturopata-1.jpg?resize=460%2C239&#038;ssl=1\" alt=\"\" class=\"wp-image-378\" srcset=\"https:\/\/i0.wp.com\/bisognaprevenire.com\/wp-content\/uploads\/2023\/01\/aroma-touch-marta-simonetto-naturopata-1.jpg?w=460&amp;ssl=1 460w, https:\/\/i0.wp.com\/bisognaprevenire.com\/wp-content\/uploads\/2023\/01\/aroma-touch-marta-simonetto-naturopata-1.jpg?resize=300%2C156&amp;ssl=1 300w, https:\/\/i0.wp.com\/bisognaprevenire.com\/wp-content\/uploads\/2023\/01\/aroma-touch-marta-simonetto-naturopata-1.jpg?resize=18%2C9&amp;ssl=1 18w\" sizes=\"auto, (max-width: 460px) 100vw, 460px\" \/><\/figure>\n<\/div>\n\n\n<h2 class=\"wp-block-heading\">L\u2019importanza del TOUCH<\/h2>\n\n\n\n<p>Il beneficio che una persona trae quando viene carezzato dal massaggio \u00e8 immenso. Pensiamo solo all\u2019importanza che ha il toccare i neonati. Alcuni studi scientifici ci dicono che quando si tocca una persona il suo battito cardiaco diminuisce, i livelli di ossitocina nel sangue aumentano, i livelli di cortisolo (l\u2019ormone dello stress) diminuiscono, l\u2019ippocampo viene stimolato e si rafforza il sistema immunitario. Altra cosa fondamentale per il massaggio Aromatouch \u00e8 il fatto che si instaura un rapporto di fiducia tra massaggiatore e il ricevente che permette a quest\u2019ultimo di rilassarsi e trarre benessere dal trattamento.<\/p>\n\n\n\n<h2 class=\"wp-block-heading\">Perch\u00e9 il trattamento Aromatouch?<\/h2>\n\n\n\n<p>Questo trattamento \u00e8 di estrema efficacia sia nella prevenzione che nel mantenimento di uno stato di salute sano. Possono usufruirne tutti: dai neonati agli anziani alle donne in gravidanza. Questo trattamento \u00e8 altamente sicuro perch\u00e9 utilizza solamente gli oli essenziali puri e di alto grado terapeutico certificati col marchio CPTG che vengono applicati secondo una determinata sequenza e con movimenti precisi sulla schiena e sotto i piedi. Questa sequenza di movimenti serve anche a sbloccare i meridiani energetici.<\/p>","protected":false},"excerpt":{"rendered":"<p>80.00 \u20ac (IVA incl.) Trattamento che utilizza gli oli essenziali biologici d\u014dTERRA\u00ae lungo i meridiani energetici e i punti di contatto viscerali della schiena e dei piedi, per favorire l\u2019equilibrio tra il sistema nervoso simpatico e quello parasimpatico. Massaggio molto delicato ed estremamente rilassante che ha come scopo quello di riportare il corpo e la [&hellip;]<\/p>\n","protected":false},"author":1,"featured_media":0,"parent":0,"menu_order":0,"comment_status":"closed","ping_status":"closed","template":"template-appointment-sidebar-right.php","meta":{"nf_dc_page":"","_mbp_gutenberg_autopost":false,"footnotes":""},"class_list":["post-374","page","type-page","status-publish","hentry"],"jetpack_sharing_enabled":true,"jetpack_likes_enabled":true,"_links":{"self":[{"href":"https:\/\/bisognaprevenire.com\/it\/wp-json\/wp\/v2\/pages\/374","targetHints":{"allow":["GET"]}}],"collection":[{"href":"https:\/\/bisognaprevenire.com\/it\/wp-json\/wp\/v2\/pages"}],"about":[{"href":"https:\/\/bisognaprevenire.com\/it\/wp-json\/wp\/v2\/types\/page"}],"author":[{"embeddable":true,"href":"https:\/\/bisognaprevenire.com\/it\/wp-json\/wp\/v2\/users\/1"}],"replies":[{"embeddable":true,"href":"https:\/\/bisognaprevenire.com\/it\/wp-json\/wp\/v2\/comments?post=374"}],"version-history":[{"count":3,"href":"https:\/\/bisognaprevenire.com\/it\/wp-json\/wp\/v2\/pages\/374\/revisions"}],"predecessor-version":[{"id":407,"href":"https:\/\/bisognaprevenire.com\/it\/wp-json\/wp\/v2\/pages\/374\/revisions\/407"}],"wp:attachment":[{"href":"https:\/\/bisognaprevenire.com\/it\/wp-json\/wp\/v2\/media?parent=374"}],"curies":[{"name":"wp","href":"https:\/\/api.w.org\/{rel}","templated":true}]}}