{"id":326,"date":"2022-07-04T21:12:14","date_gmt":"2022-07-04T21:12:14","guid":{"rendered":"https:\/\/bisognaprevenire.com\/?page_id=326"},"modified":"2022-07-04T22:28:57","modified_gmt":"2022-07-04T22:28:57","slug":"iridologia","status":"publish","type":"page","link":"https:\/\/bisognaprevenire.com\/it\/iridologia\/","title":{"rendered":"Iridologia"},"content":{"rendered":"<div class=\"wp-block-cover\"><span aria-hidden=\"true\" class=\"wp-block-cover__background has-background-dim\"><\/span><img data-recalc-dims=\"1\" loading=\"lazy\" decoding=\"async\" width=\"600\" height=\"450\" class=\"wp-block-cover__image-background wp-image-329\" alt=\"\" src=\"https:\/\/i0.wp.com\/bisognaprevenire.com\/wp-content\/uploads\/2022\/07\/600px-Blue-Green-Grey_eye.jpg?resize=600%2C450&#038;ssl=1\" data-object-fit=\"cover\" srcset=\"https:\/\/i0.wp.com\/bisognaprevenire.com\/wp-content\/uploads\/2022\/07\/600px-Blue-Green-Grey_eye.jpg?w=600&amp;ssl=1 600w, https:\/\/i0.wp.com\/bisognaprevenire.com\/wp-content\/uploads\/2022\/07\/600px-Blue-Green-Grey_eye.jpg?resize=300%2C225&amp;ssl=1 300w, https:\/\/i0.wp.com\/bisognaprevenire.com\/wp-content\/uploads\/2022\/07\/600px-Blue-Green-Grey_eye.jpg?resize=16%2C12&amp;ssl=1 16w\" sizes=\"auto, (max-width: 600px) 100vw, 600px\" \/><div class=\"wp-block-cover__inner-container is-layout-flow wp-block-cover-is-layout-flow\">\n<p class=\"has-text-align-center has-large-font-size\">Iridologia<\/p>\n<\/div><\/div>\n\n\n\n<p>L\u2019iridologia&nbsp;\u00e8 un metodo diagnostico che si basa sull\u2019esame dell\u2019iride: un insieme di tecniche utilizzate gi\u00e0 dagli antichi Egizi e da altre civilt\u00e0 come i Cinesi, presenta alcuni aspetti che, riformulati con le tecniche moderne, ne possono fare un utile complemento alla metodologia diagnostica ufficiale.<\/p>\n\n\n\n<h2 class=\"wp-block-heading\">Iridologia: come funziona l\u2019esame iridologico<\/h2>\n\n\n\n<p>L\u2019esame iridologico avviene attraverso l\u2018iridoscopio, una lente con una forte capacit\u00e0 di ingrandimento, che permette di evidenziare i punti dell\u2019iride corrispondenti agli organi del corpo.<\/p>\n\n\n\n<p>Occorre&nbsp;esaminare le iridi di entrambi gli occhi<strong>&nbsp;<\/strong>perch\u00e9, immaginando che il corpo umano sia idealmente suddividibile in due met\u00e0, la parte destra si rispecchia nell\u2019occhio destro, cos\u00ec come la parte sinistra \u00e8 rappresentata dall\u2019iride destro.<\/p>\n\n\n\n<p>L\u2019idroscopio permette all\u2019esperto iridologo, che \u00e8 un&nbsp;naturopata o un medico specializzato in iridologia, di individuare e&nbsp;interpretare le diverse macchie, le sfumature di colore e la trama dell\u2019iride.<\/p>\n\n\n\n<p>Quest\u2019ultima&nbsp; presenta caratteristiche molto variabili da un soggetto all\u2019altro.&nbsp;La prima cosa che l\u2019iridologo osserver\u00e0 \u00e8 proprio se la trama dell\u2019occhio \u00e8 fitta o meno.<\/p>\n\n\n\n<h2 class=\"wp-block-heading\">Cosa rivela l\u2019iridologia?<\/h2>\n\n\n\n<p>Quando la&nbsp;trama dell\u2019iride \u00e8 fitta, significa che la&nbsp;costituzione \u00e8 forte, la resistenza fisica \u00e8 elevata e tale \u00e8 anche la capacit\u00e0 di guarigione.&nbsp;Se la trama \u00e8 larga, solitamente la costituzione \u00e8 pi\u00f9 esposta al pericolo di malattie.<\/p>\n\n\n\n<p>Anche il&nbsp;colore dell\u2019iride&nbsp;segnala una generale predisposizione a particolari disturbi.<\/p>\n\n\n\n<p>Ad esempio, il colore<strong>&nbsp;<\/strong>marrone predispone a problemi digestivi, il colore&nbsp;blu a problemi respiratori.&nbsp;Inoltre, se sono presenti macchie di un colore particolare, anche questo \u00e8 un segnale di allarme. Per esempio, una macchia gialla potrebbe essere indicativa di un\u2019infiammazione in corso, una violacea indica una difficolt\u00e0 epatica.<\/p>\n\n\n\n<p>Anche la&nbsp;forma della pupilla&nbsp;\u00e8 sottoposta ad esame: lo stato di salute \u00e8 ottimo quando appare&nbsp;perfettamente circolare e di colore tendente al rosso. Viceversa, se presenta deformazioni, \u00e8 indicatrice di predisposizione ad un particolare disturbo o addirittura di una malattia in corso.<\/p>\n\n\n\n<p>Ai pionieri dell\u2019iridologia spetta il merito di aver dato vita, come per la&nbsp;riflessologia, alle&nbsp;mappe dell\u2019iride. Esse rappresentano gli occhi come due grandi&nbsp;cerchi suddivisi in dodici settori e in sei anelli concentrici.<\/p>\n\n\n\n<p>Quello pi\u00f9 centrale corrisponde allo stomaco, seguono&nbsp; gli anelli corrispondenti a intestino, cuore, ghiandole surrenali, muscoli e scheletro&nbsp; e infine epidermide.<\/p>\n\n\n\n<figure class=\"wp-block-image size-large\"><img data-recalc-dims=\"1\" loading=\"lazy\" decoding=\"async\" width=\"630\" height=\"445\" src=\"https:\/\/i0.wp.com\/bisognaprevenire.com\/wp-content\/uploads\/2022\/07\/81zLQumLKiL._SL1500_.jpg?resize=630%2C445&#038;ssl=1\" alt=\"\" class=\"wp-image-328\" srcset=\"https:\/\/i0.wp.com\/bisognaprevenire.com\/wp-content\/uploads\/2022\/07\/81zLQumLKiL._SL1500_.jpg?resize=1024%2C724&amp;ssl=1 1024w, https:\/\/i0.wp.com\/bisognaprevenire.com\/wp-content\/uploads\/2022\/07\/81zLQumLKiL._SL1500_.jpg?resize=300%2C212&amp;ssl=1 300w, https:\/\/i0.wp.com\/bisognaprevenire.com\/wp-content\/uploads\/2022\/07\/81zLQumLKiL._SL1500_.jpg?resize=768%2C543&amp;ssl=1 768w, https:\/\/i0.wp.com\/bisognaprevenire.com\/wp-content\/uploads\/2022\/07\/81zLQumLKiL._SL1500_.jpg?resize=18%2C12&amp;ssl=1 18w, https:\/\/i0.wp.com\/bisognaprevenire.com\/wp-content\/uploads\/2022\/07\/81zLQumLKiL._SL1500_.jpg?w=1500&amp;ssl=1 1500w, https:\/\/i0.wp.com\/bisognaprevenire.com\/wp-content\/uploads\/2022\/07\/81zLQumLKiL._SL1500_.jpg?w=1260&amp;ssl=1 1260w\" sizes=\"auto, (max-width: 630px) 100vw, 630px\" \/><\/figure>\n\n\n\n<figure class=\"wp-block-image size-large\"><img data-recalc-dims=\"1\" loading=\"lazy\" decoding=\"async\" width=\"630\" height=\"446\" src=\"https:\/\/i0.wp.com\/bisognaprevenire.com\/wp-content\/uploads\/2022\/07\/290804676_5403046999753783_1030575176973866549_n.jpg?resize=630%2C446&#038;ssl=1\" alt=\"\" class=\"wp-image-330\" srcset=\"https:\/\/i0.wp.com\/bisognaprevenire.com\/wp-content\/uploads\/2022\/07\/290804676_5403046999753783_1030575176973866549_n.jpg?resize=1024%2C725&amp;ssl=1 1024w, https:\/\/i0.wp.com\/bisognaprevenire.com\/wp-content\/uploads\/2022\/07\/290804676_5403046999753783_1030575176973866549_n.jpg?resize=300%2C212&amp;ssl=1 300w, https:\/\/i0.wp.com\/bisognaprevenire.com\/wp-content\/uploads\/2022\/07\/290804676_5403046999753783_1030575176973866549_n.jpg?resize=768%2C544&amp;ssl=1 768w, https:\/\/i0.wp.com\/bisognaprevenire.com\/wp-content\/uploads\/2022\/07\/290804676_5403046999753783_1030575176973866549_n.jpg?resize=18%2C12&amp;ssl=1 18w, https:\/\/i0.wp.com\/bisognaprevenire.com\/wp-content\/uploads\/2022\/07\/290804676_5403046999753783_1030575176973866549_n.jpg?w=1242&amp;ssl=1 1242w\" sizes=\"auto, (max-width: 630px) 100vw, 630px\" \/><\/figure>\n\n\n\n<figure class=\"wp-block-image size-large\"><img data-recalc-dims=\"1\" loading=\"lazy\" decoding=\"async\" width=\"630\" height=\"452\" src=\"https:\/\/i0.wp.com\/bisognaprevenire.com\/wp-content\/uploads\/2022\/07\/290824187_5403047073087109_2109806459966465671_n.jpg?resize=630%2C452&#038;ssl=1\" alt=\"\" class=\"wp-image-331\" srcset=\"https:\/\/i0.wp.com\/bisognaprevenire.com\/wp-content\/uploads\/2022\/07\/290824187_5403047073087109_2109806459966465671_n.jpg?resize=1024%2C735&amp;ssl=1 1024w, https:\/\/i0.wp.com\/bisognaprevenire.com\/wp-content\/uploads\/2022\/07\/290824187_5403047073087109_2109806459966465671_n.jpg?resize=300%2C215&amp;ssl=1 300w, https:\/\/i0.wp.com\/bisognaprevenire.com\/wp-content\/uploads\/2022\/07\/290824187_5403047073087109_2109806459966465671_n.jpg?resize=768%2C551&amp;ssl=1 768w, https:\/\/i0.wp.com\/bisognaprevenire.com\/wp-content\/uploads\/2022\/07\/290824187_5403047073087109_2109806459966465671_n.jpg?resize=18%2C12&amp;ssl=1 18w, https:\/\/i0.wp.com\/bisognaprevenire.com\/wp-content\/uploads\/2022\/07\/290824187_5403047073087109_2109806459966465671_n.jpg?w=1242&amp;ssl=1 1242w\" sizes=\"auto, (max-width: 630px) 100vw, 630px\" \/><\/figure>\n\n\n\n<figure class=\"wp-block-image size-large\"><img data-recalc-dims=\"1\" loading=\"lazy\" decoding=\"async\" width=\"630\" height=\"453\" src=\"https:\/\/i0.wp.com\/bisognaprevenire.com\/wp-content\/uploads\/2022\/07\/290905807_5403046993087117_67897297353508366_n.jpg?resize=630%2C453&#038;ssl=1\" alt=\"\" class=\"wp-image-332\" srcset=\"https:\/\/i0.wp.com\/bisognaprevenire.com\/wp-content\/uploads\/2022\/07\/290905807_5403046993087117_67897297353508366_n.jpg?resize=1024%2C736&amp;ssl=1 1024w, https:\/\/i0.wp.com\/bisognaprevenire.com\/wp-content\/uploads\/2022\/07\/290905807_5403046993087117_67897297353508366_n.jpg?resize=300%2C216&amp;ssl=1 300w, https:\/\/i0.wp.com\/bisognaprevenire.com\/wp-content\/uploads\/2022\/07\/290905807_5403046993087117_67897297353508366_n.jpg?resize=768%2C552&amp;ssl=1 768w, https:\/\/i0.wp.com\/bisognaprevenire.com\/wp-content\/uploads\/2022\/07\/290905807_5403046993087117_67897297353508366_n.jpg?resize=18%2C12&amp;ssl=1 18w, https:\/\/i0.wp.com\/bisognaprevenire.com\/wp-content\/uploads\/2022\/07\/290905807_5403046993087117_67897297353508366_n.jpg?w=1242&amp;ssl=1 1242w\" sizes=\"auto, (max-width: 630px) 100vw, 630px\" \/><\/figure>\n\n\n\n<p><sub>https:\/\/www.tuttogreen.it\/iridologia-come-funziona\/<\/sub><\/p>","protected":false},"excerpt":{"rendered":"<p>L\u2019iridologia&nbsp;\u00e8 un metodo diagnostico che si basa sull\u2019esame dell\u2019iride: un insieme di tecniche utilizzate gi\u00e0 dagli antichi Egizi e da altre civilt\u00e0 come i Cinesi, presenta alcuni aspetti che, riformulati con le tecniche moderne, ne possono fare un utile complemento alla metodologia diagnostica ufficiale. Iridologia: come funziona l\u2019esame iridologico L\u2019esame iridologico avviene attraverso l\u2018iridoscopio, una [&hellip;]<\/p>\n","protected":false},"author":1,"featured_media":0,"parent":0,"menu_order":0,"comment_status":"closed","ping_status":"closed","template":"template-appointment-sidebar-right.php","meta":{"nf_dc_page":"","_mbp_gutenberg_autopost":false,"footnotes":""},"class_list":["post-326","page","type-page","status-publish","hentry"],"jetpack_sharing_enabled":true,"jetpack_likes_enabled":true,"_links":{"self":[{"href":"https:\/\/bisognaprevenire.com\/it\/wp-json\/wp\/v2\/pages\/326","targetHints":{"allow":["GET"]}}],"collection":[{"href":"https:\/\/bisognaprevenire.com\/it\/wp-json\/wp\/v2\/pages"}],"about":[{"href":"https:\/\/bisognaprevenire.com\/it\/wp-json\/wp\/v2\/types\/page"}],"author":[{"embeddable":true,"href":"https:\/\/bisognaprevenire.com\/it\/wp-json\/wp\/v2\/users\/1"}],"replies":[{"embeddable":true,"href":"https:\/\/bisognaprevenire.com\/it\/wp-json\/wp\/v2\/comments?post=326"}],"version-history":[{"count":2,"href":"https:\/\/bisognaprevenire.com\/it\/wp-json\/wp\/v2\/pages\/326\/revisions"}],"predecessor-version":[{"id":355,"href":"https:\/\/bisognaprevenire.com\/it\/wp-json\/wp\/v2\/pages\/326\/revisions\/355"}],"wp:attachment":[{"href":"https:\/\/bisognaprevenire.com\/it\/wp-json\/wp\/v2\/media?parent=326"}],"curies":[{"name":"wp","href":"https:\/\/api.w.org\/{rel}","templated":true}]}}