{"id":310,"date":"2022-03-15T20:52:51","date_gmt":"2022-03-15T20:52:51","guid":{"rendered":"https:\/\/bisognaprevenire.com\/?page_id=310"},"modified":"2026-02-09T14:03:09","modified_gmt":"2026-02-09T13:03:09","slug":"ernia-del-disco","status":"publish","type":"page","link":"https:\/\/bisognaprevenire.com\/it\/chiropractic\/ernia-del-disco\/","title":{"rendered":"Ernia del disco"},"content":{"rendered":"<h3 class=\"wp-block-heading\">Che cos\u2019\u00e8<\/h3>\n\n\n\n<p>Tra una vertebra e l\u2019altra \u00e8 interposto un disco intervertebrale. Esso \u00e8 paragonabile ad un cuscino pressurizzato che ammortizza e distribuisce il peso del nostro corpo sulla colonna.<\/p>\n\n\n\n<p>Da un punto di vista anatomico, sono due le strutture che lo compongono: al centro, un&nbsp;<strong>nucleo polposo<\/strong>, di massa gelatinosa, sferica, composta per l\u201988% di acqua. Attorno ad esso, un&nbsp;<strong>anulus fibrosus<\/strong>, formato da una rete concentrica di fibre di collagene che lo avvolgono, conferendogli quella turgidit\u00e0 necessaria a sostenere ed ammortizzare il peso del tronco.<\/p>\n\n\n\n<figure class=\"wp-block-image size-full\"><img data-recalc-dims=\"1\" loading=\"lazy\" decoding=\"async\" width=\"621\" height=\"495\" src=\"https:\/\/i0.wp.com\/bisognaprevenire.com\/wp-content\/uploads\/2022\/03\/ernia-del-disco2.jpg?resize=621%2C495&#038;ssl=1\" alt=\"\" class=\"wp-image-312\" srcset=\"https:\/\/i0.wp.com\/bisognaprevenire.com\/wp-content\/uploads\/2022\/03\/ernia-del-disco2.jpg?w=621&amp;ssl=1 621w, https:\/\/i0.wp.com\/bisognaprevenire.com\/wp-content\/uploads\/2022\/03\/ernia-del-disco2.jpg?resize=300%2C239&amp;ssl=1 300w, https:\/\/i0.wp.com\/bisognaprevenire.com\/wp-content\/uploads\/2022\/03\/ernia-del-disco2.jpg?resize=15%2C12&amp;ssl=1 15w\" sizes=\"auto, (max-width: 621px) 100vw, 621px\" \/><\/figure>\n\n\n\n<p>Quando i segmenti vertebrali perdono il loro movimento fisiologico, e tale movimento disfunzionale non viene corretto per tempo, vengono a crearsi tutta una serie di squilibri e compensazioni che a lungo andare possono portare ad una degenerazione-lesione delle loro strutture. L\u2019ernia del disco ne rappresenta l\u2019esempio pi\u00f9 comune.<\/p>\n\n\n\n<p>Nei paragrafi precedenti abbiamo visto quanto possa essere fondamentale intervenire precocemente prima che questo accada, e come il chiropratico possa eliminare tali movimenti vertebrali scorretti interrompendo il percorso dalla disfunzione alla patologia.<\/p>\n\n\n\n<p>Ma se sei interessato alla lettura di questo capitolo, probabilmente ti \u00e8 gi\u00e0 stata diagnosticata un\u2019ernia del disco.<\/p>\n\n\n\n<figure class=\"wp-block-image size-full\"><img data-recalc-dims=\"1\" loading=\"lazy\" decoding=\"async\" width=\"630\" height=\"379\" src=\"https:\/\/i0.wp.com\/bisognaprevenire.com\/wp-content\/uploads\/2022\/03\/ernia-del-disco1.jpg?resize=630%2C379&#038;ssl=1\" alt=\"\" class=\"wp-image-311\" srcset=\"https:\/\/i0.wp.com\/bisognaprevenire.com\/wp-content\/uploads\/2022\/03\/ernia-del-disco1.jpg?w=640&amp;ssl=1 640w, https:\/\/i0.wp.com\/bisognaprevenire.com\/wp-content\/uploads\/2022\/03\/ernia-del-disco1.jpg?resize=300%2C180&amp;ssl=1 300w, https:\/\/i0.wp.com\/bisognaprevenire.com\/wp-content\/uploads\/2022\/03\/ernia-del-disco1.jpg?resize=18%2C12&amp;ssl=1 18w\" sizes=\"auto, (max-width: 630px) 100vw, 630px\" \/><\/figure>\n\n\n\n<p>Essa avviene quando le fibre ad anello dell\u2019anulus fibrosus si rompono una ad una e parte del nucleo polposo si riversa nel canale vertebrale. Questo crea una pressione sul nervo spinale corrispondente, infiammandolo e causando, se il nervo spinale \u00e8 localizzato nella parte bassa della schiena, la cosiddetta cruralgia o sciatalgia. Questo dipende se i nervi compressi dal disco passano anteriormente o posteriormente alla gamba.<\/p>\n\n\n\n<p>I sintomi possono variare dal dolore di schiena fino al piede, diminuzione di sensibilit\u00e0 sulla gamba, diminuzione o assenza dei riflessi tendinei, parziale perdita di forza degli arti inferiori, fino nei casi pi\u00f9 gravi all\u2019incontinenza sfinterica, per la quale si deve ricorrere ad immediato intervento chirurgico.<\/p>\n\n\n\n<p>Una volta che il disco si \u00e8 rotto, nessuno, nemmeno il neurochirurgo, pu\u00f2 ripristinarlo. Per\u00f2 si pu\u00f2 fare in modo che l\u2019ernia venga ridotta e possa non comprimere la radice del nervo, restituendo al paziente una buona qualit\u00e0 della vita e una remissione della sintomatologia.<\/p>\n\n\n\n<h3 class=\"wp-block-heading\">L\u2019efficacia della Chiropratica<\/h3>\n\n\n\n<p>L\u2019approccio conservativo primario di ernia del disco \u00e8 ancora di tipo quasi esclusivamente farmacologico, almeno in Italia e America. &nbsp;Il medico di base o lo specialista, sia esso fisiatra, ortopedico o neurochirurgo, nella maggior parte dei casi prescrivono solamente dei farmaci, senza indirizzare il paziente verso terapie fisiche che potrebbero aiutarlo a risolvere il problema in maniera pi\u00f9 efficace e funzionale, diminuendo sensibilmente l\u2019uso prolungato di medicine e dei loro effetti collaterali.<\/p>\n\n\n\n<p>Nel 2018 il Lancet Journal<sup>1<\/sup>, la testata scientifica pi\u00f9 autorevole al mondo, sulla base degli studi degli ultimi anni, ha pubblicato le nuove linee guida sulla cura del mal di schiena di tipo meccanico. La terapia fisica, tra queste la chiropratica, vengono fatte protagoniste e rappresentano la prima linea di cura. Solo dopo 3 mesi di terapia manuale e riabilitativa, nel caso di scarsi successi, viene presa in esame la terapia farmacologica ed eventualmente chirurgica.<\/p>\n\n\n\n<p>La chiropratica annovera pi\u00f9 di 100 differenti tecniche di aggiustamento vertebrale. Ogni tecnica \u00e8 personalizzata a seconda del paziente e del tipo di problema da risolvere. Dal neonato, alla donna in gravidanza, alla persona con handicap, all\u2019anziano osteoporotico.<\/p>\n\n\n\n<p>Al dott.ssa Tara Bisogna, per quanto riguarda il trattamento dell\u2019ernia del disco, adottiamo una tecnica chiropratica che rappresenta il protocollo terapeutico conservativo pi\u00f9 documentato a livello scientifico e tra i pi\u00f9 efficaci tra tutte le terapie conservative per l\u2019ernia del disco. Lo utilizziamo con successo anche tra i pazienti anziani e quelli operati chirurgicamente con esiti non soddisfacenti.<\/p>\n\n\n\n<h3 class=\"wp-block-heading\">La cura del Paziente<\/h3>\n\n\n\n<p><strong>Cox\u00ae Spinal Decompression Therapy<\/strong>&nbsp;\u00e8 la tecnica di decompressione vertebrale non chirurgica che viene adottata dal dott.ssa Tara Bisogna su tutti i pazienti con protrusioni, ernie discali o stenosi canalari da spondiloartrosi.<\/p>\n\n\n\n<p>Studi scientifici dimostrano che Cox\u00ae&nbsp;Technic non Surgical Decompression Therapy:<\/p>\n\n\n\n<ul class=\"wp-block-list\"><li>Riduce il numero di visite sanitarie e relativi costi in un anno di un paziente affetto da lombalgia cronica<sup>1<\/sup><\/li><li>E\u2019 pi\u00f9 efficace delle terapie fisiche e riabilitative tradizionali per la cura della lombalgia cronica<sup>2, 3<\/sup>.<\/li><li>Riduce la pressione intradiscale fino a -192 mmHg, favorendo il riassorbimento dell\u2019ernia<sup>4<\/sup><\/li><li>Aumenta lo spazio dei fori intervertebrali del 28% e l\u2019idratazione dei dischi in altezza di 2mm<sup>5<\/sup>.<\/li><li>Pu\u00f2 essere una valida e sicura alternativa all\u2019ozonoterapia e, in alcuni casi, anche alla chirurgia: rispetto alle precedenti non \u00e8 invasiva, non \u00e8 dolorosa, \u00e8 priva di complicazioni ed effetti collaterali<sup>6, 7, 8, 9<\/sup><\/li><li>80% dei pazienti affetti da ernie cervicali e lombari trattati con Cox\u00ae Technic non Surgical Decompression Therapy ne hanno tratto giovamento. Il 63% ha mostrato una riduzione dell\u2019ernia con RM prima e dopo la cura<sup>10<\/sup>.<\/li><li>29 giorni, 12 sedute, rappresentano i numeri standard per raggiungere apprezzabili risultati nei pazienti affetti da lombosciatalgia o lombocruralgia<sup>11, 12<\/sup>.<\/li><\/ul>\n\n\n\n<h5 class=\"wp-block-heading\">Bibliografia<\/h5>\n\n\n\n<ol class=\"wp-block-list\"><li>Buchbinder R, van Tulder M, Oberg B, Costa LM, Woolf A, Schoene M, et al. Low back pain: a call for action. Lancet. 2018;391(10137):2384\u201388<\/li><li>Cambron GA, Gudavalli MR, McGregor M et al: Amount of health care and self-care following a randomized clinical trial comparing flexion-distraction with exercise program for chronic low back pain. Osteopathy and Chiropractic 2006; 14:1<\/li><li>Gudavalli R, Cambron JA, McGregor M et al: A randomized clinical trial and subgroup analysis to compare flexion\u2013distraction with active exercise for chronic low back pain. European Spine Journal 2006; 15: 1070-1082<\/li><li>Gudavalli, M.R., Cox, J.M., Baker, J.M., Cramer, G.C., and Patwardhan, A.G. &#8220;Intervertebral Disc Pressure Changes During a Chiropractic Procedure&#8221;. Advances in Bioengineering, Vol. 36, 1997 pp. 215-216<\/li><li>Gudavalli MR: Estimation of dimensional changes in the lumbar intervertebral foramen of lumbar spine during flexion distraction procedure. Proceedings of the 1994 International Conference on Spinal Manipulation, June 10\u201011, 1994, Palm Springs, CA, pp 81<\/li><li>Daffner, SD; Hymanson, HJ; Wang, JC. Cost and use of conservative management of lumbar disc herniation before surgical discectomy. SPINE JOURNAL 2010; 10 (6): 463-468<\/li><li>Simotas AC: Non operative treatment for lumbar spinal stenosis: clinical and outcome results and a 3 years survivorship analysis. Spine 2000;25(2)<\/li><li>Atlas SJ, Keller RB, Su YA, Deyo RA, Singer DE.Long Term Outcomes Of Surgical And Non-surgical Management Of Lumbar Spinal Stenosis: 8 To 10 Year Results From The Maine Lumbar Spine Study. Spine 2005; 30(8).<\/li><li>Ma XL, Zhao XW, Ma JX, Li F, Wang Y, Lu B: Effectiveness Of Surgery Versus Conservative Treatment For Lumbar Spinal Stenosis: A System Review And Meta-Analysis Of Randomized Controlled Trials. Int J Surg.2017 Jul 10;44:329-338.<\/li><li>Eliyahu, JMPT, vol 19, n 9<\/li><li>Cox et al: Topics in Clinical Chiropractic 1996; 3(3):45-54, 79-81<\/li><li>Schliesser, Kruse, Fallon, JMPT 2003; 26(9):592-596<\/li><\/ol>","protected":false},"excerpt":{"rendered":"<p>Che cos\u2019\u00e8 Tra una vertebra e l\u2019altra \u00e8 interposto un disco intervertebrale. Esso \u00e8 paragonabile ad un cuscino pressurizzato che ammortizza e distribuisce il peso del nostro corpo sulla colonna. Da un punto di vista anatomico, sono due le strutture che lo compongono: al centro, un&nbsp;nucleo polposo, di massa gelatinosa, sferica, composta per l\u201988% di [&hellip;]<\/p>\n","protected":false},"author":1,"featured_media":0,"parent":72,"menu_order":0,"comment_status":"closed","ping_status":"closed","template":"template-appointment-sidebar-right.php","meta":{"nf_dc_page":"","_mbp_gutenberg_autopost":false,"footnotes":""},"class_list":["post-310","page","type-page","status-publish","hentry"],"jetpack_sharing_enabled":true,"jetpack_likes_enabled":true,"_links":{"self":[{"href":"https:\/\/bisognaprevenire.com\/it\/wp-json\/wp\/v2\/pages\/310","targetHints":{"allow":["GET"]}}],"collection":[{"href":"https:\/\/bisognaprevenire.com\/it\/wp-json\/wp\/v2\/pages"}],"about":[{"href":"https:\/\/bisognaprevenire.com\/it\/wp-json\/wp\/v2\/types\/page"}],"author":[{"embeddable":true,"href":"https:\/\/bisognaprevenire.com\/it\/wp-json\/wp\/v2\/users\/1"}],"replies":[{"embeddable":true,"href":"https:\/\/bisognaprevenire.com\/it\/wp-json\/wp\/v2\/comments?post=310"}],"version-history":[{"count":3,"href":"https:\/\/bisognaprevenire.com\/it\/wp-json\/wp\/v2\/pages\/310\/revisions"}],"predecessor-version":[{"id":358,"href":"https:\/\/bisognaprevenire.com\/it\/wp-json\/wp\/v2\/pages\/310\/revisions\/358"}],"up":[{"embeddable":true,"href":"https:\/\/bisognaprevenire.com\/it\/wp-json\/wp\/v2\/pages\/72"}],"wp:attachment":[{"href":"https:\/\/bisognaprevenire.com\/it\/wp-json\/wp\/v2\/media?parent=310"}],"curies":[{"name":"wp","href":"https:\/\/api.w.org\/{rel}","templated":true}]}}