{"id":222,"date":"2021-02-06T11:44:17","date_gmt":"2021-02-06T11:44:17","guid":{"rendered":"https:\/\/bisognaprevenire.com\/?page_id=222"},"modified":"2026-02-09T14:46:28","modified_gmt":"2026-02-09T13:46:28","slug":"lista-dei-disturbi","status":"publish","type":"page","link":"https:\/\/bisognaprevenire.com\/it\/lista-dei-disturbi\/","title":{"rendered":"Lista dei disturbi:\u200b"},"content":{"rendered":"<figure class=\"is-style-rounded wp-block-image size-large is-resized\"><img data-recalc-dims=\"1\" loading=\"lazy\" decoding=\"async\" width=\"630\" height=\"158\" src=\"https:\/\/i0.wp.com\/bisognaprevenire.com\/wp-content\/uploads\/2020\/09\/cropped-41371553_303.jpg?resize=630%2C158&#038;ssl=1\" alt=\"\" class=\"wp-image-25\" style=\"width:580px;height:145px\" srcset=\"https:\/\/i0.wp.com\/bisognaprevenire.com\/wp-content\/uploads\/2020\/09\/cropped-41371553_303.jpg?resize=1024%2C256&amp;ssl=1 1024w, https:\/\/i0.wp.com\/bisognaprevenire.com\/wp-content\/uploads\/2020\/09\/cropped-41371553_303.jpg?resize=300%2C75&amp;ssl=1 300w, https:\/\/i0.wp.com\/bisognaprevenire.com\/wp-content\/uploads\/2020\/09\/cropped-41371553_303.jpg?resize=768%2C192&amp;ssl=1 768w, https:\/\/i0.wp.com\/bisognaprevenire.com\/wp-content\/uploads\/2020\/09\/cropped-41371553_303.jpg?resize=1536%2C384&amp;ssl=1 1536w, https:\/\/i0.wp.com\/bisognaprevenire.com\/wp-content\/uploads\/2020\/09\/cropped-41371553_303.jpg?resize=1%2C1&amp;ssl=1 1w, https:\/\/i0.wp.com\/bisognaprevenire.com\/wp-content\/uploads\/2020\/09\/cropped-41371553_303.jpg?w=1600&amp;ssl=1 1600w, https:\/\/i0.wp.com\/bisognaprevenire.com\/wp-content\/uploads\/2020\/09\/cropped-41371553_303.jpg?w=1260&amp;ssl=1 1260w\" sizes=\"auto, (max-width: 630px) 100vw, 630px\" \/><\/figure>\n\n\n\n<h2 class=\"wp-block-heading\">Disturbi che la chiropratica pu\u00f2 aiutare a migliorare<\/h2>\n\n\n\n<p class=\"\">La <strong>chiropratica<\/strong> \u00e8 un approccio naturale e non invasivo che si concentra sul corretto funzionamento del sistema muscoloscheletrico, in particolare della <strong>colonna vertebrale<\/strong> e del <strong>sistema nervoso<\/strong>.<br>Quando la colonna non \u00e8 ben allineata o presenta restrizioni di movimento, possono comparire dolore, rigidit\u00e0 e alterazioni funzionali che influenzano la qualit\u00e0 della vita.<\/p>\n\n\n\n<p class=\"\">Attraverso valutazioni accurate e trattamenti personalizzati, la chiropratica pu\u00f2 essere di supporto in numerosi disturbi, tra cui:<\/p>\n\n\n\n<h3 class=\"wp-block-heading\">Dolori spinali<\/h3>\n\n\n\n<ul class=\"wp-block-list\">\n<li class=\"\"><a href=\"https:\/\/bisognaprevenire.com\/it\/chiropractic\/low-back-pain\/\" data-type=\"page\" data-id=\"79\">Mal di schiena (lombalgia)<\/a><\/li>\n\n\n\n<li class=\"\">Dolore <a href=\"https:\/\/bisognaprevenire.com\/it\/chiropractic\/neck-pain\/\" data-type=\"page\" data-id=\"82\">cervicale<\/a> e rigidit\u00e0 del collo<\/li>\n\n\n\n<li class=\"\">Dorsalgia<\/li>\n\n\n\n<li class=\"\">Dolore tra le scapole<\/li>\n<\/ul>\n\n\n\n<h3 class=\"wp-block-heading\">Mal di testa e cefalee<\/h3>\n\n\n\n<ul class=\"wp-block-list\">\n<li class=\"\">Cefalee muscolo-tensive<\/li>\n\n\n\n<li class=\"\">Mal di testa legati a tensioni cervicali<\/li>\n\n\n\n<li class=\"\">Emicranie associate a disfunzioni della colonna<\/li>\n<\/ul>\n\n\n\n<h3 class=\"wp-block-heading\">Disturbi articolari e muscolari<\/h3>\n\n\n\n<ul class=\"wp-block-list\">\n<li class=\"\">Dolore alle spalle, anche, ginocchia e caviglie<\/li>\n\n\n\n<li class=\"\">Rigidit\u00e0 articolare<\/li>\n\n\n\n<li class=\"\">Tensioni e contratture muscolari<\/li>\n\n\n\n<li class=\"\">Ridotta mobilit\u00e0 e flessibilit\u00e0<\/li>\n<\/ul>\n\n\n\n<h3 class=\"wp-block-heading\">Disturbi legati a nervi e posture<\/h3>\n\n\n\n<ul class=\"wp-block-list\">\n<li class=\"\">Sciatalgia<\/li>\n\n\n\n<li class=\"\">Formicolii o intorpidimenti agli arti<\/li>\n\n\n\n<li class=\"\">Sindrome del tunnel carpale<\/li>\n\n\n\n<li class=\"\">Dolori da posture scorrette o lavoro sedentario<\/li>\n\n\n\n<li class=\"\"><a href=\"https:\/\/bisognaprevenire.com\/it\/chiropractic\/arthritis\/\" data-type=\"page\" data-id=\"86\">Artrosi<\/a><\/li>\n<\/ul>\n\n\n\n<h3 class=\"wp-block-heading\">Supporto in fasi particolari della vita<\/h3>\n\n\n\n<ul class=\"wp-block-list\">\n<li class=\"\">Gravidanza (per migliorare comfort e mobilit\u00e0)<\/li>\n\n\n\n<li class=\"\">Et\u00e0 avanzata, con approcci delicati e mirati<\/li>\n\n\n\n<li class=\"\">Attivit\u00e0 sportiva, per prevenzione e recupero funzionale<\/li>\n<\/ul>\n\n\n\n<h3 class=\"wp-block-heading\">Benessere e prevenzione<\/h3>\n\n\n\n<p class=\"\">Molte persone scelgono la chiropratica non solo per il dolore, ma anche per:<\/p>\n\n\n\n<ul class=\"wp-block-list\">\n<li class=\"\">migliorare la postura<\/li>\n\n\n\n<li class=\"\">mantenere una buona mobilit\u00e0 nel tempo<\/li>\n\n\n\n<li class=\"\">prevenire ricadute e sovraccarichi<\/li>\n\n\n\n<li class=\"\">favorire un equilibrio generale del corpo<\/li>\n<\/ul>\n\n\n\n<h3 class=\"wp-block-heading\">Un approccio personalizzato<\/h3>\n\n\n\n<p class=\"\">Ogni paziente \u00e8 unico. Per questo motivo, il percorso chiropratico inizia sempre con una <strong>valutazione approfondita<\/strong>, che permette di individuare le cause del disturbo e definire il trattamento pi\u00f9 adatto alle esigenze individuali.<\/p>\n\n\n\n<p class=\"\">La chiropratica non si limita a trattare il sintomo, ma lavora per <strong>migliorare la funzionalit\u00e0 globale del corpo<\/strong>, accompagnando il paziente verso un benessere pi\u00f9 duraturo.<\/p>\n\n\n\n<h4 class=\"wp-block-heading\">\u200b<\/h4>","protected":false},"excerpt":{"rendered":"<p>Disturbi che la chiropratica pu\u00f2 aiutare a migliorare La chiropratica \u00e8 un approccio naturale e non invasivo che si concentra sul corretto funzionamento del sistema muscoloscheletrico, in particolare della colonna vertebrale e del sistema nervoso.Quando la colonna non \u00e8 ben allineata o presenta restrizioni di movimento, possono comparire dolore, rigidit\u00e0 e alterazioni funzionali che influenzano [&hellip;]<\/p>\n","protected":false},"author":1,"featured_media":0,"parent":0,"menu_order":0,"comment_status":"closed","ping_status":"closed","template":"template-appointment-sidebar-right.php","meta":{"nf_dc_page":"","_mbp_gutenberg_autopost":false,"footnotes":""},"class_list":["post-222","page","type-page","status-publish","hentry"],"jetpack_sharing_enabled":true,"jetpack_likes_enabled":true,"_links":{"self":[{"href":"https:\/\/bisognaprevenire.com\/it\/wp-json\/wp\/v2\/pages\/222","targetHints":{"allow":["GET"]}}],"collection":[{"href":"https:\/\/bisognaprevenire.com\/it\/wp-json\/wp\/v2\/pages"}],"about":[{"href":"https:\/\/bisognaprevenire.com\/it\/wp-json\/wp\/v2\/types\/page"}],"author":[{"embeddable":true,"href":"https:\/\/bisognaprevenire.com\/it\/wp-json\/wp\/v2\/users\/1"}],"replies":[{"embeddable":true,"href":"https:\/\/bisognaprevenire.com\/it\/wp-json\/wp\/v2\/comments?post=222"}],"version-history":[{"count":5,"href":"https:\/\/bisognaprevenire.com\/it\/wp-json\/wp\/v2\/pages\/222\/revisions"}],"predecessor-version":[{"id":788,"href":"https:\/\/bisognaprevenire.com\/it\/wp-json\/wp\/v2\/pages\/222\/revisions\/788"}],"wp:attachment":[{"href":"https:\/\/bisognaprevenire.com\/it\/wp-json\/wp\/v2\/media?parent=222"}],"curies":[{"name":"wp","href":"https:\/\/api.w.org\/{rel}","templated":true}]}}