{"id":203,"date":"2021-02-06T10:57:10","date_gmt":"2021-02-06T10:57:10","guid":{"rendered":"https:\/\/bisognaprevenire.com\/?page_id=203"},"modified":"2026-02-09T12:21:39","modified_gmt":"2026-02-09T11:21:39","slug":"services","status":"publish","type":"page","link":"https:\/\/bisognaprevenire.com\/it\/services\/","title":{"rendered":"Servizi"},"content":{"rendered":"<figure class=\"wp-block-table\"><table><tbody><tr><td class=\"has-text-align-center\" data-align=\"center\"><img data-recalc-dims=\"1\" loading=\"lazy\" decoding=\"async\" width=\"131\" height=\"131\" src=\"https:\/\/i0.wp.com\/bisognaprevenire.com\/wp-content\/uploads\/2020\/10\/logo-copy.jpg?resize=131%2C131&#038;ssl=1\" alt=\"\"><br><strong>La Chiropratica<\/strong><br><br>Un approccio sanitario alternativo olistico al benessere spinale offre ai nostri pazienti una variet\u00e0 di opzioni di trattamento che includono tecniche come: Thompson e Activator.<br><a href=\"https:\/\/bisognaprevenire.com\/it\/chiropractic\/\" data-type=\"page\" data-id=\"72\">Cos&#8217;\u00e8 la chiropractica<br><\/a><a href=\"https:\/\/bisognaprevenire.com\/it\/lista-dei-disturbi\/\" data-type=\"page\" data-id=\"222\">Lista dei disturbi:\u200b<br><\/a><a href=\"https:\/\/bisognaprevenire.com\/it\/services\/ernia-del-disco\/\">Ernia Discale:<\/a><\/td><td class=\"has-text-align-center\" data-align=\"center\"><br><img data-recalc-dims=\"1\" loading=\"lazy\" decoding=\"async\" width=\"125\" height=\"125\" src=\"https:\/\/i0.wp.com\/bisognaprevenire.com\/wp-content\/uploads\/2021\/02\/images.png?resize=125%2C125&#038;ssl=1\" alt=\"\"><br><strong>La Medicina Funzionale<\/strong><br><strong><br><\/strong>Un modo per pensare a noi \u00e8 come &#8220;investigatori sanitari&#8221;. Ci concentriamo sull&#8217;identificazione e sull&#8217;affrontare la causa sottostante di una malattia, piuttosto che sulla soppressione dei sintomi.<br><br><a href=\"https:\/\/bisognaprevenire.com\/it\/functional-medicine-services\/\">Servizi di medicina funzionale<\/a><\/td><\/tr><tr><td class=\"has-text-align-center\" data-align=\"center\"><img data-recalc-dims=\"1\" loading=\"lazy\" decoding=\"async\" width=\"291\" height=\"132\" src=\"https:\/\/i0.wp.com\/bisognaprevenire.com\/wp-content\/uploads\/2020\/10\/Biofeedbackheader.jpg?resize=291%2C132&#038;ssl=1\" alt=\"\"><br><strong>Quantum Biofeedback<\/strong><br><strong><br><\/strong>L&#8217;Indigo \u00e8 in grado di eseguire test e funzioni correttive. Pu\u00f2 misurare i parametri dello stress, come l&#8217;umidit\u00e0 della pelle, la temperatura e la reattivit\u00e0 elettro-fisiologica (EPR) e ha programmi che accelerano le attivit\u00e0 di guarigione che sono migliorate dalla riduzione dello stress.\u00a0<br><br><a href=\"https:\/\/bisognaprevenire.com\/it\/biofeedback-services\/\">Servizi di Biofeedback<\/a><\/td><td class=\"has-text-align-center\" data-align=\"center\"><img data-recalc-dims=\"1\" loading=\"lazy\" decoding=\"async\" width=\"150\" height=\"150\" class=\"wp-image-741\" style=\"width: 150px;\" src=\"https:\/\/i0.wp.com\/bisognaprevenire.com\/wp-content\/uploads\/2026\/02\/ab67616d00001e02ab6b6b7315e6d1af12d3da25.jpeg?resize=150%2C150&#038;ssl=1\" alt=\"\" srcset=\"https:\/\/i0.wp.com\/bisognaprevenire.com\/wp-content\/uploads\/2026\/02\/ab67616d00001e02ab6b6b7315e6d1af12d3da25.jpeg?w=300&amp;ssl=1 300w, https:\/\/i0.wp.com\/bisognaprevenire.com\/wp-content\/uploads\/2026\/02\/ab67616d00001e02ab6b6b7315e6d1af12d3da25.jpeg?resize=150%2C150&amp;ssl=1 150w, https:\/\/i0.wp.com\/bisognaprevenire.com\/wp-content\/uploads\/2026\/02\/ab67616d00001e02ab6b6b7315e6d1af12d3da25.jpeg?resize=12%2C12&amp;ssl=1 12w\" sizes=\"auto, (max-width: 150px) 100vw, 150px\" \/><br><strong>Analizzatore magnetico di risonanza quantistica <\/strong><br><br>Il Quantum Resonance Magnetic Analyzer \u00e8 uno strumento di analisi avanzato, rapido e di facile utilizzo, progettato per valutare lo stato funzionale dell\u2019organismo. Consente di rilevare eventuali carenze vitaminiche e minerali, possibili accumuli di metalli pesanti e altri parametri funzionali correlati al benessere generale. .<br><br><a href=\"https:\/\/bisognaprevenire.com\/it\/chiropractic\/analizzatore-magnetico-di-risonanza-quantistica\/\" data-type=\"page\" data-id=\"374\">Risonanza Quantistica Informazione<\/a><\/td><\/tr><tr><td class=\"has-text-align-center\" data-align=\"center\"><img data-recalc-dims=\"1\" loading=\"lazy\" decoding=\"async\" width=\"150\" height=\"166\" class=\"wp-image-384\" style=\"width: 150px;\" src=\"https:\/\/i0.wp.com\/bisognaprevenire.com\/wp-content\/uploads\/2023\/01\/1200x630wa-e1674389491637.png?resize=150%2C166&#038;ssl=1\" alt=\"\" srcset=\"https:\/\/i0.wp.com\/bisognaprevenire.com\/wp-content\/uploads\/2023\/01\/1200x630wa-e1674389491637.png?w=384&amp;ssl=1 384w, https:\/\/i0.wp.com\/bisognaprevenire.com\/wp-content\/uploads\/2023\/01\/1200x630wa-e1674389491637.png?resize=270%2C300&amp;ssl=1 270w, https:\/\/i0.wp.com\/bisognaprevenire.com\/wp-content\/uploads\/2023\/01\/1200x630wa-e1674389491637.png?resize=11%2C12&amp;ssl=1 11w\" sizes=\"auto, (max-width: 150px) 100vw, 150px\" \/><br><strong>Fisiotherapia<\/strong><br><br>Fisioterapia Olistica<br>Rieducazione posturale globale<br>Kinematic Network Techniques<br><br>Contattaci +3935212676 per maggiori informazioni.<br><br><a href=\"https:\/\/bisognaprevenire.com\/it\/fisioterapia\/\" data-type=\"link\" data-id=\"https:\/\/bisognaprevenire.com\/it\/fisioterapia\/\">Fisiotherapia<\/a><\/td><td class=\"has-text-align-center\" data-align=\"center\"><img data-recalc-dims=\"1\" loading=\"lazy\" decoding=\"async\" width=\"150\" height=\"150\" class=\"wp-image-385\" style=\"width: 150px;\" src=\"https:\/\/i0.wp.com\/bisognaprevenire.com\/wp-content\/uploads\/2023\/01\/massage_hands_icon_trans.png?resize=150%2C150&#038;ssl=1\" alt=\"\" srcset=\"https:\/\/i0.wp.com\/bisognaprevenire.com\/wp-content\/uploads\/2023\/01\/massage_hands_icon_trans.png?w=500&amp;ssl=1 500w, https:\/\/i0.wp.com\/bisognaprevenire.com\/wp-content\/uploads\/2023\/01\/massage_hands_icon_trans.png?resize=300%2C300&amp;ssl=1 300w, https:\/\/i0.wp.com\/bisognaprevenire.com\/wp-content\/uploads\/2023\/01\/massage_hands_icon_trans.png?resize=150%2C150&amp;ssl=1 150w, https:\/\/i0.wp.com\/bisognaprevenire.com\/wp-content\/uploads\/2023\/01\/massage_hands_icon_trans.png?resize=12%2C12&amp;ssl=1 12w\" sizes=\"auto, (max-width: 150px) 100vw, 150px\" \/><br><strong>Massaggio Terapeutico<\/strong><br><br><a href=\"https:\/\/bisognaprevenire.com\/it\/massaggio-terapia\/\" data-type=\"page\" data-id=\"409\">Massaggio Rilassante<br>Massaggio Maori<br>Massaggio Thai oil<br>Massagio Decontratturante<br>Massaggio Connettivale<\/a><br><br>Contattaci +393388138979 per maggiori informazioni.<br><br><a href=\"https:\/\/bisognaprevenire.com\/it\/massaggio-terapia\/\">Massaggio Terapia<\/a><\/td><\/tr><tr><td class=\"has-text-align-center\" data-align=\"center\"><br><img data-recalc-dims=\"1\" loading=\"lazy\" decoding=\"async\" width=\"150\" height=\"113\" class=\"wp-image-752\" style=\"width: 150px;\" src=\"https:\/\/i0.wp.com\/bisognaprevenire.com\/wp-content\/uploads\/2026\/02\/RIFLESSOLOGIA-PLANTARE.png?resize=150%2C113&#038;ssl=1\" alt=\"\" srcset=\"https:\/\/i0.wp.com\/bisognaprevenire.com\/wp-content\/uploads\/2026\/02\/RIFLESSOLOGIA-PLANTARE.png?w=800&amp;ssl=1 800w, https:\/\/i0.wp.com\/bisognaprevenire.com\/wp-content\/uploads\/2026\/02\/RIFLESSOLOGIA-PLANTARE.png?resize=300%2C225&amp;ssl=1 300w, https:\/\/i0.wp.com\/bisognaprevenire.com\/wp-content\/uploads\/2026\/02\/RIFLESSOLOGIA-PLANTARE.png?resize=768%2C576&amp;ssl=1 768w, https:\/\/i0.wp.com\/bisognaprevenire.com\/wp-content\/uploads\/2026\/02\/RIFLESSOLOGIA-PLANTARE.png?resize=16%2C12&amp;ssl=1 16w\" sizes=\"auto, (max-width: 150px) 100vw, 150px\" \/><br><strong>La riflessologia psicosomatica plantare<\/strong><br><strong><br><\/strong>La riflessologia psicosomatica plantare \u00e8 un approccio olistico che legge nel piede il riflesso del corpo, delle emozioni e della mente. Attraverso il contatto con specifiche aree plantari, favorisce l\u2019ascolto dei messaggi interiori e sostiene un processo di riequilibrio e consapevolezza.<br><br>Contattaci Maria Raffaella Lotito +393493092708 per maggiori informazioni.<br><br><a href=\"https:\/\/bisognaprevenire.com\/it\/la-riflessologia-psicosomatica-plantare\/\" data-type=\"link\" data-id=\"https:\/\/bisognaprevenire.com\/it\/la-riflessologia-psicosomatica-plantare\/\">Riflessologia Psicosomatica<\/a><\/td><td class=\"has-text-align-center\" data-align=\"center\"><img data-recalc-dims=\"1\" loading=\"lazy\" decoding=\"async\" width=\"150\" height=\"150\" class=\"wp-image-668\" style=\"width: 150px;\" src=\"https:\/\/i0.wp.com\/bisognaprevenire.com\/wp-content\/uploads\/2025\/06\/freepik__a-professional-and-elegant-logo-design-for-a-shiat__50545.jpeg?resize=150%2C150&#038;ssl=1\" alt=\"\" srcset=\"https:\/\/i0.wp.com\/bisognaprevenire.com\/wp-content\/uploads\/2025\/06\/freepik__a-professional-and-elegant-logo-design-for-a-shiat__50545.jpeg?w=1024&amp;ssl=1 1024w, https:\/\/i0.wp.com\/bisognaprevenire.com\/wp-content\/uploads\/2025\/06\/freepik__a-professional-and-elegant-logo-design-for-a-shiat__50545.jpeg?resize=300%2C300&amp;ssl=1 300w, https:\/\/i0.wp.com\/bisognaprevenire.com\/wp-content\/uploads\/2025\/06\/freepik__a-professional-and-elegant-logo-design-for-a-shiat__50545.jpeg?resize=150%2C150&amp;ssl=1 150w, https:\/\/i0.wp.com\/bisognaprevenire.com\/wp-content\/uploads\/2025\/06\/freepik__a-professional-and-elegant-logo-design-for-a-shiat__50545.jpeg?resize=768%2C768&amp;ssl=1 768w, https:\/\/i0.wp.com\/bisognaprevenire.com\/wp-content\/uploads\/2025\/06\/freepik__a-professional-and-elegant-logo-design-for-a-shiat__50545.jpeg?resize=12%2C12&amp;ssl=1 12w\" sizes=\"auto, (max-width: 150px) 100vw, 150px\" \/><br> <strong>Shiatsu<\/strong><br><br>Lo shiatsu \u00e8 una pratica energetica di origine giapponese che, attraverso pressioni dolci e profonde, favorisce il riequilibrio del corpo e della mente. Agendo sui meridiani energetici, sostiene il naturale flusso vitale e accompagna la persona verso uno stato di rilassamento, ascolto e armonia interiore.<br><br>Contattaci Anna +393208042040 per maggiori informazioni.<br><br><a href=\"https:\/\/bisognaprevenire.com\/it\/shiatsu\/\" data-type=\"page\" data-id=\"667\">Shiatsu<\/a><\/td><\/tr><\/tbody><\/table><\/figure>\n\n\n\n<p class=\"\"><\/p>","protected":false},"excerpt":{"rendered":"<p>Chiropractic Un approccio sanitario alternativo olistico al benessere spinale offre ai nostri pazienti una variet\u00e0 di opzioni di trattamento che includono tecniche come: Thompson e Activator.Cos&#8217;\u00e8 la chiropracticaLista dei disturbi:\u200bErnia Discale: Functional MedicineUn modo per pensare a noi \u00e8 come &#8220;investigatori sanitari&#8221;. Ci concentriamo sull&#8217;identificazione e sull&#8217;affrontare la causa sottostante di una malattia, piuttosto che [&hellip;]<\/p>\n","protected":false},"author":1,"featured_media":0,"parent":0,"menu_order":0,"comment_status":"closed","ping_status":"closed","template":"template-appointment-sidebar-right.php","meta":{"nf_dc_page":"","_mbp_gutenberg_autopost":false,"footnotes":""},"class_list":["post-203","page","type-page","status-publish","hentry"],"jetpack_sharing_enabled":true,"jetpack_likes_enabled":true,"_links":{"self":[{"href":"https:\/\/bisognaprevenire.com\/it\/wp-json\/wp\/v2\/pages\/203","targetHints":{"allow":["GET"]}}],"collection":[{"href":"https:\/\/bisognaprevenire.com\/it\/wp-json\/wp\/v2\/pages"}],"about":[{"href":"https:\/\/bisognaprevenire.com\/it\/wp-json\/wp\/v2\/types\/page"}],"author":[{"embeddable":true,"href":"https:\/\/bisognaprevenire.com\/it\/wp-json\/wp\/v2\/users\/1"}],"replies":[{"embeddable":true,"href":"https:\/\/bisognaprevenire.com\/it\/wp-json\/wp\/v2\/comments?post=203"}],"version-history":[{"count":5,"href":"https:\/\/bisognaprevenire.com\/it\/wp-json\/wp\/v2\/pages\/203\/revisions"}],"predecessor-version":[{"id":755,"href":"https:\/\/bisognaprevenire.com\/it\/wp-json\/wp\/v2\/pages\/203\/revisions\/755"}],"wp:attachment":[{"href":"https:\/\/bisognaprevenire.com\/it\/wp-json\/wp\/v2\/media?parent=203"}],"curies":[{"name":"wp","href":"https:\/\/api.w.org\/{rel}","templated":true}]}}