{"id":150,"date":"2020-10-02T15:49:07","date_gmt":"2020-10-02T15:49:07","guid":{"rendered":"https:\/\/bisognaprevenire.com\/?page_id=150"},"modified":"2026-02-09T09:22:23","modified_gmt":"2026-02-09T08:22:23","slug":"what-is-a-biofeedback-session","status":"publish","type":"page","link":"https:\/\/bisognaprevenire.com\/it\/quantum-biofeedback\/what-is-a-biofeedback-session\/","title":{"rendered":"Cos'\u00e8 una sessione di biofeedback"},"content":{"rendered":"<figure class=\"wp-block-image size-large\"><img data-recalc-dims=\"1\" loading=\"lazy\" decoding=\"async\" width=\"630\" height=\"287\" src=\"https:\/\/i0.wp.com\/bisognaprevenire.com\/wp-content\/uploads\/2020\/10\/Biofeedbackheader.jpg?resize=630%2C287&#038;ssl=1\" alt=\"\" class=\"wp-image-151\" srcset=\"https:\/\/i0.wp.com\/bisognaprevenire.com\/wp-content\/uploads\/2020\/10\/Biofeedbackheader.jpg?w=800&amp;ssl=1 800w, https:\/\/i0.wp.com\/bisognaprevenire.com\/wp-content\/uploads\/2020\/10\/Biofeedbackheader.jpg?resize=300%2C137&amp;ssl=1 300w, https:\/\/i0.wp.com\/bisognaprevenire.com\/wp-content\/uploads\/2020\/10\/Biofeedbackheader.jpg?resize=768%2C350&amp;ssl=1 768w, https:\/\/i0.wp.com\/bisognaprevenire.com\/wp-content\/uploads\/2020\/10\/Biofeedbackheader.jpg?resize=1%2C1&amp;ssl=1 1w\" sizes=\"auto, (max-width: 630px) 100vw, 630px\" \/><\/figure>\n\n\n\n<p>1117\/5000\nDurante una tipica sessione di Biofeedback INDIGO, il cliente indossa braccialetti da polso e caviglia, nonch\u00e9 una bardatura. I sensori \/ elettrodi leggono comodamente gli impulsi elettrici dal corpo e inviano le informazioni al computer che funge da dispositivo di monitoraggio. Questi risultati dei dati consentono al cliente di comprendere meglio le proprie reazioni allo stress e di apprendere come controllare meglio le proprie risposte fisiologiche.<\/p>\n\n\n\n<p>Il professionista del biofeedback \u00e8 anche in grado di educare il cliente su quali aree specifiche del corpo \/ mente hanno pi\u00f9 bisogno di riduzione dello stress e rieducazione sulla base delle informazioni tradotte dal dispositivo di biofeedback allo schermo del computer. Sebbene il processo di biofeedback sia completamente non invasivo e delicato, questo potente sistema di supporto per la gestione dello stress consente il rilassamento e una maggiore capacit\u00e0 di guarigione del corpo.<\/p>\n\n\n\n<p>Il corpo \u00e8 progettato per guarire se stesso! Il processo di biofeedback non \u00e8 guarire ... ma aiutare il corpo a ricordare lo stato di equilibrio e di assenza di stress. Quando \u00e8 trascinato verso i modelli pi\u00f9 sani di uno stato rilassato, questo processo di autorigenerazione avviene spesso in modo naturale.&nbsp;<\/p>\n\n\n\n<p><strong>In che modo il sistema di biofeedback INDIGO pu\u00f2 aiutare a migliorare la mia salute?<\/strong><\/p>\n\n\n\n<p>Il sistema di biofeedback INDIGO funziona in molti modi, pu\u00f2 inviare segnali per misurare e registrare le reazioni elettrofisiologiche a una moltitudine di oggetti, rieducare determinati muscoli, nervi o organi o pu\u00f2 riqualificare aree del corpo \/ mente per renderle pi\u00f9 sane modelli.<\/p>\n\n\n\n<p>In altri casi, pu\u00f2 invertire alcuni segnali che sembrano essere strettamente associati a uno schema di stress.<\/p>\n\n\n\n<p>Il sistema di biofeedback INDIGO \u00e8 di gran lunga il sistema di biofeedback pi\u00f9 completo oggi sul mercato. \u00c8 possibile utilizzare protocolli di riduzione dello stress preimpostati oppure \u00e8 possibile progettare programmi per soddisfare le esigenze individuali specifiche di ciascun cliente.<\/p>\n\n\n\n<p>Esistono centinaia di diversi programmi di allenamento che possono essere utilizzati uno dopo l'altro in infinite combinazioni per ottenere risultati ottimali.&nbsp;<\/p>\n\n\n\n<p>Inoltre, \u00e8 in grado di eseguire fino a quattro\u00a0<strong>programmi gratuiti contemporaneamente per un effetto altamente<\/strong>\u00a0sinergico e potenziato.\u00a0<\/p>\n\n\n\n<p>Il biofeedback \u00e8 un processo di trascinamento. Il trascinamento \u00e8 un fenomeno ben studiato all'interno della fisica, grazie al quale due sistemi separati, operanti a frequenze variabili, si stabiliranno in una frequenza comune quando si trovano all'interno del proprio campo di influenza. Potrebbero essere necessarie pi\u00f9 sessioni o&nbsp;<strong>\"riapprendere\"<\/strong>&nbsp;schemi pi\u00f9 sani. Alcune persone rispondono molto rapidamente, soprattutto quelle le cui scelte di vita sono gi\u00e0 allineate con una buona salute.<\/p>\n\n\n\n<p>Altri potrebbero aver bisogno di pi\u00f9 istruzione, formazione e supporto per migliorare l'alimentazione, vitamine, minerali, esercizi e \/ o schemi di sonno, o evitare sostanze che creano dipendenza, ecc. In generale, pi\u00f9 a lungo un cliente ha mantenuto determinati schemi di stress che causano loro dolore o malattia, pi\u00f9 sessioni potrebbero essere necessarie per iniziare a riequilibrare o ri-allenare quei modelli e reazioni.<\/p>\n\n\n\n<p>In generale, consigliamo ai clienti di impegnarsi per la propria salute investendo in pi\u00f9 sessioni per vedere e sentire veramente i risultati.&nbsp;&nbsp;<\/p>\n\n\n\n<blockquote class=\"wp-block-quote is-layout-flow wp-block-quote-is-layout-flow\"><p><strong><em>\"\u00c8 molto pi\u00f9 facile prevenire una crisi sanitaria che curarne una\"<\/em><\/strong><\/p><\/blockquote>\n\n\n\n<p><strong>Programmi di formazione sul biofeedback e sulla biorisonanza che utilizzano campi elettromagnetici<\/strong><\/p>\n\n\n\n<ul class=\"wp-block-list\"><li>Rilassamento sistemico biofeedback<\/li><li>Formazione di feedback su nutrizione e omeopatia<\/li><li>Formazione sull'omotossicologia<\/li><li>Rieducazione spinale e muscolare<\/li><li>Rieducazione muscolare per atleti<\/li><li>Biofeedback Meridian Training<\/li><li>Allenamento di rilassamento scalare (chakra)<\/li><li>Analisi del feedback cibernetico del dolore<\/li><\/ul>\n\n\n\n<p><strong>Affermazioni sulla salute fatte per il biofeedback<\/strong><\/p>\n\n\n\n<p>L'Indigo \u00e8 un dispositivo di biofeedback e fa solo le affermazioni attualmente riconosciute per il biofeedback in generale, che sono:\u00a0\u00a0\u00a0\u00a0\u00a0\u00a0\u00a0\u00a0<\/p>\n\n\n\n<ul class=\"wp-block-list\"><li><strong>Riduzione dello stress<\/strong><\/li><li><strong>Gestione del dolore<\/strong><\/li><li><strong>Rieducazione muscolare (formazione)<\/strong><\/li><\/ul>\n\n\n\n<p>Molti altri effetti collaterali benefici sono comuni e un volume crescente di ricerche ha dimostrato una certa efficacia di vari tipi di biofeedback con un'ampia gamma di disturbi e condizioni specifici.<\/p>","protected":false},"excerpt":{"rendered":"<p>During a typical INDIGO Biofeedback session, the client wears wrist and ankle bracelets as well as a head harness. The sensors \/ electrodes comfortably read electrical impulses from the body and send the information to the computer which acts as a monitoring device. These data findings allow the client to better understand their reactions to\u00a0stress [&hellip;]<\/p>\n","protected":false},"author":1,"featured_media":0,"parent":141,"menu_order":0,"comment_status":"closed","ping_status":"closed","template":"","meta":{"nf_dc_page":"","_mbp_gutenberg_autopost":false,"footnotes":""},"class_list":["post-150","page","type-page","status-publish","hentry"],"jetpack_sharing_enabled":true,"jetpack_likes_enabled":true,"_links":{"self":[{"href":"https:\/\/bisognaprevenire.com\/it\/wp-json\/wp\/v2\/pages\/150","targetHints":{"allow":["GET"]}}],"collection":[{"href":"https:\/\/bisognaprevenire.com\/it\/wp-json\/wp\/v2\/pages"}],"about":[{"href":"https:\/\/bisognaprevenire.com\/it\/wp-json\/wp\/v2\/types\/page"}],"author":[{"embeddable":true,"href":"https:\/\/bisognaprevenire.com\/it\/wp-json\/wp\/v2\/users\/1"}],"replies":[{"embeddable":true,"href":"https:\/\/bisognaprevenire.com\/it\/wp-json\/wp\/v2\/comments?post=150"}],"version-history":[{"count":1,"href":"https:\/\/bisognaprevenire.com\/it\/wp-json\/wp\/v2\/pages\/150\/revisions"}],"predecessor-version":[{"id":153,"href":"https:\/\/bisognaprevenire.com\/it\/wp-json\/wp\/v2\/pages\/150\/revisions\/153"}],"up":[{"embeddable":true,"href":"https:\/\/bisognaprevenire.com\/it\/wp-json\/wp\/v2\/pages\/141"}],"wp:attachment":[{"href":"https:\/\/bisognaprevenire.com\/it\/wp-json\/wp\/v2\/media?parent=150"}],"curies":[{"name":"wp","href":"https:\/\/api.w.org\/{rel}","templated":true}]}}