{"id":146,"date":"2020-10-02T15:37:08","date_gmt":"2020-10-02T15:37:08","guid":{"rendered":"https:\/\/bisognaprevenire.com\/?page_id=146"},"modified":"2022-07-04T22:28:23","modified_gmt":"2022-07-04T22:28:23","slug":"indigo-biofeedback-system","status":"publish","type":"page","link":"https:\/\/bisognaprevenire.com\/it\/indigo-biofeedback-system\/","title":{"rendered":"Il Sistema Indigo Biofeedback"},"content":{"rendered":"<figure class=\"wp-block-image size-large\"><img data-recalc-dims=\"1\" loading=\"lazy\" decoding=\"async\" width=\"630\" height=\"420\" src=\"https:\/\/i0.wp.com\/bisognaprevenire.com\/wp-content\/uploads\/2020\/10\/sacredenergy.png?resize=630%2C420&#038;ssl=1\" alt=\"\" class=\"wp-image-152\" srcset=\"https:\/\/i0.wp.com\/bisognaprevenire.com\/wp-content\/uploads\/2020\/10\/sacredenergy.png?w=700&amp;ssl=1 700w, https:\/\/i0.wp.com\/bisognaprevenire.com\/wp-content\/uploads\/2020\/10\/sacredenergy.png?resize=300%2C200&amp;ssl=1 300w, https:\/\/i0.wp.com\/bisognaprevenire.com\/wp-content\/uploads\/2020\/10\/sacredenergy.png?resize=1%2C1&amp;ssl=1 1w\" sizes=\"auto, (max-width: 630px) 100vw, 630px\" \/><\/figure>\n\n\n\n<div class=\"wp-block-group\"><div class=\"wp-block-group__inner-container is-layout-flow wp-block-group-is-layout-flow\">\n<blockquote class=\"wp-block-quote is-layout-flow wp-block-quote-is-layout-flow\"><p>\"La fisica quantistica ha scoperto che non c'\u00e8 spazio vuoto nella cellula umana, ma che si tratta di un brulicante campo elettrico-magnetico di possibilit\u00e0 o potenziale\".<\/p><cite>-Dr. Deepak Chopra<\/cite><\/blockquote>\n<\/div><\/div>\n\n\n\n<p><strong>Cos'\u00e8 il biofeedback Indigo?<\/strong><\/p>\n\n\n\n<p>Il &nbsp;<strong>Il Sistema Indigo Biofeedback<\/strong>&nbsp;\u00e8 il dispositivo EPR Biofeedback di quinta generazione. \u00c8 il prodotto di oltre 30 anni di ricerca e sviluppo ed \u00e8 diventato il sistema di biofeedback avanzato pi\u00f9 utilizzato al mondo. Si stima che oltre 100 milioni di sessioni di biofeedback EPR siano state eseguite in tutto il mondo con questi dispositivi e con i loro predecessori dal 1989.<\/p>\n\n\n\n<p>Ci sono molte ragioni per questa popolarit\u00e0, come le vaste applicazioni, l'incorporazione di idee dai sistemi di guarigione tradizionali in tutto il mondo e gli enormi record di sicurezza (\"Primo, non nuocere\"). L'Indigo incorpora anche principi scientifici e medici di frontiera che non solo risuonano con professionisti e partecipanti, ma sembrano incarnare la \"Medicina del futuro\".<\/p>\n\n\n\n<p><strong>Quali sono i vantaggi di Indigo Biofeedback?<\/strong><\/p>\n\n\n\n<p><strong>Il biofeedback pu\u00f2 provocare ...<\/strong><\/p>\n\n\n\n<ul class=\"wp-block-list\"><li>Rilassamento pi\u00f9 rapido ed efficace<\/li><li>Maggiore senso di benessere<\/li><li>Migliore qualit\u00e0 del sonno<\/li><li>Riduzione dello stress e del nervosismo<\/li><li>Riduzione della rabbia, della paura, dell'apprensione e dell'oscurit\u00e0<\/li><li>Diminuzione del dolore generalizzato, specifico o mal di testa<\/li><li>Migliore mobilit\u00e0 e coordinazione muscolare \/ articolare<\/li><li>Flessibilit\u00e0 generale migliorata<\/li><li>Prestazioni atletiche migliorate<\/li><li>Alta chiarezza mentale, memoria e attenzione<\/li><li>Salute generale migliorata<\/li><\/ul>\n\n\n\n<p><\/p>\n\n\n\n<p><strong>Test di reazione allo stress della risposta elettrodermica<\/strong><\/p>\n\n\n\n<p>L'Indigo \u00e8 in grado di eseguire test e funzioni correttive. Pu\u00f2 misurare i parametri dello stress, come l'umidit\u00e0 della pelle, la temperatura e la reattivit\u00e0 elettro-fisiologica (EPR) e ha programmi che accelerano le attivit\u00e0 di guarigione che sono migliorate dalla riduzione dello stress.&nbsp;<\/p>\n\n\n\n<p>Una sessione inizia con<strong>&nbsp;&#8220;<\/strong>un \"Test di reazione allo stress della risposta elettrodermica\", che \u00e8 il processo di misurazione delle risposte elettriche di un partecipante a quasi 12.000 firme trivector (voltammetriche), utilizzando sensori della pelle. Una firma voltammetrica \u00e8 una frequenza vibratoria unica o una \"impronta digitale\" elettromagnetica, che \u00e8 unica per ciascuna sostanza, in base alla sua tensione, amperaggio, resistenza e altri fattori calcolati matematicamente.<\/p>\n\n\n\n<p>Il partecipante indossa elettro-sensori sensibili sulla testa e sulle estremit\u00e0 e questi sono collegati a un computer tramite il dispositivo di biofeedback. Il computer esegue automaticamente il test in circa 4 minuti. Le letture vengono visualizzate sullo schermo.<\/p>\n\n\n\n<p>A differenza della maggior parte dei test medici convenzionali, come gli esami del sangue, i risultati non vengono misurati rispetto a una \"norma\", che \u00e8 un ampio gruppo di persone casuali. Invece, le reazioni vengono confrontate con le reazioni di base del partecipante, determinate durante una calibrazione iniziale. La reattivit\u00e0 non implica \"livelli\", ma solo un significato relativo per il tuo corpo. A causa di queste differenze, i risultati richiedono l'interpretazione e non sono solo diagnostici. Tuttavia, sono altamente specifici per il partecipante, il che fornisce una visione straordinaria del profilo di stress unico (influenze causali) per quell'individuo.&nbsp;<\/p>\n\n\n\n<p>La cosa pi\u00f9 importante che fornisce \u00e8 una previsione basata sulla probabilit\u00e0 della reattivit\u00e0 allo stress dell'individuo, che pu\u00f2 essere utilizzata per scopi educativi e per guidare specifici programmi di formazione sul biofeedback.<\/p>","protected":false},"excerpt":{"rendered":"<p>\u201cQuantum physics has found that there is no empty space in the human cell, but that it is a teeming, electric-magnetic field of possibility or potential.\u201d -Dr. Deepak Chopra What is Indigo Biofeedback? The &nbsp;Indigo Biofeedback System&nbsp;is the fifth generation&nbsp;EPR Biofeedback&nbsp;device. It is the product of over 30 years of research and development, and has [&hellip;]<\/p>\n","protected":false},"author":1,"featured_media":0,"parent":0,"menu_order":0,"comment_status":"closed","ping_status":"closed","template":"template-appointment-sidebar-right.php","meta":{"nf_dc_page":"","_mbp_gutenberg_autopost":false,"footnotes":""},"class_list":["post-146","page","type-page","status-publish","hentry"],"jetpack_sharing_enabled":true,"jetpack_likes_enabled":true,"_links":{"self":[{"href":"https:\/\/bisognaprevenire.com\/it\/wp-json\/wp\/v2\/pages\/146","targetHints":{"allow":["GET"]}}],"collection":[{"href":"https:\/\/bisognaprevenire.com\/it\/wp-json\/wp\/v2\/pages"}],"about":[{"href":"https:\/\/bisognaprevenire.com\/it\/wp-json\/wp\/v2\/types\/page"}],"author":[{"embeddable":true,"href":"https:\/\/bisognaprevenire.com\/it\/wp-json\/wp\/v2\/users\/1"}],"replies":[{"embeddable":true,"href":"https:\/\/bisognaprevenire.com\/it\/wp-json\/wp\/v2\/comments?post=146"}],"version-history":[{"count":5,"href":"https:\/\/bisognaprevenire.com\/it\/wp-json\/wp\/v2\/pages\/146\/revisions"}],"predecessor-version":[{"id":354,"href":"https:\/\/bisognaprevenire.com\/it\/wp-json\/wp\/v2\/pages\/146\/revisions\/354"}],"wp:attachment":[{"href":"https:\/\/bisognaprevenire.com\/it\/wp-json\/wp\/v2\/media?parent=146"}],"curies":[{"name":"wp","href":"https:\/\/api.w.org\/{rel}","templated":true}]}}