{"id":141,"date":"2020-10-02T15:04:25","date_gmt":"2020-10-02T15:04:25","guid":{"rendered":"https:\/\/bisognaprevenire.com\/?page_id=141"},"modified":"2026-02-09T09:21:39","modified_gmt":"2026-02-09T08:21:39","slug":"quantum-biofeedback","status":"publish","type":"page","link":"https:\/\/bisognaprevenire.com\/it\/quantum-biofeedback\/","title":{"rendered":"Quantum Biofeedback"},"content":{"rendered":"<blockquote class=\"wp-block-quote is-layout-flow wp-block-quote-is-layout-flow\"><p><em>\u201cIl corpo \u00e8 adatto per guarire se stesso! Il processo di biofeedback non \u00e8 guarire, ma aiutare il corpo a ricordare lo stato equilibrato e ambiente privo di stress. Quando \u00e8 trascinato verso i modelli pi\u00f9 sani di uno stato rilassato, questo processo di autorigenerazione spesso avviene naturalmente \".<\/em><\/p><cite>\u2014 Quantum World Vision Biofeedback<\/cite><\/blockquote>\n\n\n\n<figure class=\"wp-block-image size-large\"><img data-recalc-dims=\"1\" loading=\"lazy\" decoding=\"async\" width=\"630\" height=\"234\" src=\"https:\/\/i0.wp.com\/bisognaprevenire.com\/wp-content\/uploads\/2020\/10\/biofeedback.jpg?resize=630%2C234&#038;ssl=1\" alt=\"\" class=\"wp-image-155\" srcset=\"https:\/\/i0.wp.com\/bisognaprevenire.com\/wp-content\/uploads\/2020\/10\/biofeedback.jpg?resize=1024%2C381&amp;ssl=1 1024w, https:\/\/i0.wp.com\/bisognaprevenire.com\/wp-content\/uploads\/2020\/10\/biofeedback.jpg?resize=300%2C112&amp;ssl=1 300w, https:\/\/i0.wp.com\/bisognaprevenire.com\/wp-content\/uploads\/2020\/10\/biofeedback.jpg?resize=768%2C286&amp;ssl=1 768w, https:\/\/i0.wp.com\/bisognaprevenire.com\/wp-content\/uploads\/2020\/10\/biofeedback.jpg?resize=1536%2C572&amp;ssl=1 1536w, https:\/\/i0.wp.com\/bisognaprevenire.com\/wp-content\/uploads\/2020\/10\/biofeedback.jpg?resize=2048%2C762&amp;ssl=1 2048w, https:\/\/i0.wp.com\/bisognaprevenire.com\/wp-content\/uploads\/2020\/10\/biofeedback.jpg?resize=1%2C1&amp;ssl=1 1w, https:\/\/i0.wp.com\/bisognaprevenire.com\/wp-content\/uploads\/2020\/10\/biofeedback.jpg?w=1260&amp;ssl=1 1260w, https:\/\/i0.wp.com\/bisognaprevenire.com\/wp-content\/uploads\/2020\/10\/biofeedback.jpg?w=1890&amp;ssl=1 1890w\" sizes=\"auto, (max-width: 630px) 100vw, 630px\" \/><\/figure>\n\n\n\n<h4 class=\"wp-block-heading\">Cos'\u00e8 il biofeedback e come potrebbe aiutarmi?<\/h4>\n\n\n\n<p>Il biofeedback misura vari parametri fisiologici del corpo. Misura l'attivit\u00e0 muscolare, la temperatura della pelle, l'attivit\u00e0 elettrodermica (ghiandole sudoripare), la frequenza cardiaca e la variabilit\u00e0 della frequenza cardiaca. Il sistema Indigo Biofeedback aiuta a gestire e riqualificare i modelli di stress, educa i clienti su informazioni cruciali sullo stress e consente loro di apportare modifiche allo stile di vita per supportare la salute e il benessere generale.<\/p>\n\n\n\n<p>La ricerca medica mostra che i benefici del biofeedback possono includere quanto segue<\/p>\n\n\n\n<ul class=\"wp-block-list\"><li>Capacit\u00e0 di rilassarsi pi\u00f9 rapidamente<\/li><li>Sonno migliorato<\/li><li>Riduzione di stress, tensione e nervosismo<\/li><li>Migliora la salute generale e il senso di benessere<\/li><li>Riduzione di rabbia, paura, apprensione e tristezza<\/li><li>Maggiore mobilit\u00e0 muscolare, coordinazione, flessibilit\u00e0 e prestazioni sportive<\/li><li>Maggiore chiarezza mentale, memoria e migliora l'attenzione<\/li><li>Diminuzione del dolore \/ mal di testa<\/li><\/ul>\n\n\n\n<p>In circa cinque minuti vengono registrate preziose informazioni sulle reazioni di stress dei clienti. Informazioni sulle reazioni a oltre 11.000 firme sottili legate allo stress e parametri fisiologici sono anche riportate per l'educazione del cliente.<\/p>\n\n\n\n<h2 class=\"wp-block-heading\">Il sistema di biofeedback Indigo<\/h2>\n\n\n\n<p>Il sistema Biofeedback Indigo \u2122 \u00e8 stato creato in anni di ricerca nel campo della bioenergetica e utilizza teorie scientifiche e conoscenze tecnologiche simili a dispositivi come ultrasuoni, MRI, Cat SCAN, EEG, EKG, EMG, GSR, TVEP, che misurano tutti body electric al fine di fornire informazioni al cliente sullo stato di salute. Il sistema Biofeedback Indigo \u2122, invece, \u00e8 pi\u00f9 delicato e meno invasivo per il corpo.<\/p>\n\n\n\n<p>\u00c8 la tecnologia pi\u00f9 accurata e sensibile nel suo genere per identificare le reazioni di stress a oltre 10.000 firme algoritmiche voltametriche trivector memorizzate nel suo database, come quelle prese da elementi nutrizionali, formule imponderabili emotive, allersodes, tossine e altro.<\/p>\n\n\n\n<p>Il sofisticato generatore di forme d'onda lavora anche per riattivare l'armonia del corpo fisico ed emotivo affrontando reazioni stressanti aberranti per aiutare il cliente a creare schemi pi\u00f9 coesi e coerenti. Indigo \u2122 consente al professionista di avere un maggiore accesso al profilo dello stress;&nbsp;<strong>\u00e8 un potente strumento per l'educazione del cliente, la riduzione dello stress e il ripristino di un vibrante benessere.<\/strong><\/p>\n\n\n\n<p>Il sistema Biofeedback Indigo \u2122 aiuta a ricollegare i clienti alla loro conoscenza interiore; rivelando la loro innata saggezza per aiutare a identificare dove cambiare lo stile di vita e quali specifiche reazioni di stress gestire. Il corpo umano non viene fornito con un manuale di istruzioni, tuttavia,<strong>&nbsp;il sistema Biofeedback Indigo \u2122 pu\u00f2 fornire gli indizi necessari per creare autocontrollo, vitalit\u00e0 e prosperit\u00e0.<\/strong><\/p>\n\n\n\n<p><a href=\"https:\/\/bisognaprevenire.com\/it\/quantum-biofeedback\/indigo-biofeedback-system\/\" data-type=\"page\" data-id=\"146\" target=\"_blank\" rel=\"noreferrer noopener\">Leggi ulteriori informazioni sul sistema Indigo<\/a><\/p>","protected":false},"excerpt":{"rendered":"<p>\u201cThe body is designed to heal itself! The process of biofeedback is not to heal \u2013 but to help the body remember the balanced and stress free state. When it is entrained to the healthier patterns of a relaxed state, this process of self-regeneration often happens naturally.\u201d \u2014 Quantum World Vision Biofeedback What is biofeedback [&hellip;]<\/p>\n","protected":false},"author":1,"featured_media":0,"parent":0,"menu_order":0,"comment_status":"closed","ping_status":"closed","template":"","meta":{"nf_dc_page":"","_mbp_gutenberg_autopost":false,"footnotes":""},"class_list":["post-141","page","type-page","status-publish","hentry"],"jetpack_sharing_enabled":true,"jetpack_likes_enabled":true,"_links":{"self":[{"href":"https:\/\/bisognaprevenire.com\/it\/wp-json\/wp\/v2\/pages\/141","targetHints":{"allow":["GET"]}}],"collection":[{"href":"https:\/\/bisognaprevenire.com\/it\/wp-json\/wp\/v2\/pages"}],"about":[{"href":"https:\/\/bisognaprevenire.com\/it\/wp-json\/wp\/v2\/types\/page"}],"author":[{"embeddable":true,"href":"https:\/\/bisognaprevenire.com\/it\/wp-json\/wp\/v2\/users\/1"}],"replies":[{"embeddable":true,"href":"https:\/\/bisognaprevenire.com\/it\/wp-json\/wp\/v2\/comments?post=141"}],"version-history":[{"count":5,"href":"https:\/\/bisognaprevenire.com\/it\/wp-json\/wp\/v2\/pages\/141\/revisions"}],"predecessor-version":[{"id":156,"href":"https:\/\/bisognaprevenire.com\/it\/wp-json\/wp\/v2\/pages\/141\/revisions\/156"}],"wp:attachment":[{"href":"https:\/\/bisognaprevenire.com\/it\/wp-json\/wp\/v2\/media?parent=141"}],"curies":[{"name":"wp","href":"https:\/\/api.w.org\/{rel}","templated":true}]}}