{"id":103,"date":"2020-09-18T08:12:37","date_gmt":"2020-09-18T08:12:37","guid":{"rendered":"https:\/\/bisognaprevenire.com\/?page_id=103"},"modified":"2026-02-09T13:45:43","modified_gmt":"2026-02-09T12:45:43","slug":"thompson","status":"publish","type":"page","link":"https:\/\/bisognaprevenire.com\/it\/chiropractic\/thompson\/","title":{"rendered":"la tecnica del Thompson"},"content":{"rendered":"<figure class=\"wp-block-image size-full\"><img loading=\"lazy\" decoding=\"async\" width=\"300\" height=\"200\" src=\"https:\/\/i0.wp.com\/bisognaprevenire.com\/wp-content\/uploads\/2026\/02\/thompson-technique-200-300.jpg?fit=300%2C200&amp;ssl=1\" alt=\"\" class=\"wp-image-764\" srcset=\"https:\/\/i0.wp.com\/bisognaprevenire.com\/wp-content\/uploads\/2026\/02\/thompson-technique-200-300.jpg?w=300&amp;ssl=1 300w, https:\/\/i0.wp.com\/bisognaprevenire.com\/wp-content\/uploads\/2026\/02\/thompson-technique-200-300.jpg?resize=18%2C12&amp;ssl=1 18w\" sizes=\"auto, (max-width: 300px) 100vw, 300px\" \/><\/figure>\n\n\n\n<p class=\"\">La Thompson Technique \u00e8 un metodo di regolazione che prevede l'analisi della lunghezza delle gambe. Questa tecnica utilizza un \"tavolo di caduta\" per il aggiustamento, in cui viene applicata una leggera spinta alle articolazioni, che a sua volta mette in movimento il pezzo di caduta e prende di mira l'articolazione o il tessuto specifico. Dopo aver completato un'analisi di controllo delle gambe, il chiropratico determiner\u00e0 il tipo di disallineamento cervicale, pelvico, ecc., Quindi regola le gambe utilizzando una combinazione di pi\u00f9 spinte su varie articolazioni.<\/p>\n\n\n\n<figure class=\"wp-block-image size-large\"><img data-recalc-dims=\"1\" loading=\"lazy\" decoding=\"async\" width=\"200\" height=\"165\" src=\"https:\/\/i0.wp.com\/bisognaprevenire.com\/wp-content\/uploads\/2020\/09\/thompson.jpg?resize=200%2C165&#038;ssl=1\" alt=\"\" class=\"wp-image-106\" srcset=\"https:\/\/i0.wp.com\/bisognaprevenire.com\/wp-content\/uploads\/2020\/09\/thompson.jpg?w=200&amp;ssl=1 200w, https:\/\/i0.wp.com\/bisognaprevenire.com\/wp-content\/uploads\/2020\/09\/thompson.jpg?resize=1%2C1&amp;ssl=1 1w\" sizes=\"auto, (max-width: 200px) 100vw, 200px\" \/><\/figure>\n\n\n\n<h3 class=\"wp-block-heading\">Le origini della Tecnica Chiropratica Thompson<\/h3>\n\n\n\n<p class=\"\">Il noto chiropratico americano <strong>Dr. J. Clay Thompson<\/strong> svilupp\u00f2 questa tecnica negli anni Cinquanta. Il suo obiettivo era quello di unire i benefici degli aggiustamenti chiropratici tradizionali con le innovazioni meccaniche moderne.<\/p>\n\n\n\n<p class=\"\">Da questa ricerca nacque il suo <strong>lettino a sezioni mobili (drop table)<\/strong>, uno strumento che ancora oggi \u00e8 ampiamente utilizzato dai chiropratici. Sebbene nel tempo gli aspetti manuali della tecnica si siano evoluti, il <strong>lettino drop<\/strong> rimane uno degli elementi fondamentali e distintivi di questo approccio.<\/p>\n\n\n\n<h3 class=\"wp-block-heading\">Principi fondamentali della Tecnica Chiropratica Thompson<\/h3>\n\n\n\n<p class=\"\">La Tecnica Thompson, insieme al lettino dedicato, \u00e8 stata progettata per migliorare la <strong>precisione e l\u2019efficacia degli aggiustamenti spinali<\/strong>, mantenendo al tempo stesso il <strong>massimo comfort per il paziente<\/strong>.<\/p>\n\n\n\n<h3 class=\"wp-block-heading\">Il sistema di \u201cdrop\u201d segmentale<\/h3>\n\n\n\n<p class=\"\">Il <strong>sistema di drop segmentale<\/strong> integrato nel <strong>lettino Thompson Drop Table<\/strong> rappresenta il concetto centrale della Tecnica Chiropratica Thompson.<br>Questo sistema consente al chiropratico di massimizzare l\u2019efficacia di aggiustamenti <strong>delicati, precisi e controllati<\/strong>, mirati a specifici segmenti della colonna vertebrale.<\/p>\n\n\n\n<h3 class=\"wp-block-heading\">Analisi e approccio diagnostico<\/h3>\n\n\n\n<p class=\"\">I chiropratici che utilizzano la Tecnica Thompson si affidano a strumenti di <strong>analisi e diagnostica approfonditi<\/strong> per valutare la condizione del paziente.<br>La valutazione prevede solitamente un esame dettagliato della colonna vertebrale e pu\u00f2 includere l\u2019<strong>analisi della lunghezza degli arti inferiori<\/strong>, oltre alla <strong>palpazione spinale<\/strong>, per individuare eventuali disallineamenti.<\/p>\n\n\n\n<p class=\"\">Questo processo diagnostico accurato permette di identificare con precisione la sede delle disfunzioni e di garantire che gli aggiustamenti siano <strong>specifici e mirati alle articolazioni corrette<\/strong>.<\/p>\n\n\n\n<h3 class=\"wp-block-heading\">Benefici della Tecnica Chiropratica Thompson<\/h3>\n\n\n\n<h4 class=\"wp-block-heading\">Riduzione della forza per un maggiore comfort<\/h4>\n\n\n\n<p class=\"\">La struttura segmentata del <strong>lettino Thompson<\/strong> e i suoi meccanismi di drop consentono al chiropratico di ottenere risultati ottimali senza dover applicare una forza manuale eccessiva.<\/p>\n\n\n\n<p class=\"\">Questa tecnica \u00e8 particolarmente indicata per pazienti che necessitano di aggiustamenti molto delicati, come <strong>anziani<\/strong> o persone con <strong>specifiche condizioni cliniche<\/strong>.<\/p>\n\n\n\n<h4 class=\"wp-block-heading\">Maggiore precisione ed efficacia<\/h4>\n\n\n\n<p class=\"\">Quanto pi\u00f9 un aggiustamento \u00e8 preciso e mirato, tanto migliori saranno i risultati per il paziente.<br>La Tecnica Thompson, grazie alla possibilit\u00e0 di utilizzare <strong>meno forza ottenendo un effetto maggiore<\/strong>, incrementa proporzionalmente i benefici del trattamento.<\/p>\n\n\n\n<p class=\"\">La combinazione tra aggiustamenti manuali e assistenza meccanica offerta dal lettino drop permette al chiropratico di eseguire <strong>correzioni spinali altamente precise ed efficaci<\/strong>.<\/p>\n\n\n\n<h4 class=\"wp-block-heading\">Versatilit\u00e0 e ampia applicazione<\/h4>\n\n\n\n<p class=\"\">La Tecnica Thompson \u00e8 estremamente <strong>versatile<\/strong> e offre benefici a una vasta gamma di pazienti e di problematiche muscoloscheletriche.<\/p>\n\n\n\n<p class=\"\">Pu\u00f2 essere utilizzata con successo per trattare disturbi comuni come <strong>mal di schiena<\/strong> e <strong>cefalee<\/strong> legate a disallineamenti spinali, ma anche per affrontare <strong>problematiche spinali e muscoloscheletriche pi\u00f9 complesse<\/strong>.<\/p>\n\n\n\n<p class=\"\">Inoltre, la sua adattabilit\u00e0 consente al chiropratico di <strong>personalizzare il trattamento<\/strong> in base alle esigenze specifiche di ogni paziente.<\/p>\n\n\n\n<h3 class=\"wp-block-heading\">Conclusione: cos\u2019\u00e8 la Tecnica Chiropratica Thompson?<\/h3>\n\n\n\n<p class=\"\">La Tecnica Chiropratica Thompson si basa sull\u2019utilizzo di un <strong>lettino chiropratico specializzato<\/strong>, il <strong>Thompson Drop Table<\/strong>.<br>Grazie alle sue sezioni meccaniche mobili, il chiropratico pu\u00f2 ottenere risultati paragonabili a quelli di tecniche pi\u00f9 energiche, ma attraverso <strong>aggiustamenti molto pi\u00f9 delicati e mirati<\/strong>.<\/p>\n\n\n\n<p class=\"\">Si tratta di una tecnica altamente adattabile, adatta a un\u2019ampia variet\u00e0 di pazienti e di condizioni muscoloscheletriche.<\/p>","protected":false},"excerpt":{"rendered":"<p>The Thompson Technique is method of adjustment that involves analyzing the length of the legs. This technique uses a \u2018drop table\u2019 for adjustment, where a gentle thrust is applied to the joints, which in turn, sets the drop piece into motion and targets the specific joint or tissue. After completing a leg check analysis, your [&hellip;]<\/p>\n","protected":false},"author":1,"featured_media":0,"parent":72,"menu_order":0,"comment_status":"closed","ping_status":"closed","template":"template-appointment-sidebar-right.php","meta":{"nf_dc_page":"","_mbp_gutenberg_autopost":false,"footnotes":""},"class_list":["post-103","page","type-page","status-publish","hentry"],"jetpack_sharing_enabled":true,"jetpack_likes_enabled":true,"_links":{"self":[{"href":"https:\/\/bisognaprevenire.com\/it\/wp-json\/wp\/v2\/pages\/103","targetHints":{"allow":["GET"]}}],"collection":[{"href":"https:\/\/bisognaprevenire.com\/it\/wp-json\/wp\/v2\/pages"}],"about":[{"href":"https:\/\/bisognaprevenire.com\/it\/wp-json\/wp\/v2\/types\/page"}],"author":[{"embeddable":true,"href":"https:\/\/bisognaprevenire.com\/it\/wp-json\/wp\/v2\/users\/1"}],"replies":[{"embeddable":true,"href":"https:\/\/bisognaprevenire.com\/it\/wp-json\/wp\/v2\/comments?post=103"}],"version-history":[{"count":2,"href":"https:\/\/bisognaprevenire.com\/it\/wp-json\/wp\/v2\/pages\/103\/revisions"}],"predecessor-version":[{"id":765,"href":"https:\/\/bisognaprevenire.com\/it\/wp-json\/wp\/v2\/pages\/103\/revisions\/765"}],"up":[{"embeddable":true,"href":"https:\/\/bisognaprevenire.com\/it\/wp-json\/wp\/v2\/pages\/72"}],"wp:attachment":[{"href":"https:\/\/bisognaprevenire.com\/it\/wp-json\/wp\/v2\/media?parent=103"}],"curies":[{"name":"wp","href":"https:\/\/api.w.org\/{rel}","templated":true}]}}