{"id":100,"date":"2020-09-18T08:06:42","date_gmt":"2020-09-18T08:06:42","guid":{"rendered":"https:\/\/bisognaprevenire.com\/?page_id=100"},"modified":"2026-02-09T13:35:44","modified_gmt":"2026-02-09T12:35:44","slug":"activator","status":"publish","type":"page","link":"https:\/\/bisognaprevenire.com\/it\/chiropractic\/activator\/","title":{"rendered":"Activator\""},"content":{"rendered":"<figure class=\"wp-block-image size-full is-resized\"><img data-recalc-dims=\"1\" loading=\"lazy\" decoding=\"async\" width=\"558\" height=\"560\" src=\"https:\/\/i0.wp.com\/bisognaprevenire.com\/wp-content\/uploads\/2026\/02\/Activator.jpg?resize=558%2C560&#038;ssl=1\" alt=\"\" class=\"wp-image-761\" style=\"aspect-ratio:0.9964686998394864;width:302px;height:auto\" srcset=\"https:\/\/i0.wp.com\/bisognaprevenire.com\/wp-content\/uploads\/2026\/02\/Activator.jpg?w=558&amp;ssl=1 558w, https:\/\/i0.wp.com\/bisognaprevenire.com\/wp-content\/uploads\/2026\/02\/Activator.jpg?resize=300%2C300&amp;ssl=1 300w, https:\/\/i0.wp.com\/bisognaprevenire.com\/wp-content\/uploads\/2026\/02\/Activator.jpg?resize=150%2C150&amp;ssl=1 150w, https:\/\/i0.wp.com\/bisognaprevenire.com\/wp-content\/uploads\/2026\/02\/Activator.jpg?resize=12%2C12&amp;ssl=1 12w\" sizes=\"auto, (max-width: 558px) 100vw, 558px\" \/><\/figure>\n\n\n\n<p class=\"\">La tecnica Activator \u00e8 un approccio delicato e a low-force alla cura chiropratica. La tecnica \u00e8 stata utilizzata in modo sicuro su pazienti di tutte le et\u00e0 dalla fine degli anni '60 portando sollievo a persone con una variet\u00e0 di problemi di salute.<\/p>\n\n\n\n<p class=\"\">Integrando gli ultimi progressi negli esami ortopedici, neurologici e chiropratici, questo sistema unico di somministrazione della manipolazione vertebrale utilizzando l'analisi basata sulla ricerca e lo strumento di regolazione dell'Activator pu\u00f2 aiutare a ripristinare l'equilibrio spinale in modo sicuro e confortevole. A causa della sua efficacia e della sua natura gentile, il metodo Activator \u00e8 cresciuto fino a diventare la tecnica chiropratica strumentale pi\u00f9 utilizzata al mondo. Per ulteriori informazioni,&nbsp;<a href=\"http:\/\/www.activator.com\/chiropractic-conditions\/activator-explained\/\">visita Activator.com<\/a><\/p>\n\n\n\n<figure class=\"wp-block-image size-large\"><img data-recalc-dims=\"1\" loading=\"lazy\" decoding=\"async\" width=\"202\" height=\"91\" src=\"https:\/\/i0.wp.com\/bisognaprevenire.com\/wp-content\/uploads\/2020\/09\/activator.jpg?resize=202%2C91&#038;ssl=1\" alt=\"\" class=\"wp-image-101\" srcset=\"https:\/\/i0.wp.com\/bisognaprevenire.com\/wp-content\/uploads\/2020\/09\/activator.jpg?w=202&amp;ssl=1 202w, https:\/\/i0.wp.com\/bisognaprevenire.com\/wp-content\/uploads\/2020\/09\/activator.jpg?resize=1%2C1&amp;ssl=1 1w\" sizes=\"auto, (max-width: 202px) 100vw, 202px\" \/><\/figure>\n\n\n\n<p class=\"\">La <strong>cura chiropratica<\/strong> \u00e8 un approccio olistico alla salute che si concentra sul sistema muscoloscheletrico, con l\u2019obiettivo di migliorare l\u2019allineamento, alleviare il dolore e favorire il benessere generale. I chiropratici utilizzano diverse tecniche per raggiungere questi obiettivi e uno degli strumenti pi\u00f9 innovativi ed efficaci a loro disposizione \u00e8 il <strong>Metodo Activator<\/strong>, una delle tecniche che utilizzo personalmente in studio.<\/p>\n\n\n\n<p class=\"\">In questa pagina esploreremo i numerosi benefici dell\u2019uso dell\u2019Activator negli aggiustamenti chiropratici e come questo approccio, delicato ma estremamente preciso, possa portare sollievo ai pazienti.<\/p>\n\n\n\n<h3 class=\"wp-block-heading\">Precisione nell\u2019aggiustamento<\/h3>\n\n\n\n<p class=\"\">Il Metodo Activator utilizza uno strumento manuale chiamato <strong>Activator Adjusting Instrument<\/strong>, che consente al chiropratico di eseguire aggiustamenti altamente precisi e accurati. A differenza degli aggiustamenti manuali, che dipendono dalla forza e dalla velocit\u00e0 delle mani del professionista, l\u2019azione meccanica dell\u2019Activator garantisce l\u2019applicazione della giusta quantit\u00e0 di forza esattamente nel punto che necessita correzione.<br>Questa precisione riduce il rischio di sovracorrezioni o fastidi ed \u00e8 particolarmente indicata per pazienti con problematiche spinali specifiche.<\/p>\n\n\n\n<h3 class=\"wp-block-heading\">Riduzione del fastidio<\/h3>\n\n\n\n<p class=\"\">Un\u2019idea diffusa \u00e8 che gli aggiustamenti chiropratici possano essere scomodi o dolorosi. Il Metodo Activator, invece, \u00e8 noto per il suo approccio delicato. La forza erogata dallo strumento \u00e8 rapida e controllata, e comporta un fastidio minimo o nullo per il paziente. Questo rende la chiropratica accessibile anche a chi \u00e8 titubante nei confronti delle manipolazioni manuali tradizionali.<\/p>\n\n\n\n<h3 class=\"wp-block-heading\">Sicurezza e costanza<\/h3>\n\n\n\n<p class=\"\">Il Metodo Activator \u00e8 supportato da numerosi studi scientifici e vanta un solido profilo di sicurezza. I chiropratici formati in questa tecnica sono in grado di eseguire aggiustamenti precisi, riducendo il rischio di lesioni o effetti indesiderati. Inoltre, la costanza dello strumento garantisce che ogni aggiustamento sia identico al precedente, eliminando le variazioni di forza che possono verificarsi con le tecniche manuali.<\/p>\n\n\n\n<h3 class=\"wp-block-heading\">Adatto a tutte le et\u00e0<\/h3>\n\n\n\n<p class=\"\">La chiropratica non \u00e8 riservata solo agli adulti: pu\u00f2 essere utile a persone di tutte le et\u00e0, inclusi neonati e anziani. La natura delicata del Metodo Activator lo rende una scelta eccellente per la chiropratica pediatrica, dove sono necessari aggiustamenti molto delicati. \u00c8 inoltre spesso preferito negli anziani, poich\u00e9 riduce il potenziale disagio associato alle manipolazioni manuali.<\/p>\n\n\n\n<h3 class=\"wp-block-heading\">Efficace per numerose condizioni<\/h3>\n\n\n\n<p class=\"\">Il Metodo Activator \u00e8 estremamente versatile e pu\u00f2 essere utilizzato per trattare un\u2019ampia gamma di disturbi muscoloscheletrici. Che si tratti di mal di schiena cronico, cefalee, sciatalgia o sindrome del tunnel carpale, il chiropratico pu\u00f2 personalizzare gli aggiustamenti con l\u2019Activator in base alle esigenze specifiche del paziente.<\/p>\n\n\n\n<h3 class=\"wp-block-heading\">Miglioramento della mobilit\u00e0 articolare<\/h3>\n\n\n\n<p class=\"\">Molti pazienti riscontrano un miglioramento dell\u2019ampiezza di movimento dopo i trattamenti con l\u2019Activator. Correggendo i disallineamenti della colonna vertebrale e delle articolazioni, questo metodo aiuta a recuperare mobilit\u00e0 e flessibilit\u00e0, risultando particolarmente utile per atleti e per chi \u00e8 in fase di recupero da un infortunio.<\/p>\n\n\n\n<h3 class=\"wp-block-heading\">Piani di trattamento personalizzati<\/h3>\n\n\n\n<p class=\"\">I chiropratici che utilizzano il Metodo Activator elaborano generalmente <strong>piani di trattamento personalizzati<\/strong>, tenendo conto delle esigenze e degli obiettivi individuali del paziente. Questo permette di adattare gli aggiustamenti alla condizione specifica e ai progressi nel tempo.<\/p>\n\n\n\n<h3 class=\"wp-block-heading\">Conclusione<\/h3>\n\n\n\n<p class=\"\">Il Metodo Activator rappresenta uno strumento potente nelle mani di chiropratici qualificati, offrendo <strong>precisione, comfort e sicurezza<\/strong> nel miglioramento della salute muscoloscheletrica. Se stai considerando un percorso chiropratico ma hai dubbi legati al fastidio o all\u2019incertezza, il Metodo Activator potrebbe essere la scelta ideale per te.<br>Guarda questo video di uno dei miei pazienti che si sottopone a un trattamento basato principalmente sull\u2019Activator!<\/p>\n\n\n\n<p class=\"\">Affidandoti a un chiropratico formato in questa tecnica, potrai sperimentare i benefici di aggiustamenti delicati ma efficaci, capaci di favorire l\u2019allineamento, ridurre il dolore e migliorare la qualit\u00e0 della vita.<\/p>","protected":false},"excerpt":{"rendered":"<p>The Activator Method Chiropractic Technique is a gentle, low-force approach to chiropractic care. The technique has been used safely on patients of all ages since the late 1960s, bringing relief to people with a variety of health concerns. Incorporating the latest advances in orthopedic, neurological and chiropractic examinations, this unique system of administering spinal adjustments [&hellip;]<\/p>\n","protected":false},"author":1,"featured_media":0,"parent":72,"menu_order":0,"comment_status":"closed","ping_status":"closed","template":"template-appointment-sidebar-right.php","meta":{"nf_dc_page":"","_mbp_gutenberg_autopost":false,"footnotes":""},"class_list":["post-100","page","type-page","status-publish","hentry"],"jetpack_sharing_enabled":true,"jetpack_likes_enabled":true,"_links":{"self":[{"href":"https:\/\/bisognaprevenire.com\/it\/wp-json\/wp\/v2\/pages\/100","targetHints":{"allow":["GET"]}}],"collection":[{"href":"https:\/\/bisognaprevenire.com\/it\/wp-json\/wp\/v2\/pages"}],"about":[{"href":"https:\/\/bisognaprevenire.com\/it\/wp-json\/wp\/v2\/types\/page"}],"author":[{"embeddable":true,"href":"https:\/\/bisognaprevenire.com\/it\/wp-json\/wp\/v2\/users\/1"}],"replies":[{"embeddable":true,"href":"https:\/\/bisognaprevenire.com\/it\/wp-json\/wp\/v2\/comments?post=100"}],"version-history":[{"count":3,"href":"https:\/\/bisognaprevenire.com\/it\/wp-json\/wp\/v2\/pages\/100\/revisions"}],"predecessor-version":[{"id":763,"href":"https:\/\/bisognaprevenire.com\/it\/wp-json\/wp\/v2\/pages\/100\/revisions\/763"}],"up":[{"embeddable":true,"href":"https:\/\/bisognaprevenire.com\/it\/wp-json\/wp\/v2\/pages\/72"}],"wp:attachment":[{"href":"https:\/\/bisognaprevenire.com\/it\/wp-json\/wp\/v2\/media?parent=100"}],"curies":[{"name":"wp","href":"https:\/\/api.w.org\/{rel}","templated":true}]}}